{"id":6849,"date":"2025-11-09T16:00:56","date_gmt":"2025-11-09T16:00:56","guid":{"rendered":"https:\/\/rockkofertas.com.es\/index.php\/producto\/b0f3db724k\/"},"modified":"2025-11-09T16:00:56","modified_gmt":"2025-11-09T16:00:56","slug":"b0f3db724k","status":"publish","type":"product","link":"https:\/\/rockkofertas.com.es\/index.php\/producto\/b0f3db724k\/","title":{"rendered":"B0F3DB724K"},"content":{"rendered":"<p>&#8211; \u3010Juego combinado 2 en 1\u3011este es un juego que consta de un coj\u00edn de asiento y un coj\u00edn de apoyo lumbar. Estas dos partes est\u00e1n conectadas con una cremallera, lo que te permite utilizarlas juntas o por separado. Las almohadillas de asiento y el coj\u00edn de apoyo de respaldo para sillas de oficina est\u00e1n dise\u00f1ados ergon\u00f3micamente para ayudar a aliviar la presi\u00f3n en la espalda, la parte inferior de la espalda, las caderas y las piernas<br \/>\n&#8211; \u3010Coj\u00edn de asiento de dise\u00f1o \u00fanico\u3011nuestro coj\u00edn de coxis para el dolor de coxis est\u00e1 dise\u00f1ado con una forma ergon\u00f3mica. La forma \u00fanica de corte permite la circulaci\u00f3n del aire y es amigable con las hemorroides, tambi\u00e9n evita la compresi\u00f3n del coxis y la presi\u00f3n del nervio ci\u00e1tico. La zona de apoyo inclinada se adapta a los muslos para la circulaci\u00f3n sangu\u00ednea. La forma contorneada se adapta a la pelvis para apoyo y alivia eficazmente el dolor<br \/>\n&#8211; \u3010Soporte lumbar: mantiene una postura saludable\u3011esta almohada ergon\u00f3mica de apoyo para respaldo de silla curva promueve una postura saludable al contornear para apoyar la curvatura \u00fanica de tu columna vertebral, beneficiosa para aliviar el dolor y la tensi\u00f3n de la parte superior, media e inferior de la espalda al sentarse o conducir durante mucho tiempo<br \/>\n&#8211; \u3010Espuma viscoel\u00e1stica de alta calidad\u3011nuestros cojines de asiento de coche y soporte de respaldo est\u00e1n hechos de espuma viscoel\u00e1stica 100% pura. Ofrece la m\u00e1xima comodidad y mantiene la forma despu\u00e9s de un trabajo sedentario o estudio en lugar de deformaci\u00f3n o colapso. El coj\u00edn para silla de asiento y la almohada de apoyo para el respaldo est\u00e1n envueltos en una funda de almohada de malla con cremallera, c\u00f3moda y transpirable, lavable a m\u00e1quina y f\u00e1cil de limpiar. La parte inferior antideslizante garantiza estabilidad y seguridad al sentarse<br \/>\n&#8211; \u3010Amplias aplicaciones\u3011el juego de coj\u00edn lumbar y coj\u00edn de asiento de espuma viscoel\u00e1stica es un ajuste ideal para aliviar el dolor de espalda de coxis, ci\u00e1tica, hemorroides, coxis, adecuado para asientos de coche, silla de oficina, silla de ruedas, silla de computadora, silla de juego o asiento en un autob\u00fas, avi\u00f3n o tren. Comprueba las dimensiones del producto para asegurarte de que el tama\u00f1o se ajusta a tus necesidades antes de comprar. No dudes en ponerte en contacto con nosotros si tienes alguna pregunta<\/p>\n","protected":false},"excerpt":{"rendered":"<p>2 en 1 Coj\u00edn de asiento y almohada de apoyo lumbar, coj\u00edn ergon\u00f3mico de espuma viscoel\u00e1stica para silla de asiento y soporte de espalda para coxis, ci\u00e1tica, hemorroides, coxis, alivio del dolor<br \/>\n#Publicidad <span class=\"read-more\"><a class=\"more-link btn btn-transparent\" href=\"https:\/\/rockkofertas.com.es\/index.php\/producto\/b0f3db724k\/\">Leer m\u00e1s&#8230;<\/a><\/span><\/p>\n","protected":false},"featured_media":6848,"comment_status":"open","ping_status":"closed","template":"","meta":[],"product_cat":[15],"product_tag":[],"class_list":{"0":"post-6849","1":"product","2":"type-product","3":"status-publish","4":"has-post-thumbnail","6":"product_cat-sin-categorizar","8":"first","9":"instock","10":"shipping-taxable","11":"product-type-external"},"_links":{"self":[{"href":"https:\/\/rockkofertas.com.es\/index.php\/wp-json\/wp\/v2\/product\/6849","targetHints":{"allow":["GET"]}}],"collection":[{"href":"https:\/\/rockkofertas.com.es\/index.php\/wp-json\/wp\/v2\/product"}],"about":[{"href":"https:\/\/rockkofertas.com.es\/index.php\/wp-json\/wp\/v2\/types\/product"}],"replies":[{"embeddable":true,"href":"https:\/\/rockkofertas.com.es\/index.php\/wp-json\/wp\/v2\/comments?post=6849"}],"wp:featuredmedia":[{"embeddable":true,"href":"https:\/\/rockkofertas.com.es\/index.php\/wp-json\/wp\/v2\/media\/6848"}],"wp:attachment":[{"href":"https:\/\/rockkofertas.com.es\/index.php\/wp-json\/wp\/v2\/media?parent=6849"}],"wp:term":[{"taxonomy":"product_cat","embeddable":true,"href":"https:\/\/rockkofertas.com.es\/index.php\/wp-json\/wp\/v2\/product_cat?post=6849"},{"taxonomy":"product_tag","embeddable":true,"href":"https:\/\/rockkofertas.com.es\/index.php\/wp-json\/wp\/v2\/product_tag?post=6849"}],"curies":[{"name":"wp","href":"https:\/\/api.w.org\/{rel}","templated":true}]}}