{"id":6847,"date":"2025-11-09T15:09:49","date_gmt":"2025-11-09T15:09:49","guid":{"rendered":"https:\/\/rockkofertas.com.es\/index.php\/producto\/b0fmpbnpzq\/"},"modified":"2025-11-09T15:09:49","modified_gmt":"2025-11-09T15:09:49","slug":"b0fmpbnpzq","status":"publish","type":"product","link":"https:\/\/rockkofertas.com.es\/index.php\/producto\/b0fmpbnpzq\/","title":{"rendered":"B0FMPBNPZQ"},"content":{"rendered":"<p>&#8211; Bater\u00eda de larga duraci\u00f3n: Las tijera electrica Kolozy cuentan con una bater\u00eda de iones de litio de alta calidad de 2500 mAh, que ofrece de 2 a 4 horas de uso con una carga completa. La bater\u00eda admite hasta 500 ciclos de recarga, superando con creces la vida \u00fatil de las bater\u00edas est\u00e1ndar. El cable de carga es compatible con cualquier dispositivo con puerto USB. Estas tijeras el\u00e9ctricas satisfacen las exigencias de trabajos prolongados al aire libre, simplificando el corte y facilitando su uso.<br \/>\n&#8211; Motor sin escobillas de alta eficiencia: Las tijeras electrica costura Kolozy cuentan con un potente y eficiente motor sin escobillas con una velocidad de hasta 10000 RPM. Esto no solo aumenta la potencia, sino que tambi\u00e9n duplica la eficiencia, haci\u00e9ndola un 200 % m\u00e1s r\u00e1pida que las herramientas manuales, lo que le permite realizar f\u00e1cilmente diversas tareas de corte de alta carga. Adem\u00e1s, utiliza tecnolog\u00eda de bajo ruido para mantener los niveles de ruido por debajo de los 65 dB, garantizando as\u00ed que no le moleste el ruido mientras trabaja.<br \/>\n&#8211; Cuchillas de acero aleado de alta resistencia: Las cuchillas de las tijeras electrica carton Kolozy est\u00e1n fabricadas con acero aleado de alta resistencia y se someten a un tratamiento t\u00e9rmico especial para lograr un equilibrio perfecto entre dureza y tenacidad, lo que las hace m\u00e1s resistentes al desgaste y garantiza cortes limpios y precisos. Un revestimiento protector especial proporciona una excelente resistencia a la corrosi\u00f3n y al \u00f3xido. Tambi\u00e9n se incluye una cuchilla de repuesto, lo que elimina la preocupaci\u00f3n por el desgaste.<br \/>\n&#8211; F\u00e1ciles de usar y con interruptor de seguridad: Las cortador rotativo carton electrica Kolozy son inal\u00e1mbricas, lo que permite moverse con libertad sin restricciones de energ\u00eda. El interruptor de seguridad previene eficazmente la activaci\u00f3n accidental. Una vez cargadas, simplemente presione suavemente el bot\u00f3n para cortar el material deseado. Cada cuchilla cuenta con una cubierta protectora de goma, lo que mejora considerablemente la seguridad.<br \/>\n&#8211; Mango ergon\u00f3mico antideslizante: El mango asim\u00e9trico del tijeras el\u00e9ctricas Kolozy se adapta a la curva natural de la palma, mientras que el revestimiento de goma ABS garantiza un agarre seguro y antideslizante. Dise\u00f1ado para mayor comodidad durante el uso prolongado, las manos permanecen sin fatiga incluso despu\u00e9s de largas sesiones de corte.<br \/>\n&#8211; Amplia gama de aplicaciones: Las cutter el\u00e9ctrico Kolozy son ideales para cortar diversos materiales, como tela, cart\u00f3n, pl\u00e1stico, fieltro, alfombras, cuero y m\u00e1s. Con una profundidad de corte m\u00e1xima de 6,35 mm, son ideales para aficionados al bricolaje, sastres y empaquetadores. Su dise\u00f1o de corte vers\u00e1til satisface las necesidades de diversas aplicaciones, desde manualidades caseras hasta cortes profesionales y reformas del hogar, garantizando una aplicaci\u00f3n universal.<\/p>\n","protected":false},"excerpt":{"rendered":"<p>Kolozy Tijeras Electricas Costura sin Cable, Cortador Carton Recargable 4V Bater\u00eda 2500 mAh 10000 RPM con 2 Cuchillas, Cutter El\u00e9ctrico Apto para Tela Cart\u00f3n Alfombras Fieltro Cuero Pl\u00e1stico<br \/>#Publicidad <span class=\"read-more\"><a class=\"more-link btn btn-transparent\" href=\"https:\/\/rockkofertas.com.es\/index.php\/producto\/b0fmpbnpzq\/\">Leer m\u00e1s&#8230;<\/a><\/span><\/p>\n","protected":false},"featured_media":6846,"comment_status":"open","ping_status":"closed","template":"","meta":[],"product_cat":[15],"product_tag":[],"class_list":{"0":"post-6847","1":"product","2":"type-product","3":"status-publish","4":"has-post-thumbnail","6":"product_cat-sin-categorizar","8":"first","9":"instock","10":"shipping-taxable","11":"product-type-external"},"_links":{"self":[{"href":"https:\/\/rockkofertas.com.es\/index.php\/wp-json\/wp\/v2\/product\/6847","targetHints":{"allow":["GET"]}}],"collection":[{"href":"https:\/\/rockkofertas.com.es\/index.php\/wp-json\/wp\/v2\/product"}],"about":[{"href":"https:\/\/rockkofertas.com.es\/index.php\/wp-json\/wp\/v2\/types\/product"}],"replies":[{"embeddable":true,"href":"https:\/\/rockkofertas.com.es\/index.php\/wp-json\/wp\/v2\/comments?post=6847"}],"wp:featuredmedia":[{"embeddable":true,"href":"https:\/\/rockkofertas.com.es\/index.php\/wp-json\/wp\/v2\/media\/6846"}],"wp:attachment":[{"href":"https:\/\/rockkofertas.com.es\/index.php\/wp-json\/wp\/v2\/media?parent=6847"}],"wp:term":[{"taxonomy":"product_cat","embeddable":true,"href":"https:\/\/rockkofertas.com.es\/index.php\/wp-json\/wp\/v2\/product_cat?post=6847"},{"taxonomy":"product_tag","embeddable":true,"href":"https:\/\/rockkofertas.com.es\/index.php\/wp-json\/wp\/v2\/product_tag?post=6847"}],"curies":[{"name":"wp","href":"https:\/\/api.w.org\/{rel}","templated":true}]}}