{"id":6841,"date":"2025-11-09T12:00:44","date_gmt":"2025-11-09T12:00:44","guid":{"rendered":"https:\/\/rockkofertas.com.es\/index.php\/producto\/b0dj8rxnb6\/"},"modified":"2025-11-09T12:00:44","modified_gmt":"2025-11-09T12:00:44","slug":"b0dj8rxnb6","status":"publish","type":"product","link":"https:\/\/rockkofertas.com.es\/index.php\/producto\/b0dj8rxnb6\/","title":{"rendered":"B0DJ8RXNB6"},"content":{"rendered":"<p>&#8211; \u3010Todo en Uno Universal Powerbank\u3011QODJN bater\u00eda externa cuenta con 3 cables incorporados( iOS\/Tipo-C\/Tipo-A) y 3 puertos USB(USB A, QC, USB C). Compatible con casi TODOS los dispositivos USB, como iPhone Series, Samsung Series y otros tel\u00e9fonos Android, tabletas etc, ofreciendo una fuerte versatilidad cuando viaja, acampa u otras actividades al aire libre. Con sus cables incorporados, elimina la molestia de llevar un mont\u00f3n de cables, por lo que es el m\u00e1s poderoso esencial para usted.<br \/>\n&#8211; \u3010Bater\u00eda Externa de Carga R\u00e1pida PD 25W con USB C IN&amp;OUT\u3011Este cargador port\u00e1til construido en 25W USB C de salida y la \u00faltima tecnolog\u00eda de carga r\u00e1pida PD &amp; QC 4.0, incre\u00edblemente r\u00e1pido de combustible de su tel\u00e9fono de 20% a 70% en 30mins, casi 3X m\u00e1s r\u00e1pido que los cargadores originales. \u00a1Desh\u00e1gase de la ansiedad de la bater\u00eda baja, no hay necesidad de esperar a la carga sin fin! El puerto USB C sirve como entrada y salida, se adapta a iPhone 16\/15 y todos los pr\u00f3ximos dispositivos USB C.<br \/>\n&#8211; \u301026800mAh Bateria Port\u00e1til Carga 5 Dispositivos Simult\u00e1neamente\u3011Con 5 salidas, soporta la carga simult\u00e1nea de hasta 5 dispositivos y se recarga con 2 opciones(cable USB A\/puerto USB C). 26800mAh de alta capacidad puede mantener la energ\u00eda de sus dispositivos durante d\u00edas. Un buen ayudante para los viajes a largo plazo y para los usuarios para aquellos que tienen dispositivos de alto consumo de energ\u00eda las necesidades de carga.<br \/>\n&#8211; \u3010Mismo Tama\u00f1o pero Mayor Capacidad &amp; Control Inteligente IC\u3011Adopta la nueva bater\u00eda de pol\u00edmero de litio de alta densidad, antiexplosi\u00f3n, compacta,segura, fiable y de larga vida \u00fatil, que tiene una mayor capacidad bajo el mismo volumen. Tama\u00f1o compacto:5.90*2.67*1.18in, pesa unos 400g. La bater\u00eda externa tambi\u00e9n est\u00e1 equipado con la \u00faltima importaci\u00f3n inteligente de control IC y 10 de protecci\u00f3n del sistema m\u00faltiple para evitar la sobrecarga, cortocircuito y una serie de peligros potenciales.<br \/>\n&#8211; \u3010Pantalla Digital LCD &amp; Compra Sin Preocupaciones\u3011La bater\u00eda port\u00e1til incorporada pantalla LCD de alta resoluci\u00f3n, en forma digital, muestra con precisi\u00f3n la energ\u00eda restante, por lo que puede ser consciente y recargar el cargador port\u00e1til a tiempo.\u3010What You Get\u30111 x bater\u00eda externa, 1 x manual de usuario, 1 x cable USB C, junto con soporte t\u00e9cnico de por vida y servicio en l\u00ednea 24H. Si tiene alguna pregunta, cont\u00e1ctenos a trav\u00e9s de Amazon.<\/p>\n","protected":false},"excerpt":{"rendered":"<p>Power Bank 26800mAh Bateria Externa con 3 Cable Integrado, PD 25W QC4.0 Bateria Portatil Carga R\u00e1pida USB C Cargador Port\u00e1til con 5 Salidas para iPhone 16\/15\/14, Samsung, Huawei Tel\u00e9fonos Android etc.<br \/>\n#Publicidad <span class=\"read-more\"><a class=\"more-link btn btn-transparent\" href=\"https:\/\/rockkofertas.com.es\/index.php\/producto\/b0dj8rxnb6\/\">Leer m\u00e1s&#8230;<\/a><\/span><\/p>\n","protected":false},"featured_media":6840,"comment_status":"open","ping_status":"closed","template":"","meta":[],"product_cat":[15],"product_tag":[],"class_list":{"0":"post-6841","1":"product","2":"type-product","3":"status-publish","4":"has-post-thumbnail","6":"product_cat-sin-categorizar","8":"first","9":"instock","10":"shipping-taxable","11":"product-type-external"},"_links":{"self":[{"href":"https:\/\/rockkofertas.com.es\/index.php\/wp-json\/wp\/v2\/product\/6841","targetHints":{"allow":["GET"]}}],"collection":[{"href":"https:\/\/rockkofertas.com.es\/index.php\/wp-json\/wp\/v2\/product"}],"about":[{"href":"https:\/\/rockkofertas.com.es\/index.php\/wp-json\/wp\/v2\/types\/product"}],"replies":[{"embeddable":true,"href":"https:\/\/rockkofertas.com.es\/index.php\/wp-json\/wp\/v2\/comments?post=6841"}],"wp:featuredmedia":[{"embeddable":true,"href":"https:\/\/rockkofertas.com.es\/index.php\/wp-json\/wp\/v2\/media\/6840"}],"wp:attachment":[{"href":"https:\/\/rockkofertas.com.es\/index.php\/wp-json\/wp\/v2\/media?parent=6841"}],"wp:term":[{"taxonomy":"product_cat","embeddable":true,"href":"https:\/\/rockkofertas.com.es\/index.php\/wp-json\/wp\/v2\/product_cat?post=6841"},{"taxonomy":"product_tag","embeddable":true,"href":"https:\/\/rockkofertas.com.es\/index.php\/wp-json\/wp\/v2\/product_tag?post=6841"}],"curies":[{"name":"wp","href":"https:\/\/api.w.org\/{rel}","templated":true}]}}