{"id":6839,"date":"2025-11-09T10:22:28","date_gmt":"2025-11-09T10:22:28","guid":{"rendered":"https:\/\/rockkofertas.com.es\/index.php\/producto\/b0fzp3ggjr-2\/"},"modified":"2025-11-09T10:22:28","modified_gmt":"2025-11-09T10:22:28","slug":"b0fzp3ggjr-2","status":"publish","type":"product","link":"https:\/\/rockkofertas.com.es\/index.php\/producto\/b0fzp3ggjr-2\/","title":{"rendered":"B0FZP3GGJR"},"content":{"rendered":"<p>&#8211; La Bolsa de Envasado al vac\u00edo m\u00e1s vendida en Europa. Alta Calidad de resistencai. Reusable<br \/>\n&#8211; Para envasadoras dom\u00e9sticas de todo tipo.Tienen una cara lisa y otra gofrada que permite la extracci\u00f3n del aire. Son aptas para casi todas las envasadoras dom\u00e9sticas, como Lacor, Oster Foodsaver, Garhe, Philips-Saeco, Magic Vac, Orved, etc.<br \/>\n&#8211; Dise\u00f1o gofre rallado por una cara.<br \/>\n&#8211; Manejable y f\u00e1cil de envasar.<br \/>\n&#8211; Fabricado en Europa.<\/p>\n","protected":false},"excerpt":{"rendered":"<p>100 Bolsas 300&#215;400 de Envasado al vac\u00edo gofradas &#8211; Envio 24 h &#8211; Alta Resistencia &#8211; F\u00e1cil envasado dom\u00e9stico o profesional &#8211; Compatible con todas las Envasadoras &#8211; Bolsas reutilizables (300&#215;400)<br \/>#Publicidad <span class=\"read-more\"><a class=\"more-link btn btn-transparent\" href=\"https:\/\/rockkofertas.com.es\/index.php\/producto\/b0fzp3ggjr-2\/\">Leer m\u00e1s&#8230;<\/a><\/span><\/p>\n","protected":false},"featured_media":6838,"comment_status":"open","ping_status":"closed","template":"","meta":[],"product_cat":[15],"product_tag":[],"class_list":{"0":"post-6839","1":"product","2":"type-product","3":"status-publish","4":"has-post-thumbnail","6":"product_cat-sin-categorizar","8":"first","9":"instock","10":"shipping-taxable","11":"product-type-external"},"_links":{"self":[{"href":"https:\/\/rockkofertas.com.es\/index.php\/wp-json\/wp\/v2\/product\/6839","targetHints":{"allow":["GET"]}}],"collection":[{"href":"https:\/\/rockkofertas.com.es\/index.php\/wp-json\/wp\/v2\/product"}],"about":[{"href":"https:\/\/rockkofertas.com.es\/index.php\/wp-json\/wp\/v2\/types\/product"}],"replies":[{"embeddable":true,"href":"https:\/\/rockkofertas.com.es\/index.php\/wp-json\/wp\/v2\/comments?post=6839"}],"wp:featuredmedia":[{"embeddable":true,"href":"https:\/\/rockkofertas.com.es\/index.php\/wp-json\/wp\/v2\/media\/6838"}],"wp:attachment":[{"href":"https:\/\/rockkofertas.com.es\/index.php\/wp-json\/wp\/v2\/media?parent=6839"}],"wp:term":[{"taxonomy":"product_cat","embeddable":true,"href":"https:\/\/rockkofertas.com.es\/index.php\/wp-json\/wp\/v2\/product_cat?post=6839"},{"taxonomy":"product_tag","embeddable":true,"href":"https:\/\/rockkofertas.com.es\/index.php\/wp-json\/wp\/v2\/product_tag?post=6839"}],"curies":[{"name":"wp","href":"https:\/\/api.w.org\/{rel}","templated":true}]}}