{"id":6837,"date":"2025-11-09T09:53:00","date_gmt":"2025-11-09T09:53:00","guid":{"rendered":"https:\/\/rockkofertas.com.es\/index.php\/producto\/b0fl28yqbd-2\/"},"modified":"2025-11-09T09:53:00","modified_gmt":"2025-11-09T09:53:00","slug":"b0fl28yqbd-2","status":"publish","type":"product","link":"https:\/\/rockkofertas.com.es\/index.php\/producto\/b0fl28yqbd-2\/","title":{"rendered":"B0FL28YQBD"},"content":{"rendered":"<p>&#8211; \u3010Calentador de manos el\u00e9ctrico 2 en 1\u3011Un juego de 2 calentadores de manos sim\u00e9tricos que se combinan para formar un calentador del tama\u00f1o de la palma de la mano, proporcionando calor total. Tambi\u00e9n se pueden usar por separado, con cada mano, o compartir uno con la familia. Su dise\u00f1o port\u00e1til de bolsillo es ideal para viajes, caza, golf, senderismo, camping, esqu\u00ed y mucho m\u00e1s.<br \/>\n&#8211; \u3010Chip sensor de temperatura con IA y 3 niveles de calor\u3011Los calentadores de manos FANDLISS incorporan un chip inteligente de control de temperatura con IA, que ofrece 3 niveles de control preciso de liberaci\u00f3n de calor, retroalimentaci\u00f3n y gu\u00eda. Al analizar y reconocer continuamente la temperatura entre el calentador y tus manos, garantiza un control preciso del calor para una comodidad \u00f3ptima y un calentamiento seguro. M\u00e1ximo de 52 \u00b0C<br \/>\n&#8211; \u3010Calor m\u00e1s duradero\u3011Con una bater\u00eda de 8000 mAh y nuestro \u00faltimo chip inteligente de control por IA, este calentador de manos el\u00e9ctrico recargable te proporciona de 6 a 10 horas de calor durante el fr\u00edo invierno. Satisface sin esfuerzo las necesidades de todo el d\u00eda. Los indicadores luminosos de 3 niveles te informan sobre la bater\u00eda restante y el estado de la calefacci\u00f3n. El cable de carga tipo C incluido permite cargar r\u00e1pidamente el calentador de manos.<br \/>\n&#8211; \u3010Alto rendimiento y seguridad\u3011Este calentador de manos est\u00e1 fabricado con una bater\u00eda de litio avanzada, aluminio y ABS, y cuenta con un sistema de protecci\u00f3n inteligente integrado para prevenir problemas comunes como fluctuaciones de energ\u00eda, cortocircuitos y sobrecargas. Es ign\u00edfugo, a prueba de explosiones y libre de radiaci\u00f3n, lo que te da tranquilidad.<br \/>\n&#8211; \u3010Regalo ideal para el calor en invierno\u3011En el fr\u00edo invierno, nuestros calentadores de manos son el regalo ideal para Acci\u00f3n de Gracias, Navidad, A\u00f1o Nuevo, cumplea\u00f1os y San Valent\u00edn, para regalar a familiares y amigos. Mantienen tus manos calientes todo el d\u00eda mientras trabajas en la oficina, asistes a clases, acampas, cazas o realizas cualquier actividad al aire libre durante el fr\u00edo invierno.<\/p>\n","protected":false},"excerpt":{"rendered":"<p>FANDLISS Calentador de Manos Recargable,8000mAh Mango Calentador Reutilizable Dise\u00f1o Magn\u00e9tico,3 Niveles de Calor Calentador de Manos Port\u00e1til para Deportes al Aire Libre,Camping,Senderismo-Amarillo<br \/>#Publicidad <span class=\"read-more\"><a class=\"more-link btn btn-transparent\" href=\"https:\/\/rockkofertas.com.es\/index.php\/producto\/b0fl28yqbd-2\/\">Leer m\u00e1s&#8230;<\/a><\/span><\/p>\n","protected":false},"featured_media":6836,"comment_status":"open","ping_status":"closed","template":"","meta":[],"product_cat":[15],"product_tag":[],"class_list":{"0":"post-6837","1":"product","2":"type-product","3":"status-publish","4":"has-post-thumbnail","6":"product_cat-sin-categorizar","8":"first","9":"instock","10":"shipping-taxable","11":"product-type-external"},"_links":{"self":[{"href":"https:\/\/rockkofertas.com.es\/index.php\/wp-json\/wp\/v2\/product\/6837","targetHints":{"allow":["GET"]}}],"collection":[{"href":"https:\/\/rockkofertas.com.es\/index.php\/wp-json\/wp\/v2\/product"}],"about":[{"href":"https:\/\/rockkofertas.com.es\/index.php\/wp-json\/wp\/v2\/types\/product"}],"replies":[{"embeddable":true,"href":"https:\/\/rockkofertas.com.es\/index.php\/wp-json\/wp\/v2\/comments?post=6837"}],"wp:featuredmedia":[{"embeddable":true,"href":"https:\/\/rockkofertas.com.es\/index.php\/wp-json\/wp\/v2\/media\/6836"}],"wp:attachment":[{"href":"https:\/\/rockkofertas.com.es\/index.php\/wp-json\/wp\/v2\/media?parent=6837"}],"wp:term":[{"taxonomy":"product_cat","embeddable":true,"href":"https:\/\/rockkofertas.com.es\/index.php\/wp-json\/wp\/v2\/product_cat?post=6837"},{"taxonomy":"product_tag","embeddable":true,"href":"https:\/\/rockkofertas.com.es\/index.php\/wp-json\/wp\/v2\/product_tag?post=6837"}],"curies":[{"name":"wp","href":"https:\/\/api.w.org\/{rel}","templated":true}]}}