{"id":6835,"date":"2025-11-09T09:18:40","date_gmt":"2025-11-09T09:18:40","guid":{"rendered":"https:\/\/rockkofertas.com.es\/index.php\/producto\/b0dzcz74sg\/"},"modified":"2025-11-09T09:18:40","modified_gmt":"2025-11-09T09:18:40","slug":"b0dzcz74sg","status":"publish","type":"product","link":"https:\/\/rockkofertas.com.es\/index.php\/producto\/b0dzcz74sg\/","title":{"rendered":"B0DZCZ74SG"},"content":{"rendered":"<p>&#8211; \u2605 Guardi\u00e1n de larga duraci\u00f3n las 24 horas \u2605 La tecnolog\u00eda ultras\u00f3nica aleja silenciosamente a los ratones, f\u00e1cil de transportar y una peque\u00f1a bater\u00eda es suficiente. Puede cargar con adaptador USB, instalar bater\u00edas, conectar la alimentaci\u00f3n del veh\u00edculo (conveniente y tres opciones)<br \/>\n&#8211; \u2605 Buena calidad \u2605 La buena calidad es inseparable de los mejores materiales: la carcasa principal est\u00e1 hecha de material ABS ign\u00edfugo, que tiene una fuerte resistencia a altas temperaturas y durabilidad garantizada.<br \/>\n&#8211; \u2605 Dispositivo dom\u00e9stico eficaz: ya que las ratas, ratas, martas, ardillas, ardillas y otros roedores destructivos a menudo reparan en un rinc\u00f3n oculto y da\u00f1an su propiedad. Este repelente de roedores para motores de coche puede perturbar el sistema nervioso central de los roedores con las luces ultras\u00f3nicas de alta frecuencia que cambian y LED estrobosc\u00f3picos<br \/>\n&#8211; \u2605 Seguridad \u2605 Adoptando la \u00faltima tecnolog\u00eda, este repelente de ratones emite diferentes frecuencias de onda ultras\u00f3nica para irritar el sistema nervioso de insectos y ratas, haci\u00e9ndolos sentir inc\u00f3modos y huir gradualmente. Los cambios intermitentes en la frecuencia del ultrasonido les impide desarrollar inmunidad y adaptabilidad. Utilizar ultrasonidos para conducir roedores, eficaces y no t\u00f3xicos, no plantear\u00e1 una amenaza para la salud<br \/>\n&#8211; \u2605 Evita el ataque de coches \u2605 Los animales peque\u00f1os y roedores pueden masticar a trav\u00e9s de los cables, poniendo un peligro para la seguridad de los automovilistas. Evita que las mascotas molestas da\u00f1en las partes del coche y se hagan da\u00f1o a s\u00ed mismos o a los dem\u00e1s.<\/p>\n","protected":false},"excerpt":{"rendered":"<p>Repelente para ratones, ultrasonidos para ratas, ultrasonidos ratones y ratas con luz LED repelente ultras\u00f3nico disuasores para ratones, roedores, par\u00e1sitos, ratas, ara\u00f1as, polillas y hormigas<br \/>#Publicidad <span class=\"read-more\"><a class=\"more-link btn btn-transparent\" href=\"https:\/\/rockkofertas.com.es\/index.php\/producto\/b0dzcz74sg\/\">Leer m\u00e1s&#8230;<\/a><\/span><\/p>\n","protected":false},"featured_media":6834,"comment_status":"open","ping_status":"closed","template":"","meta":[],"product_cat":[15],"product_tag":[],"class_list":{"0":"post-6835","1":"product","2":"type-product","3":"status-publish","4":"has-post-thumbnail","6":"product_cat-sin-categorizar","8":"first","9":"instock","10":"shipping-taxable","11":"product-type-external"},"_links":{"self":[{"href":"https:\/\/rockkofertas.com.es\/index.php\/wp-json\/wp\/v2\/product\/6835","targetHints":{"allow":["GET"]}}],"collection":[{"href":"https:\/\/rockkofertas.com.es\/index.php\/wp-json\/wp\/v2\/product"}],"about":[{"href":"https:\/\/rockkofertas.com.es\/index.php\/wp-json\/wp\/v2\/types\/product"}],"replies":[{"embeddable":true,"href":"https:\/\/rockkofertas.com.es\/index.php\/wp-json\/wp\/v2\/comments?post=6835"}],"wp:featuredmedia":[{"embeddable":true,"href":"https:\/\/rockkofertas.com.es\/index.php\/wp-json\/wp\/v2\/media\/6834"}],"wp:attachment":[{"href":"https:\/\/rockkofertas.com.es\/index.php\/wp-json\/wp\/v2\/media?parent=6835"}],"wp:term":[{"taxonomy":"product_cat","embeddable":true,"href":"https:\/\/rockkofertas.com.es\/index.php\/wp-json\/wp\/v2\/product_cat?post=6835"},{"taxonomy":"product_tag","embeddable":true,"href":"https:\/\/rockkofertas.com.es\/index.php\/wp-json\/wp\/v2\/product_tag?post=6835"}],"curies":[{"name":"wp","href":"https:\/\/api.w.org\/{rel}","templated":true}]}}