{"id":6833,"date":"2025-11-09T09:04:55","date_gmt":"2025-11-09T09:04:55","guid":{"rendered":"https:\/\/rockkofertas.com.es\/index.php\/producto\/b0ch854zpl-2\/"},"modified":"2025-11-09T09:04:55","modified_gmt":"2025-11-09T09:04:55","slug":"b0ch854zpl-2","status":"publish","type":"product","link":"https:\/\/rockkofertas.com.es\/index.php\/producto\/b0ch854zpl-2\/","title":{"rendered":"B0CH854ZPL"},"content":{"rendered":"<p>&#8211; Innovador dise\u00f1o a presi\u00f3n: el juego de calentadores de manos recargables de 2 piezas cuenta con un dise\u00f1o de clip dividido giratorio para una f\u00e1cil apertura y cierre. Los calentadores de manos se pueden utilizar individualmente para mantener tus manos calientes o combinados para convertirse en un calentador de manos calentado de doble cara. Los calentadores de manos reutilizables proporcionan alivio del estr\u00e9s mientras garantizan que tus manos se mantengan calientes con el dise\u00f1o de broche giratorio.<br \/>\n&#8211; [3 temperaturas ajustables] El calentador de manos recargable se ajusta a 3 niveles de diferentes temperaturas. Baja temperatura: 40-45 \u00b0C\/40.0-45.0 \u00b0C, temperatura media: 45-50 \u00b0C\/45.0-50.0 \u00b0C, y alta temperatura: 50-55 \u00b0C\/50.0-55.0 \u00b0C. Calor personalizado disponible. Disfruta de hasta 13 horas de tiempo de calentamiento a baja temperatura para satisfacer tus diferentes necesidades.<br \/>\n&#8211; Calentamiento r\u00e1pido: el calentador de manos electr\u00f3nico libera calor en un corto per\u00edodo de tiempo despu\u00e9s de encenderlo. Se calienta en 3 segundos y te aporta calor r\u00e1pidamente sin esperar mucho tiempo. No hay necesidad de esperar mucho tiempo para calentarse. Calidez r\u00e1pida y oportuna, para que puedas decir adi\u00f3s al fr\u00edo.<br \/>\n&#8211; Compacto y port\u00e1til: los calentadores de manos calientes son peque\u00f1os en tama\u00f1o y ligeros en peso. F\u00e1cil de llevar, cuando salgas, puedes ponerlo f\u00e1cilmente en tu bolsillo sin ocupar espacio adicional, es una buena opci\u00f3n para el trabajo al aire libre, camping, caza, etc<br \/>\n&#8211; Producto de alta calidad: los calentadores de manos recargables est\u00e1n equipados con un sistema de protecci\u00f3n inteligente que soporta protecci\u00f3n contra sobrecarga, protecci\u00f3n contra sobrecalentamiento, protecci\u00f3n contra sobretensi\u00f3n, protecci\u00f3n contra cortocircuitos y mucho m\u00e1s. Calentador de manos port\u00e1til de alta calidad y seguro que aporta tranquilidad a tu vida. Regalo ideal para calentar las manos en invierno<\/p>\n","protected":false},"excerpt":{"rendered":"<p>2 Paquetes Calentador de Manos Recargable,FANDLISS 2025 Nuevo 5200mAH Dividido Desmontable Calienta Manos de Bolsillo Calienta Manos El\u00e9ctrico Port\u00e1til para Camping,Golf,Invierno Aire Libre -Negro<br \/>#Publicidad <span class=\"read-more\"><a class=\"more-link btn btn-transparent\" href=\"https:\/\/rockkofertas.com.es\/index.php\/producto\/b0ch854zpl-2\/\">Leer m\u00e1s&#8230;<\/a><\/span><\/p>\n","protected":false},"featured_media":6832,"comment_status":"open","ping_status":"closed","template":"","meta":[],"product_cat":[15],"product_tag":[],"class_list":{"0":"post-6833","1":"product","2":"type-product","3":"status-publish","4":"has-post-thumbnail","6":"product_cat-sin-categorizar","8":"first","9":"instock","10":"shipping-taxable","11":"product-type-external"},"_links":{"self":[{"href":"https:\/\/rockkofertas.com.es\/index.php\/wp-json\/wp\/v2\/product\/6833","targetHints":{"allow":["GET"]}}],"collection":[{"href":"https:\/\/rockkofertas.com.es\/index.php\/wp-json\/wp\/v2\/product"}],"about":[{"href":"https:\/\/rockkofertas.com.es\/index.php\/wp-json\/wp\/v2\/types\/product"}],"replies":[{"embeddable":true,"href":"https:\/\/rockkofertas.com.es\/index.php\/wp-json\/wp\/v2\/comments?post=6833"}],"wp:featuredmedia":[{"embeddable":true,"href":"https:\/\/rockkofertas.com.es\/index.php\/wp-json\/wp\/v2\/media\/6832"}],"wp:attachment":[{"href":"https:\/\/rockkofertas.com.es\/index.php\/wp-json\/wp\/v2\/media?parent=6833"}],"wp:term":[{"taxonomy":"product_cat","embeddable":true,"href":"https:\/\/rockkofertas.com.es\/index.php\/wp-json\/wp\/v2\/product_cat?post=6833"},{"taxonomy":"product_tag","embeddable":true,"href":"https:\/\/rockkofertas.com.es\/index.php\/wp-json\/wp\/v2\/product_tag?post=6833"}],"curies":[{"name":"wp","href":"https:\/\/api.w.org\/{rel}","templated":true}]}}