{"id":6831,"date":"2025-11-09T08:00:52","date_gmt":"2025-11-09T08:00:52","guid":{"rendered":"https:\/\/rockkofertas.com.es\/index.php\/producto\/b06vwd6xsv\/"},"modified":"2025-11-09T08:00:52","modified_gmt":"2025-11-09T08:00:52","slug":"b06vwd6xsv","status":"publish","type":"product","link":"https:\/\/rockkofertas.com.es\/index.php\/producto\/b06vwd6xsv\/","title":{"rendered":"B06VWD6XSV"},"content":{"rendered":"<p>&#8211; LOTE SARTENES: este lote contiene 3 sartenes de 18-22-26 cm con dos salvamanteles BRA Safe rojo de regalo.<br \/>\n&#8211; ALUMINIO FUNDIDO: est\u00e1 fabricada en aluminio fundido de 5,5 mm con un potente antiadherente de dise\u00f1o moderno libre de PFOA.<br \/>\n&#8211; APTA PARA TODO TIPO DE COCINAS: son aptas para todas las fuentes de calor (incluida la inducci\u00f3n) gracias a su fondo difusor full induction. Ofrece una proyecci\u00f3n de la temperatura para una cocci\u00f3n \u00f3ptima de los alimentos.<br \/>\n&#8211; MANGO ERGON\u00d3MICO: mango ergon\u00f3mico en color negro con silicona de color rojo para un agarre m\u00e1s seguro.<br \/>\n&#8211; F\u00c1CIL LIMPIEZA: su fondo antiadherente permite una c\u00f3moda limpieza sin rascado.<\/p>\n","protected":false},"excerpt":{"rendered":"<p>BRA Premiere Set de 3 sartenes, aluminio fundido antiadherente, aptas para todo tipo de cocinas, incluido inducci\u00f3n, Color Negro Con Silicona Roja, 18|22|26 cm<br \/>\n#Publicidad <span class=\"read-more\"><a class=\"more-link btn btn-transparent\" href=\"https:\/\/rockkofertas.com.es\/index.php\/producto\/b06vwd6xsv\/\">Leer m\u00e1s&#8230;<\/a><\/span><\/p>\n","protected":false},"featured_media":6830,"comment_status":"open","ping_status":"closed","template":"","meta":[],"product_cat":[15],"product_tag":[],"class_list":{"0":"post-6831","1":"product","2":"type-product","3":"status-publish","4":"has-post-thumbnail","6":"product_cat-sin-categorizar","8":"first","9":"instock","10":"shipping-taxable","11":"product-type-external"},"_links":{"self":[{"href":"https:\/\/rockkofertas.com.es\/index.php\/wp-json\/wp\/v2\/product\/6831","targetHints":{"allow":["GET"]}}],"collection":[{"href":"https:\/\/rockkofertas.com.es\/index.php\/wp-json\/wp\/v2\/product"}],"about":[{"href":"https:\/\/rockkofertas.com.es\/index.php\/wp-json\/wp\/v2\/types\/product"}],"replies":[{"embeddable":true,"href":"https:\/\/rockkofertas.com.es\/index.php\/wp-json\/wp\/v2\/comments?post=6831"}],"wp:featuredmedia":[{"embeddable":true,"href":"https:\/\/rockkofertas.com.es\/index.php\/wp-json\/wp\/v2\/media\/6830"}],"wp:attachment":[{"href":"https:\/\/rockkofertas.com.es\/index.php\/wp-json\/wp\/v2\/media?parent=6831"}],"wp:term":[{"taxonomy":"product_cat","embeddable":true,"href":"https:\/\/rockkofertas.com.es\/index.php\/wp-json\/wp\/v2\/product_cat?post=6831"},{"taxonomy":"product_tag","embeddable":true,"href":"https:\/\/rockkofertas.com.es\/index.php\/wp-json\/wp\/v2\/product_tag?post=6831"}],"curies":[{"name":"wp","href":"https:\/\/api.w.org\/{rel}","templated":true}]}}