{"id":6829,"date":"2025-11-09T04:00:41","date_gmt":"2025-11-09T04:00:41","guid":{"rendered":"https:\/\/rockkofertas.com.es\/index.php\/producto\/b0c6fj77hm-2\/"},"modified":"2025-11-09T04:00:41","modified_gmt":"2025-11-09T04:00:41","slug":"b0c6fj77hm-2","status":"publish","type":"product","link":"https:\/\/rockkofertas.com.es\/index.php\/producto\/b0c6fj77hm-2\/","title":{"rendered":"B0C6FJ77HM"},"content":{"rendered":"<p>&#8211; Bol\u00edgrafo Parker con dise\u00f1o met\u00e1lico en bermell\u00f3n, desde los detalles hasta el plum\u00edn<br \/>\n&#8211; Esta pluma estilogr\u00e1fica de lujo presenta un dise\u00f1o moderno y elegante, perfecto para j\u00f3venes profesionales y su lugar de trabajo<br \/>\n&#8211; Los exclusivos detalles en PVD ofrecen una resistencia superior al desgaste y la corrosi\u00f3n, as\u00ed como un look inconfundible<br \/>\n&#8211; Punta de bol\u00edgrafo click-action y tinta QuinkFlow de gran fiabilidad para un trazado uniforme y fluido dondequiera que escriba<br \/>\n&#8211; Se presenta en un estuche de regalo de Parker con recambios, y es un regalo sofisticado para j\u00f3venes profesionales<\/p>\n","protected":false},"excerpt":{"rendered":"<p>Bol\u00edgrafo roller Parker IM Monochrome | Tinta negra | Acabado y detalles en bermell\u00f3n | Punta fina | Estuche de regalo<br \/>\n#Publicidad <span class=\"read-more\"><a class=\"more-link btn btn-transparent\" href=\"https:\/\/rockkofertas.com.es\/index.php\/producto\/b0c6fj77hm-2\/\">Leer m\u00e1s&#8230;<\/a><\/span><\/p>\n","protected":false},"featured_media":6828,"comment_status":"open","ping_status":"closed","template":"","meta":[],"product_cat":[15],"product_tag":[],"class_list":{"0":"post-6829","1":"product","2":"type-product","3":"status-publish","4":"has-post-thumbnail","6":"product_cat-sin-categorizar","8":"first","9":"instock","10":"shipping-taxable","11":"product-type-external"},"_links":{"self":[{"href":"https:\/\/rockkofertas.com.es\/index.php\/wp-json\/wp\/v2\/product\/6829","targetHints":{"allow":["GET"]}}],"collection":[{"href":"https:\/\/rockkofertas.com.es\/index.php\/wp-json\/wp\/v2\/product"}],"about":[{"href":"https:\/\/rockkofertas.com.es\/index.php\/wp-json\/wp\/v2\/types\/product"}],"replies":[{"embeddable":true,"href":"https:\/\/rockkofertas.com.es\/index.php\/wp-json\/wp\/v2\/comments?post=6829"}],"wp:featuredmedia":[{"embeddable":true,"href":"https:\/\/rockkofertas.com.es\/index.php\/wp-json\/wp\/v2\/media\/6828"}],"wp:attachment":[{"href":"https:\/\/rockkofertas.com.es\/index.php\/wp-json\/wp\/v2\/media?parent=6829"}],"wp:term":[{"taxonomy":"product_cat","embeddable":true,"href":"https:\/\/rockkofertas.com.es\/index.php\/wp-json\/wp\/v2\/product_cat?post=6829"},{"taxonomy":"product_tag","embeddable":true,"href":"https:\/\/rockkofertas.com.es\/index.php\/wp-json\/wp\/v2\/product_tag?post=6829"}],"curies":[{"name":"wp","href":"https:\/\/api.w.org\/{rel}","templated":true}]}}