{"id":6827,"date":"2025-11-09T00:00:50","date_gmt":"2025-11-09T00:00:50","guid":{"rendered":"https:\/\/rockkofertas.com.es\/index.php\/producto\/b0dhxpk27z-2\/"},"modified":"2025-11-09T00:00:50","modified_gmt":"2025-11-09T00:00:50","slug":"b0dhxpk27z-2","status":"publish","type":"product","link":"https:\/\/rockkofertas.com.es\/index.php\/producto\/b0dhxpk27z-2\/","title":{"rendered":"B0DHXPK27Z"},"content":{"rendered":"<p>&#8211; CONSOLA DE JUEGOS PARA TV Y MANDOS INAL\u00c1MBRICOS &#8211; \u00a1Olv\u00eddate de los cables! Vive la acci\u00f3n en tiempo real con esta consola de juegos para TV y sus mandos inal\u00e1mbricos, ideales para una total libertad de movimiento.<br \/>\n&#8211; 250 JUEGOS INTEGRADOS &#8211; Disfruta de 250 juegos variados, incluyendo 30 juegos deportivos interactivos y 220 mini-juegos y juegos de arcade. \u00a1Los juegos ya est\u00e1n instalados en la consola para que puedas jugar directamente desde la caja!<br \/>\n&#8211; MODO MULTIJUGADOR &#8211; Juega con la familia y amigos gracias al modo multijugador y los 2 mandos incluidos, y comparte momentos inolvidables.<br \/>\n&#8211; EST\u00c9TICA RETRO &#8211; Perfecto para revivir recuerdos de la infancia y compartir momentos de convivencia con juegos simples y entretenidos.<br \/>\n&#8211; CONECTOR PARA TV INCLUIDO &#8211; Conecta f\u00e1cilmente la consola a tu TV con el cable incluido y comienza a jugar de inmediato.<br \/>\n&#8211; CALIDAD LEXIBOOK &#8211; Apreciado por los ni\u00f1os, aprobado por los padres. Una marca de juguetes reconocida y certificada, Lexibook ofrece productos inteligentes, de alta calidad y seguros, para que pueda comprar con confianza.<\/p>\n","protected":false},"excerpt":{"rendered":"<p>Lexibook, Consola de Juegos TV con 2 mandos inal\u00e1mbricos, 250 Juegos, Gr\u00e1ficos de 32 bits, Conector TV, JG7440<br \/>\n#Publicidad <span class=\"read-more\"><a class=\"more-link btn btn-transparent\" href=\"https:\/\/rockkofertas.com.es\/index.php\/producto\/b0dhxpk27z-2\/\">Leer m\u00e1s&#8230;<\/a><\/span><\/p>\n","protected":false},"featured_media":6826,"comment_status":"open","ping_status":"closed","template":"","meta":[],"product_cat":[15],"product_tag":[],"class_list":{"0":"post-6827","1":"product","2":"type-product","3":"status-publish","4":"has-post-thumbnail","6":"product_cat-sin-categorizar","8":"first","9":"instock","10":"shipping-taxable","11":"product-type-external"},"_links":{"self":[{"href":"https:\/\/rockkofertas.com.es\/index.php\/wp-json\/wp\/v2\/product\/6827","targetHints":{"allow":["GET"]}}],"collection":[{"href":"https:\/\/rockkofertas.com.es\/index.php\/wp-json\/wp\/v2\/product"}],"about":[{"href":"https:\/\/rockkofertas.com.es\/index.php\/wp-json\/wp\/v2\/types\/product"}],"replies":[{"embeddable":true,"href":"https:\/\/rockkofertas.com.es\/index.php\/wp-json\/wp\/v2\/comments?post=6827"}],"wp:featuredmedia":[{"embeddable":true,"href":"https:\/\/rockkofertas.com.es\/index.php\/wp-json\/wp\/v2\/media\/6826"}],"wp:attachment":[{"href":"https:\/\/rockkofertas.com.es\/index.php\/wp-json\/wp\/v2\/media?parent=6827"}],"wp:term":[{"taxonomy":"product_cat","embeddable":true,"href":"https:\/\/rockkofertas.com.es\/index.php\/wp-json\/wp\/v2\/product_cat?post=6827"},{"taxonomy":"product_tag","embeddable":true,"href":"https:\/\/rockkofertas.com.es\/index.php\/wp-json\/wp\/v2\/product_tag?post=6827"}],"curies":[{"name":"wp","href":"https:\/\/api.w.org\/{rel}","templated":true}]}}