{"id":6825,"date":"2025-11-08T22:24:36","date_gmt":"2025-11-08T22:24:36","guid":{"rendered":"https:\/\/rockkofertas.com.es\/index.php\/producto\/b0fkryl2fs\/"},"modified":"2025-11-08T22:24:36","modified_gmt":"2025-11-08T22:24:36","slug":"b0fkryl2fs","status":"publish","type":"product","link":"https:\/\/rockkofertas.com.es\/index.php\/producto\/b0fkryl2fs\/","title":{"rendered":"B0FKRYL2FS"},"content":{"rendered":"<p>&#8211; Mini Aspirador Multifunci\u00f3n 3 en 1: El aspirador de mano dispone de diversos accesorios y tiene las funciones de soplar, aspirar y aspirar. No s\u00f3lo puede utilizarse como aspirador para limpiar el interior de la casa y el coche, sino tambi\u00e9n como pulverizador de aire comprimido y compresor de vac\u00edo. Esto le permite limpiar f\u00e1cilmente zonas dif\u00edciles de limpiar, como teclados de ordenador y ordenadores centrales, y tambi\u00e9n barrer el polvo, la suciedad y los pelos de mascotas de la cocina<br \/>\n&#8211; Aspirador de Coche sin Escobillas 28000PA: El aspirador de coche de 120W tiene una super potencia de succi\u00f3n de 28000PA, con la que puede hacer frente f\u00e1cilmente a varios rincones peque\u00f1os. El aspirador tiene tres niveles de succi\u00f3n: alta (28000 PA), media (18000 PA) y baja (12000 PA), con los accesorios adecuados puede eliminar zonas dif\u00edciles de limpiar como las grietas del sof\u00e1, ranuras del coche, restos de comida, pelo de mascotas, migas, polvo y arena en el asiento del coche o el sof\u00e1<br \/>\n&#8211; Bater\u00eda de Gran Capacidad y Carga R\u00e1pida: Esta aspiradora de mano tiene una bater\u00eda incorporada de gran capacidad de 7500 mah y viene con un cable de carga usb-c, que se puede cargar r\u00e1pidamente en 3-4 horas. Una sola carga puede garantizar que el aparato funcione de forma continua y eficiente durante 20 o 30 minutos, lo que permite un tiempo de limpieza de la bater\u00eda extremadamente largo<br \/>\n&#8211; Aspiradora de Mano Compact y Port\u00e1til: La mini aspiradora sin cable pesa s\u00f3lo 500 gramos, pero su dise\u00f1o m\u00e1s compacto y ligero y su potencia de succi\u00f3n de 15000 PA son suficientes para manejar la mayor\u00eda de los escenarios. No s\u00f3lo se puede colocar en el coche, en la oficina o en casa, sino que tambi\u00e9n es de gran ayuda cuando se viaja y se est\u00e1 al aire libre<br \/>\n&#8211; Filtro Lavable y Reutilizable: Este mini aspirador de mano tiene un filtro de alta densidad que puede filtrar eficazmente las part\u00edculas de polvo y evitar que entren en el motor. Esta aspiradora compacta aspira sin esfuerzo pelo de mascotas, polvo fino, manchas y l\u00edquidos peque\u00f1os. El filtro hepa lavable y reutilizable es f\u00e1cil de quitar e instalar, lo que facilita la limpieza regular y garantiza un rendimiento de succi\u00f3n duradero<\/p>\n","protected":false},"excerpt":{"rendered":"<p>KITBEZN Aspiradora de Mano, 28KPA Aspirador de Mano sin Cable, 7500mAh Aspirador Coche Potente, 3 en 1 Aspiradora Port\u00e1til Mini para Sof\u00e1, Coche, Hogar, Oficina<br \/>#Publicidad <span class=\"read-more\"><a class=\"more-link btn btn-transparent\" href=\"https:\/\/rockkofertas.com.es\/index.php\/producto\/b0fkryl2fs\/\">Leer m\u00e1s&#8230;<\/a><\/span><\/p>\n","protected":false},"featured_media":6824,"comment_status":"open","ping_status":"closed","template":"","meta":[],"product_cat":[15],"product_tag":[],"class_list":{"0":"post-6825","1":"product","2":"type-product","3":"status-publish","4":"has-post-thumbnail","6":"product_cat-sin-categorizar","8":"first","9":"instock","10":"shipping-taxable","11":"product-type-external"},"_links":{"self":[{"href":"https:\/\/rockkofertas.com.es\/index.php\/wp-json\/wp\/v2\/product\/6825","targetHints":{"allow":["GET"]}}],"collection":[{"href":"https:\/\/rockkofertas.com.es\/index.php\/wp-json\/wp\/v2\/product"}],"about":[{"href":"https:\/\/rockkofertas.com.es\/index.php\/wp-json\/wp\/v2\/types\/product"}],"replies":[{"embeddable":true,"href":"https:\/\/rockkofertas.com.es\/index.php\/wp-json\/wp\/v2\/comments?post=6825"}],"wp:featuredmedia":[{"embeddable":true,"href":"https:\/\/rockkofertas.com.es\/index.php\/wp-json\/wp\/v2\/media\/6824"}],"wp:attachment":[{"href":"https:\/\/rockkofertas.com.es\/index.php\/wp-json\/wp\/v2\/media?parent=6825"}],"wp:term":[{"taxonomy":"product_cat","embeddable":true,"href":"https:\/\/rockkofertas.com.es\/index.php\/wp-json\/wp\/v2\/product_cat?post=6825"},{"taxonomy":"product_tag","embeddable":true,"href":"https:\/\/rockkofertas.com.es\/index.php\/wp-json\/wp\/v2\/product_tag?post=6825"}],"curies":[{"name":"wp","href":"https:\/\/api.w.org\/{rel}","templated":true}]}}