{"id":6823,"date":"2025-11-08T22:21:06","date_gmt":"2025-11-08T22:21:06","guid":{"rendered":"https:\/\/rockkofertas.com.es\/index.php\/producto\/b0fr21sf8q\/"},"modified":"2025-11-08T22:21:06","modified_gmt":"2025-11-08T22:21:06","slug":"b0fr21sf8q","status":"publish","type":"product","link":"https:\/\/rockkofertas.com.es\/index.php\/producto\/b0fr21sf8q\/","title":{"rendered":"B0FR21SF8Q"},"content":{"rendered":"<p>&#8211; Traje de 12 colores &#8211; descubra tu creatividad con una tinta brillante y vibrante y un traje de 12 colores. Si desea actualizar su pizarra con colores modernos y v\u00edvidos, entonces no busque m\u00e1s! Gran escritura detallada y marcadores de color simples, usted tiene opciones de amargura.<br \/>\n&#8211; Alta calidad \u2013 punta de fibra, resistente a la escritura y el desgaste, tinta lisa, escritura lisa, no se rompe f\u00e1cilmente, seca r\u00e1pidamente, olor bajo, escritura clara a mano.<br \/>\n&#8211; F\u00e1cil de Limpiar &#8211; con la punta de la pluma fina, estas marcas est\u00e1n dise\u00f1adas para la escritura y el dibujo precisos. Se pueden eliminar sin dejar ning\u00fan residuo y mantener su pizarra limpia.<br \/>\n&#8211; L\u00e1piz de color de pizarra &#8211; las etiquetas de pizarra se pueden usar en pizarra, metal, vidrio y la mayor\u00eda de las otras superficies suaves. El l\u00e1piz de pizarra fina proporciona una gran flexibilidad para etiquetar la pizarra, la pizarra para ni\u00f1os, la pizarra A4, el plan semanal, el plan familiar, la pizarra del refrigerador, el plan mensual.<br \/>\n&#8211; Ideas de regalos hermosos &#8211; un l\u00e1piz de pizarra es adecuado para una variedad de ocasiones, como el hogar, la oficina, la escuela, etc. Los l\u00e1pices de pizarra, tiza son regalos perfectos para la familia: ni\u00f1os, hijos, hijas, esposas, esposos y amigos, como la escritura a mano, como cumplea\u00f1os, Pascua, Halloween, Acci\u00f3n de Gracias, aniversario, campus, etc.<\/p>\n","protected":false},"excerpt":{"rendered":"<p>liuchanghe Rotuladores Pizarra Blanca, Secado R\u00e1pido Borrado en Seco para el Hogar u Oficina \u2013 12 Colores<br \/>#Publicidad <span class=\"read-more\"><a class=\"more-link btn btn-transparent\" href=\"https:\/\/rockkofertas.com.es\/index.php\/producto\/b0fr21sf8q\/\">Leer m\u00e1s&#8230;<\/a><\/span><\/p>\n","protected":false},"featured_media":6822,"comment_status":"open","ping_status":"closed","template":"","meta":[],"product_cat":[15],"product_tag":[],"class_list":{"0":"post-6823","1":"product","2":"type-product","3":"status-publish","4":"has-post-thumbnail","6":"product_cat-sin-categorizar","8":"first","9":"instock","10":"shipping-taxable","11":"product-type-external"},"_links":{"self":[{"href":"https:\/\/rockkofertas.com.es\/index.php\/wp-json\/wp\/v2\/product\/6823","targetHints":{"allow":["GET"]}}],"collection":[{"href":"https:\/\/rockkofertas.com.es\/index.php\/wp-json\/wp\/v2\/product"}],"about":[{"href":"https:\/\/rockkofertas.com.es\/index.php\/wp-json\/wp\/v2\/types\/product"}],"replies":[{"embeddable":true,"href":"https:\/\/rockkofertas.com.es\/index.php\/wp-json\/wp\/v2\/comments?post=6823"}],"wp:featuredmedia":[{"embeddable":true,"href":"https:\/\/rockkofertas.com.es\/index.php\/wp-json\/wp\/v2\/media\/6822"}],"wp:attachment":[{"href":"https:\/\/rockkofertas.com.es\/index.php\/wp-json\/wp\/v2\/media?parent=6823"}],"wp:term":[{"taxonomy":"product_cat","embeddable":true,"href":"https:\/\/rockkofertas.com.es\/index.php\/wp-json\/wp\/v2\/product_cat?post=6823"},{"taxonomy":"product_tag","embeddable":true,"href":"https:\/\/rockkofertas.com.es\/index.php\/wp-json\/wp\/v2\/product_tag?post=6823"}],"curies":[{"name":"wp","href":"https:\/\/api.w.org\/{rel}","templated":true}]}}