{"id":6821,"date":"2025-11-08T22:14:12","date_gmt":"2025-11-08T22:14:12","guid":{"rendered":"https:\/\/rockkofertas.com.es\/index.php\/producto\/b0fpqvrx4q\/"},"modified":"2025-11-08T22:14:12","modified_gmt":"2025-11-08T22:14:12","slug":"b0fpqvrx4q","status":"publish","type":"product","link":"https:\/\/rockkofertas.com.es\/index.php\/producto\/b0fpqvrx4q\/","title":{"rendered":"B0FPQVRX4Q"},"content":{"rendered":"<p>&#8211; \ud83c\udf6c\u3010Android 15 + octa core + Asistente AI\u3011SUAAT S11 funciona con Android 15 y cuenta con un procesador octa-core de 2,0 GHz, que no solo ofrece una experiencia m\u00e1s inteligente y receptiva, sino que tambi\u00e9n integra un asistente AI inteligente. El sistema mejora a\u00fan m\u00e1s la protecci\u00f3n de los datos y cuenta con la certificaci\u00f3n GMS, lo que garantiza la seguridad y la fiabilidad.<br \/>\n&#8211; \ud83c\udf6c\u3010Widevine L1 + Wi-Fi 2,4\/5G + Bluetooth 5.0\u3011Esta tableta de 9 pulgadas cuenta con una pantalla IPS HD con colores vivos e im\u00e1genes detalladas. La certificaci\u00f3n Widevine L1 garantiza una reproducci\u00f3n fluida de v\u00eddeo HD para una experiencia visual ideal. Adem\u00e1s, la compatibilidad con doble banda para Wi-Fi 2,4G\/5G mejora la capacidad, reduce la latencia y aumenta la estabilidad de la velocidad de la red.<br \/>\n&#8211; \ud83c\udf6c\u301012 GB de RAM + 32 GB de ROM + tableta de 9 pulgadas\u3011Esta tableta de 9 pulgadas cuenta con 12 GB (6 GB + 6 GB) de RAM y 32 GB de ROM (ampliable hasta 1 TB mediante tarjeta TF) y es compatible con tarjetas SD. Gracias a su amplia memoria, se pueden ejecutar varias aplicaciones de aprendizaje y contenidos educativos al mismo tiempo. La bater\u00eda de alta densidad de 5000 mAh, combinada con la tecnolog\u00eda de optimizaci\u00f3n de energ\u00eda de Android 15, prolonga la duraci\u00f3n de la bater\u00eda y hace que el dispositivo sea ideal para el uso diario en el aprendizaje.<br \/>\n&#8211; \ud83c\udf6c\u3010C\u00e1mara de 5 MP + 8 MP + reconocimiento facial\u3011 La tableta SUAAT S11 cuenta con una c\u00e1mara trasera de 8 megap\u00edxeles y una c\u00e1mara frontal de 5 megap\u00edxeles, adecuadas para la fotograf\u00eda diaria. La funci\u00f3n de reconocimiento facial ofrece mayor seguridad con un acceso r\u00e1pido e inmediato, y permite un uso fluido de esta tableta Android 15. El puerto tipo C integrado y la toma de auriculares de 3,5 mm proporcionan una mayor comodidad.<br \/>\n&#8211; \ud83c\udf6c\u3010Control parental + Modo de protecci\u00f3n ocular\u3011Esta tableta Android 15 cuenta con control parental, lo que le permite establecer l\u00edmites de tiempo, filtros de contenido y permisos de aplicaciones. Adem\u00e1s, incorpora un altavoz \u00fanico de alta calidad que regula eficazmente el volumen m\u00e1ximo de salida, evitando la presi\u00f3n sonora excesiva que pueden causar los altavoces duales y ofreciendo una protecci\u00f3n adicional para la salud auditiva. La pantalla de 9 pulgadas cuenta con un modo de protecci\u00f3n ocular que filtra la luz azul y ajusta la temperatura del color, lo que reduce la fatiga ocular durante un uso prolongado.<br \/>\n&#8211; \ud83c\udf6c\u3010Preinstalado con iWAWA, aprender es divertido\u3011Esta tableta viene preinstalada con la completa suite de aplicaciones iWAWA y Play Store. Cuenta con software educativo interactivo, juegos educativos, cuentos animados y v\u00eddeos educativos que abarcan temas que van desde los idiomas y las matem\u00e1ticas hasta el fomento de la creatividad. Con contenidos actualizados constantemente, despierta la pasi\u00f3n por el descubrimiento independiente y convierte el aprendizaje en una experiencia agradable.<br \/>\n&#8211; \ud83c\udf6c\u3010Funda protectora de EVA para una protecci\u00f3n completa\u3011 \u00a1Esta tableta cuenta con doble protecci\u00f3n! La carcasa en s\u00ed est\u00e1 fabricada con un material resistente a los golpes, que se complementa con una funda protectora de EVA que ofrece una protecci\u00f3n contra impactos de 360\u00b0, lo que la hace resistente a las ca\u00eddas y golpes cotidianos. La funda tambi\u00e9n cuenta con un soporte integrado y ajustable para diferentes \u00e1ngulos de visi\u00f3n, lo que hace que el aprendizaje y el entretenimiento sean a\u00fan m\u00e1s c\u00f3modos. La tableta es port\u00e1til y ligera.<\/p>\n","protected":false},"excerpt":{"rendered":"<p>SUAAT Kids Tableta Android 15, Pantalla de 9 Pulgadas, 12+32GB (1 TB TF), WiFi 5G, iWAWA, Widevine L1, GMS, 5+8 MP,BT 5.0, Cast, Asistente AI,5000mAh, Control Parental, con Funda Protectora Eva\u2013 Rosa<br \/>#Publicidad <span class=\"read-more\"><a class=\"more-link btn btn-transparent\" href=\"https:\/\/rockkofertas.com.es\/index.php\/producto\/b0fpqvrx4q\/\">Leer m\u00e1s&#8230;<\/a><\/span><\/p>\n","protected":false},"featured_media":6820,"comment_status":"open","ping_status":"closed","template":"","meta":[],"product_cat":[15],"product_tag":[],"class_list":{"0":"post-6821","1":"product","2":"type-product","3":"status-publish","4":"has-post-thumbnail","6":"product_cat-sin-categorizar","8":"first","9":"instock","10":"shipping-taxable","11":"product-type-external"},"_links":{"self":[{"href":"https:\/\/rockkofertas.com.es\/index.php\/wp-json\/wp\/v2\/product\/6821","targetHints":{"allow":["GET"]}}],"collection":[{"href":"https:\/\/rockkofertas.com.es\/index.php\/wp-json\/wp\/v2\/product"}],"about":[{"href":"https:\/\/rockkofertas.com.es\/index.php\/wp-json\/wp\/v2\/types\/product"}],"replies":[{"embeddable":true,"href":"https:\/\/rockkofertas.com.es\/index.php\/wp-json\/wp\/v2\/comments?post=6821"}],"wp:featuredmedia":[{"embeddable":true,"href":"https:\/\/rockkofertas.com.es\/index.php\/wp-json\/wp\/v2\/media\/6820"}],"wp:attachment":[{"href":"https:\/\/rockkofertas.com.es\/index.php\/wp-json\/wp\/v2\/media?parent=6821"}],"wp:term":[{"taxonomy":"product_cat","embeddable":true,"href":"https:\/\/rockkofertas.com.es\/index.php\/wp-json\/wp\/v2\/product_cat?post=6821"},{"taxonomy":"product_tag","embeddable":true,"href":"https:\/\/rockkofertas.com.es\/index.php\/wp-json\/wp\/v2\/product_tag?post=6821"}],"curies":[{"name":"wp","href":"https:\/\/api.w.org\/{rel}","templated":true}]}}