{"id":6819,"date":"2025-11-08T20:00:43","date_gmt":"2025-11-08T20:00:43","guid":{"rendered":"https:\/\/rockkofertas.com.es\/index.php\/producto\/b0d7w3ps4v\/"},"modified":"2025-11-08T20:00:43","modified_gmt":"2025-11-08T20:00:43","slug":"b0d7w3ps4v","status":"publish","type":"product","link":"https:\/\/rockkofertas.com.es\/index.php\/producto\/b0d7w3ps4v\/","title":{"rendered":"B0D7W3PS4V"},"content":{"rendered":"<p>&#8211; Lana de alpaca: nuestros calcetines de alpaca para hombre y mujer est\u00e1n hechos de lana de alpaca de alta calidad con lana de alpaca y aseguran que tus pies permanezcan calientes incluso en el fr\u00edo invierno<br \/>\n&#8211; Suave y transpirable: los calcetines de alpaca son transpirables, el uso de calcetines de invierno aleja la humedad de los pies y los mantiene secos, y el tejido extra grueso y suave proporciona una agradable sensaci\u00f3n de uso<br \/>\n&#8211; 4 pares de calcetines de alpaca: cada paquete viene con cuatro pares de calcetines c\u00e1lidos, disponibles en negro, gris oscuro, gris claro, marr\u00f3n, beige y diferentes colores a elegir, para garantizar un aspecto hermoso incluso despu\u00e9s de varios lavados<br \/>\n&#8211; Regalo de invierno: nuestros calcetines t\u00e9rmicos son adecuados tanto para hombres como para mujeres, lo que los convierte en un gran regalo para familiares y amigos y los acompa\u00f1an durante el fr\u00edo invierno<br \/>\n&#8211; Escenarios aplicables: estos calcetines de lana para mujer se pueden usar en casa y al aire libre y tambi\u00e9n son ideales para el equipo al aire libre para climas fr\u00edos como senderismo, esqu\u00ed y escalada. Dondequiera que est\u00e9s, calcetines para cada necesidad<\/p>\n","protected":false},"excerpt":{"rendered":"<p>CAOZITOU Calcetines de alpaca para hombre y mujer, 4 pares, Negro , M<br \/>\n#Publicidad <span class=\"read-more\"><a class=\"more-link btn btn-transparent\" href=\"https:\/\/rockkofertas.com.es\/index.php\/producto\/b0d7w3ps4v\/\">Leer m\u00e1s&#8230;<\/a><\/span><\/p>\n","protected":false},"featured_media":6818,"comment_status":"open","ping_status":"closed","template":"","meta":[],"product_cat":[15],"product_tag":[],"class_list":{"0":"post-6819","1":"product","2":"type-product","3":"status-publish","4":"has-post-thumbnail","6":"product_cat-sin-categorizar","8":"first","9":"instock","10":"shipping-taxable","11":"product-type-external"},"_links":{"self":[{"href":"https:\/\/rockkofertas.com.es\/index.php\/wp-json\/wp\/v2\/product\/6819","targetHints":{"allow":["GET"]}}],"collection":[{"href":"https:\/\/rockkofertas.com.es\/index.php\/wp-json\/wp\/v2\/product"}],"about":[{"href":"https:\/\/rockkofertas.com.es\/index.php\/wp-json\/wp\/v2\/types\/product"}],"replies":[{"embeddable":true,"href":"https:\/\/rockkofertas.com.es\/index.php\/wp-json\/wp\/v2\/comments?post=6819"}],"wp:featuredmedia":[{"embeddable":true,"href":"https:\/\/rockkofertas.com.es\/index.php\/wp-json\/wp\/v2\/media\/6818"}],"wp:attachment":[{"href":"https:\/\/rockkofertas.com.es\/index.php\/wp-json\/wp\/v2\/media?parent=6819"}],"wp:term":[{"taxonomy":"product_cat","embeddable":true,"href":"https:\/\/rockkofertas.com.es\/index.php\/wp-json\/wp\/v2\/product_cat?post=6819"},{"taxonomy":"product_tag","embeddable":true,"href":"https:\/\/rockkofertas.com.es\/index.php\/wp-json\/wp\/v2\/product_tag?post=6819"}],"curies":[{"name":"wp","href":"https:\/\/api.w.org\/{rel}","templated":true}]}}