{"id":6817,"date":"2025-11-08T18:51:22","date_gmt":"2025-11-08T18:51:22","guid":{"rendered":"https:\/\/rockkofertas.com.es\/index.php\/producto\/b0fcmbn2sy-2\/"},"modified":"2025-11-08T18:51:22","modified_gmt":"2025-11-08T18:51:22","slug":"b0fcmbn2sy-2","status":"publish","type":"product","link":"https:\/\/rockkofertas.com.es\/index.php\/producto\/b0fcmbn2sy-2\/","title":{"rendered":"B0FCMBN2SY"},"content":{"rendered":"<p>&#8211; \u3010Sistema Android Integrado\u3011La pantalla de video inal\u00e1mbrica Volam CarPlay est\u00e1 equipada con sistema Android y apps de streaming integradas como YouTube, Netflix, etc. Es compatible con Apple CarPlay y Android Auto. \u00dasala para consultar la ruta mientras conduces y ver videos mientras est\u00e1s estacionado, haciendo tu conducci\u00f3n m\u00e1s c\u00f3moda e inteligente.<br \/>\n&#8211; \u3010Apple CarPlay y Android Auto\u3011Pantalla Carplay Coche conecta tu smartphone a CarPlay\/Android Auto inal\u00e1mbrico mediante Bluetooth para sincronizar la navegaci\u00f3n, las llamadas, la m\u00fasica y m\u00e1s. Es compatible con Siri y el control por voz de Google para planificar rutas o realizar llamadas. Esto soluciona el problema de los cables enredados y preserva la est\u00e9tica del interior del veh\u00edculo.<br \/>\n&#8211; \u3010Video en L\u00ednea\u3011La pantalla CarPlay integra apps de streaming de video como Netflix, YouTube, TikTok y m\u00e1s. Tras conectarte al punto de acceso e iniciar sesi\u00f3n en tu cuenta, puedes ver tus series y pel\u00edculas favoritas, creando un cine privado. Disfruta de pel\u00edculas en pantalla grande mientras est\u00e1s estacionado o conduciendo largas distancias.<br \/>\n&#8211; \u3010Sincronizaci\u00f3n de Navegaci\u00f3n en Tiempo Real\u3011La pantalla CarPlay se sincroniza a la perfecci\u00f3n con la app GPS de tu tel\u00e9fono (Google Maps, Apple Maps, etc.), brind\u00e1ndote mapas actualizados y una gu\u00eda de ruta m\u00e1s clara en su gran pantalla de 1920 x 720 con detalles n\u00edtidos y f\u00e1ciles de leer. \u00a1Excelentes navegadores para coche!<br \/>\n&#8211; \u3010Pantalla Dual\u3011La visualizaci\u00f3n simult\u00e1nea de dos pantallas te permite disfrutar de una experiencia eficiente y c\u00f3moda sin tener que cambiar de pantalla, lo que te ofrece una amplia gama de posibilidades de uso. Puedes responder a mensajes de redes sociales sin demora mientras ves videos, lo que resulta m\u00e1s c\u00f3modo al estacionar y esperar.<br \/>\n&#8211; \u3010Asistente de Visi\u00f3n Trasera 1080P\u3011Asistencia de estacionamiento: Las l\u00edneas gu\u00eda te permiten ver la distancia entre veh\u00edculos de un vistazo, permitiendo que incluso los principiantes estacionen con confianza. Puedes ajustar c\u00f3modamente la posici\u00f3n del veh\u00edculo y el \u00e1ngulo de la c\u00e1mara para que estacionar a diario sea m\u00e1s seguro y fluido.<br \/>\n&#8211; \u3010Pantalla In-Cell de 10.25 pulgadas\u3011M\u00e1s delgada y n\u00edtida gracias a la tecnolog\u00eda In-Cell, tacto sensible, pantalla m\u00e1s brillante y n\u00edtida incluso desde diferentes \u00e1ngulos, con menos cambios de color y contraste. Gracias a la alta resoluci\u00f3n de 1920 x 720 p\u00edxeles, podr\u00e1 disfrutar de una hermosa pantalla de video desde el asiento del copiloto o el asiento trasero.<br \/>\n&#8211; \u3010Wi-Fi 2.4G y Wi-Fi 5G\u3011El Wi-Fi dual en paralelo, la reproducci\u00f3n de video multimedia y las funciones CarPlay no interfieren entre s\u00ed para reducir los conflictos de red. Controle m\u00faltiples funciones simult\u00e1neamente sin necesidad de desconectar ni reconectar.<br \/>\n&#8211; \u3010Servicio al Cliente Integral\u3011Esta pantalla est\u00e9reo CarPlay incluye 1 a\u00f1o de garant\u00eda y soporte t\u00e9cnico de por vida. Si tiene alg\u00fan problema de instalaci\u00f3n o conexi\u00f3n, nuestro equipo de expertos le garantiza una respuesta en 24 horas para resolver sus dudas.<\/p>\n","protected":false},"excerpt":{"rendered":"<p>Volam 10.25 Pulgadas Pantalla Coche Carplay y Android Auto,Inal\u00e1mbrico Carplay mit Youtube\/Netflix,Pantalla para Coche con 1080P C\u00e1mara de Marcha atr\u00e1s,Navegador GPS,2.4G\/5G WLAN Bluetooth<br \/>#Publicidad <span class=\"read-more\"><a class=\"more-link btn btn-transparent\" href=\"https:\/\/rockkofertas.com.es\/index.php\/producto\/b0fcmbn2sy-2\/\">Leer m\u00e1s&#8230;<\/a><\/span><\/p>\n","protected":false},"featured_media":6816,"comment_status":"open","ping_status":"closed","template":"","meta":[],"product_cat":[15],"product_tag":[],"class_list":{"0":"post-6817","1":"product","2":"type-product","3":"status-publish","4":"has-post-thumbnail","6":"product_cat-sin-categorizar","8":"first","9":"instock","10":"shipping-taxable","11":"product-type-external"},"_links":{"self":[{"href":"https:\/\/rockkofertas.com.es\/index.php\/wp-json\/wp\/v2\/product\/6817","targetHints":{"allow":["GET"]}}],"collection":[{"href":"https:\/\/rockkofertas.com.es\/index.php\/wp-json\/wp\/v2\/product"}],"about":[{"href":"https:\/\/rockkofertas.com.es\/index.php\/wp-json\/wp\/v2\/types\/product"}],"replies":[{"embeddable":true,"href":"https:\/\/rockkofertas.com.es\/index.php\/wp-json\/wp\/v2\/comments?post=6817"}],"wp:featuredmedia":[{"embeddable":true,"href":"https:\/\/rockkofertas.com.es\/index.php\/wp-json\/wp\/v2\/media\/6816"}],"wp:attachment":[{"href":"https:\/\/rockkofertas.com.es\/index.php\/wp-json\/wp\/v2\/media?parent=6817"}],"wp:term":[{"taxonomy":"product_cat","embeddable":true,"href":"https:\/\/rockkofertas.com.es\/index.php\/wp-json\/wp\/v2\/product_cat?post=6817"},{"taxonomy":"product_tag","embeddable":true,"href":"https:\/\/rockkofertas.com.es\/index.php\/wp-json\/wp\/v2\/product_tag?post=6817"}],"curies":[{"name":"wp","href":"https:\/\/api.w.org\/{rel}","templated":true}]}}