{"id":6813,"date":"2025-11-08T16:00:43","date_gmt":"2025-11-08T16:00:43","guid":{"rendered":"https:\/\/rockkofertas.com.es\/index.php\/producto\/b0f17w1gt1\/"},"modified":"2025-11-08T16:00:43","modified_gmt":"2025-11-08T16:00:43","slug":"b0f17w1gt1","status":"publish","type":"product","link":"https:\/\/rockkofertas.com.es\/index.php\/producto\/b0f17w1gt1\/","title":{"rendered":"B0F17W1GT1"},"content":{"rendered":"<p>&#8211; \ud83c\udfd7\ufe0f\ud83c\udfd7\ufe0f\u3010Juego de Veh\u00edculos de Construcci\u00f3n\u3011Recibir\u00e1s 1 cami\u00f3n, 1 gr\u00faa torre, 6 veh\u00edculos de construcci\u00f3n (bulldozer, excavadora, carretilla elevadora, rodillo, garra y taladro). 6 coches de carreras, 3 minifiguras, 1 hoja de pegatinas y 1 mapa tem\u00e1tico de ingenier\u00eda. Este juego de veh\u00edculos de construcci\u00f3n permite a los ni\u00f1os simular escenas reales de obras y vivir una experiencia de construcci\u00f3n envolvente.<br \/>\n&#8211; \ud83d\udefb\ud83d\udefb\u3010Remolque Extensible\u3011Este remolque de juguete se puede desmontar y montar e incluye una gr\u00faa torre giratoria de 360\u00b0 que los ni\u00f1os pueden manejar para subir y bajar objetos. Viene con 3 trabajadores de la construcci\u00f3n y herramientas de construcci\u00f3n que los ni\u00f1os pueden montar y combinar libremente para simular el trabajo de construcci\u00f3n real y dar a los ni\u00f1os una mejor comprensi\u00f3n de los diferentes elementos de la ingenier\u00eda de la construcci\u00f3n.<br \/>\n&#8211; \ud83c\udfd7\ufe0f\ud83c\udfd7\ufe0f\u3010Expulsi\u00f3n de Doble Oruga con Sonido y Luz\u3011El remolque del set cuenta con un dise\u00f1o de catapulta de doble v\u00eda, para que los ni\u00f1os puedan lanzar los dos veh\u00edculos al mismo tiempo y conseguir una persecuci\u00f3n tensa y emocionante. Pulse el bot\u00f3n del cami\u00f3n de transporte para activar las luces intermitentes y los sonidos realistas de la obra de construcci\u00f3n, como el arranque del motor, el sonido de la bocina y los tonos de advertencia de marcha atr\u00e1s, para una mayor interactividad y diversi\u00f3n.<br \/>\n&#8211; \ud83c\udfce\ufe0f\ud83c\udfce\ufe0f\u3010Material de alta Calidad\u3011Este set de remolque gr\u00faa torre de ingenier\u00eda est\u00e1 fabricado con materiales seguros y de alta calidad, con un elegante dise\u00f1o exterior, y puede utilizarse de forma repetida, fiable y estable. Todas las piezas est\u00e1n finamente pulidas con superficies lisas y sin rebabas para garantizar la seguridad del juego de los ni\u00f1os, y al mismo tiempo, puede mejorar la coordinaci\u00f3n mano-ojo y la imaginaci\u00f3n cerebral de los ni\u00f1os.<br \/>\n&#8211; \ud83c\udfd7\ufe0f\ud83c\udfd7\ufe0f\u3010Regalo Perfecto\u3011Este coche de ingenier\u00eda de la construcci\u00f3n es perfecto para ayudar a los ni\u00f1os a aprender sobre diferentes veh\u00edculos de construcci\u00f3n y sus funciones al tiempo que estimula su imaginaci\u00f3n y creatividad, adecuado para ni\u00f1os de 3 a 8 a\u00f1os. No s\u00f3lo tiene un bonito embalaje, sino que puede utilizarse como juguete de aprendizaje temprano, regalo de cumplea\u00f1os infantil, regalo de pascua y regalo de navidad, \u00a1lo que lo convierte en el regalo perfecto para los entusiastas de la construcci\u00f3n!<\/p>\n","protected":false},"excerpt":{"rendered":"<p>Joellfuner Veh\u00edculos de Construcci\u00f3n para Ni\u00f1os, Cami\u00f3n de Juguete con Eyecci\u00f3n Pista y 6 Mini Veh\u00edculos de Obra, Juguetes de Camiones Transportadores con Gr\u00faa, M\u00fasica y Luces para 3 4 5+ A\u00f1os<br \/>\n#Publicidad <span class=\"read-more\"><a class=\"more-link btn btn-transparent\" href=\"https:\/\/rockkofertas.com.es\/index.php\/producto\/b0f17w1gt1\/\">Leer m\u00e1s&#8230;<\/a><\/span><\/p>\n","protected":false},"featured_media":6812,"comment_status":"open","ping_status":"closed","template":"","meta":[],"product_cat":[15],"product_tag":[],"class_list":{"0":"post-6813","1":"product","2":"type-product","3":"status-publish","4":"has-post-thumbnail","6":"product_cat-sin-categorizar","8":"first","9":"instock","10":"shipping-taxable","11":"product-type-external"},"_links":{"self":[{"href":"https:\/\/rockkofertas.com.es\/index.php\/wp-json\/wp\/v2\/product\/6813","targetHints":{"allow":["GET"]}}],"collection":[{"href":"https:\/\/rockkofertas.com.es\/index.php\/wp-json\/wp\/v2\/product"}],"about":[{"href":"https:\/\/rockkofertas.com.es\/index.php\/wp-json\/wp\/v2\/types\/product"}],"replies":[{"embeddable":true,"href":"https:\/\/rockkofertas.com.es\/index.php\/wp-json\/wp\/v2\/comments?post=6813"}],"wp:featuredmedia":[{"embeddable":true,"href":"https:\/\/rockkofertas.com.es\/index.php\/wp-json\/wp\/v2\/media\/6812"}],"wp:attachment":[{"href":"https:\/\/rockkofertas.com.es\/index.php\/wp-json\/wp\/v2\/media?parent=6813"}],"wp:term":[{"taxonomy":"product_cat","embeddable":true,"href":"https:\/\/rockkofertas.com.es\/index.php\/wp-json\/wp\/v2\/product_cat?post=6813"},{"taxonomy":"product_tag","embeddable":true,"href":"https:\/\/rockkofertas.com.es\/index.php\/wp-json\/wp\/v2\/product_tag?post=6813"}],"curies":[{"name":"wp","href":"https:\/\/api.w.org\/{rel}","templated":true}]}}