{"id":6811,"date":"2025-11-08T12:00:50","date_gmt":"2025-11-08T12:00:50","guid":{"rendered":"https:\/\/rockkofertas.com.es\/index.php\/producto\/b001vg2m5i\/"},"modified":"2025-11-08T12:00:50","modified_gmt":"2025-11-08T12:00:50","slug":"b001vg2m5i","status":"publish","type":"product","link":"https:\/\/rockkofertas.com.es\/index.php\/producto\/b001vg2m5i\/","title":{"rendered":"B001VG2M5I"},"content":{"rendered":"<p>&#8211; Guitarra ac\u00fastica tipo western con un sonido definido: destaca por su timbre completo y equilibrado; una guitarra todoterreno, presenta una construcci\u00f3n de calidad y confort a la hora de tocar<br \/>\n&#8211; Del blues hasta el rock, la guitarra ac\u00fastica tiene cabida en muchos y diferentes estilos; descubre la calidad de sonido y construcci\u00f3n que distingue a las guitarras de la serie Folk de Yamaha<br \/>\n&#8211; Dise\u00f1o atractivo con tapa de picea, diapas\u00f3n de palosanto y fondo y aros de nato, la guitarra es ligera y de calidad; el acabado negro de la madera le da un aspecto cl\u00e1sico<br \/>\n&#8211; Recomendada por profesores de m\u00fasica, es adecuada para los principiantes que quieren combinar calidad y confort con un tono rico y c\u00e1lido; presenta cuerdas de acero y clavijas de afinaci\u00f3n cromadas<br \/>\n&#8211; Contenido del env\u00edo: 1 x Guitarra Ac\u00fastica Yamaha F370 \/ Escala 634 mm, 25 pulgadas<\/p>\n","protected":false},"excerpt":{"rendered":"<p>Yamaha F370 Guitarra Ac\u00fastica Guitarra Folk 4\/4 de madera, escala 634 mm, 25 pulgadas, 6 cuerdas met\u00e1licas, Color Negro<br \/>\n#Publicidad <span class=\"read-more\"><a class=\"more-link btn btn-transparent\" href=\"https:\/\/rockkofertas.com.es\/index.php\/producto\/b001vg2m5i\/\">Leer m\u00e1s&#8230;<\/a><\/span><\/p>\n","protected":false},"featured_media":6810,"comment_status":"open","ping_status":"closed","template":"","meta":[],"product_cat":[15],"product_tag":[],"class_list":{"0":"post-6811","1":"product","2":"type-product","3":"status-publish","4":"has-post-thumbnail","6":"product_cat-sin-categorizar","8":"first","9":"instock","10":"shipping-taxable","11":"product-type-external"},"_links":{"self":[{"href":"https:\/\/rockkofertas.com.es\/index.php\/wp-json\/wp\/v2\/product\/6811","targetHints":{"allow":["GET"]}}],"collection":[{"href":"https:\/\/rockkofertas.com.es\/index.php\/wp-json\/wp\/v2\/product"}],"about":[{"href":"https:\/\/rockkofertas.com.es\/index.php\/wp-json\/wp\/v2\/types\/product"}],"replies":[{"embeddable":true,"href":"https:\/\/rockkofertas.com.es\/index.php\/wp-json\/wp\/v2\/comments?post=6811"}],"wp:featuredmedia":[{"embeddable":true,"href":"https:\/\/rockkofertas.com.es\/index.php\/wp-json\/wp\/v2\/media\/6810"}],"wp:attachment":[{"href":"https:\/\/rockkofertas.com.es\/index.php\/wp-json\/wp\/v2\/media?parent=6811"}],"wp:term":[{"taxonomy":"product_cat","embeddable":true,"href":"https:\/\/rockkofertas.com.es\/index.php\/wp-json\/wp\/v2\/product_cat?post=6811"},{"taxonomy":"product_tag","embeddable":true,"href":"https:\/\/rockkofertas.com.es\/index.php\/wp-json\/wp\/v2\/product_tag?post=6811"}],"curies":[{"name":"wp","href":"https:\/\/api.w.org\/{rel}","templated":true}]}}