{"id":6803,"date":"2025-11-08T08:16:26","date_gmt":"2025-11-08T08:16:26","guid":{"rendered":"https:\/\/rockkofertas.com.es\/index.php\/producto\/b0fm2m4wbx\/"},"modified":"2025-11-08T08:16:26","modified_gmt":"2025-11-08T08:16:26","slug":"b0fm2m4wbx","status":"publish","type":"product","link":"https:\/\/rockkofertas.com.es\/index.php\/producto\/b0fm2m4wbx\/","title":{"rendered":"B0FM2M4WBX"},"content":{"rendered":"<p>&#8211; Juego completo: 100 minipinzas de madera de madera natural, incluye 10 metros de cuerda de yute para m\u00faltiples posibilidades de decoraci\u00f3n<br \/>\n&#8211; TAMA\u00d1O PERFECTO: Clips compactos con dimensiones de 3,5 x 0,7 cm, ideales para peque\u00f1as fotos, notas y proyectos de manualidades<br \/>\n&#8211; Vers\u00e1til: adecuado para paredes de fotos, postales, cartas, envoltorios de regalo y proyectos creativos de bricolaje<br \/>\n&#8211; Dise\u00f1o r\u00fastico: el aspecto de madera natural de las pinzas da a cualquier proyecto un ambiente c\u00e1lido y aut\u00e9ntico<br \/>\n&#8211; Manejo pr\u00e1ctico: mecanismo de resorte estable para un agarre seguro, pero ligero y f\u00e1cil de fijar<\/p>\n","protected":false},"excerpt":{"rendered":"<p>Mini pinzas de madera, 100 unidades, 3,5 x 0,7 cm, con cuerda de yute de 10 m, pinzas decorativas de madera natural para fotos y postales<br \/>#Publicidad <span class=\"read-more\"><a class=\"more-link btn btn-transparent\" href=\"https:\/\/rockkofertas.com.es\/index.php\/producto\/b0fm2m4wbx\/\">Leer m\u00e1s&#8230;<\/a><\/span><\/p>\n","protected":false},"featured_media":6802,"comment_status":"open","ping_status":"closed","template":"","meta":[],"product_cat":[15],"product_tag":[],"class_list":{"0":"post-6803","1":"product","2":"type-product","3":"status-publish","4":"has-post-thumbnail","6":"product_cat-sin-categorizar","8":"first","9":"instock","10":"shipping-taxable","11":"product-type-external"},"_links":{"self":[{"href":"https:\/\/rockkofertas.com.es\/index.php\/wp-json\/wp\/v2\/product\/6803","targetHints":{"allow":["GET"]}}],"collection":[{"href":"https:\/\/rockkofertas.com.es\/index.php\/wp-json\/wp\/v2\/product"}],"about":[{"href":"https:\/\/rockkofertas.com.es\/index.php\/wp-json\/wp\/v2\/types\/product"}],"replies":[{"embeddable":true,"href":"https:\/\/rockkofertas.com.es\/index.php\/wp-json\/wp\/v2\/comments?post=6803"}],"wp:featuredmedia":[{"embeddable":true,"href":"https:\/\/rockkofertas.com.es\/index.php\/wp-json\/wp\/v2\/media\/6802"}],"wp:attachment":[{"href":"https:\/\/rockkofertas.com.es\/index.php\/wp-json\/wp\/v2\/media?parent=6803"}],"wp:term":[{"taxonomy":"product_cat","embeddable":true,"href":"https:\/\/rockkofertas.com.es\/index.php\/wp-json\/wp\/v2\/product_cat?post=6803"},{"taxonomy":"product_tag","embeddable":true,"href":"https:\/\/rockkofertas.com.es\/index.php\/wp-json\/wp\/v2\/product_tag?post=6803"}],"curies":[{"name":"wp","href":"https:\/\/api.w.org\/{rel}","templated":true}]}}