{"id":6801,"date":"2025-11-08T08:16:06","date_gmt":"2025-11-08T08:16:06","guid":{"rendered":"https:\/\/rockkofertas.com.es\/index.php\/producto\/b0fh8zkc83\/"},"modified":"2025-11-08T08:16:06","modified_gmt":"2025-11-08T08:16:06","slug":"b0fh8zkc83","status":"publish","type":"product","link":"https:\/\/rockkofertas.com.es\/index.php\/producto\/b0fh8zkc83\/","title":{"rendered":"B0FH8ZKC83"},"content":{"rendered":"<p>&#8211; Multifuncional: 8 patrones de pulverizaci\u00f3n diferentes para m\u00faltiples aplicaciones, desde niebla suave hasta potente chorro, ideal para jard\u00edn, lavado de coches y limpieza<br \/>\n&#8211; Dise\u00f1o ergon\u00f3mico: mango antideslizante con una sola mano y pr\u00e1ctico mecanismo de bloqueo para pulverizaci\u00f3n permanente sin fatiga<br \/>\n&#8211; Construcci\u00f3n robusta: materiales de alta calidad en color gris-naranja, dise\u00f1o a prueba de fugas y juntas duraderas para un uso confiable<br \/>\n&#8211; Conexiones universales: juego completo con conexiones est\u00e1ndar y dos acoplamientos r\u00e1pidos para una conexi\u00f3n sencilla con todas las mangueras de jard\u00edn comunes<br \/>\n&#8211; TAMA\u00d1O COMPACTO: Dimensiones pr\u00e1cticas de 19 cm de longitud y 5,7 cm de di\u00e1metro para un manejo c\u00f3modo y f\u00e1cil almacenamiento<\/p>\n","protected":false},"excerpt":{"rendered":"<p>Juego de 8 funciones ajustables para manguera de jard\u00edn \u2013 Pistola de pulverizaci\u00f3n de alta presi\u00f3n para riego, lavado de coches y cuidado de mascotas (operaci\u00f3n con una sola mano, ahorro de agua)<br \/>#Publicidad <span class=\"read-more\"><a class=\"more-link btn btn-transparent\" href=\"https:\/\/rockkofertas.com.es\/index.php\/producto\/b0fh8zkc83\/\">Leer m\u00e1s&#8230;<\/a><\/span><\/p>\n","protected":false},"featured_media":6800,"comment_status":"open","ping_status":"closed","template":"","meta":[],"product_cat":[15],"product_tag":[],"class_list":{"0":"post-6801","1":"product","2":"type-product","3":"status-publish","4":"has-post-thumbnail","6":"product_cat-sin-categorizar","8":"first","9":"instock","10":"shipping-taxable","11":"product-type-external"},"_links":{"self":[{"href":"https:\/\/rockkofertas.com.es\/index.php\/wp-json\/wp\/v2\/product\/6801","targetHints":{"allow":["GET"]}}],"collection":[{"href":"https:\/\/rockkofertas.com.es\/index.php\/wp-json\/wp\/v2\/product"}],"about":[{"href":"https:\/\/rockkofertas.com.es\/index.php\/wp-json\/wp\/v2\/types\/product"}],"replies":[{"embeddable":true,"href":"https:\/\/rockkofertas.com.es\/index.php\/wp-json\/wp\/v2\/comments?post=6801"}],"wp:featuredmedia":[{"embeddable":true,"href":"https:\/\/rockkofertas.com.es\/index.php\/wp-json\/wp\/v2\/media\/6800"}],"wp:attachment":[{"href":"https:\/\/rockkofertas.com.es\/index.php\/wp-json\/wp\/v2\/media?parent=6801"}],"wp:term":[{"taxonomy":"product_cat","embeddable":true,"href":"https:\/\/rockkofertas.com.es\/index.php\/wp-json\/wp\/v2\/product_cat?post=6801"},{"taxonomy":"product_tag","embeddable":true,"href":"https:\/\/rockkofertas.com.es\/index.php\/wp-json\/wp\/v2\/product_tag?post=6801"}],"curies":[{"name":"wp","href":"https:\/\/api.w.org\/{rel}","templated":true}]}}