{"id":6797,"date":"2025-11-08T00:00:43","date_gmt":"2025-11-08T00:00:43","guid":{"rendered":"https:\/\/rockkofertas.com.es\/index.php\/producto\/b01n9xeuh6-2\/"},"modified":"2025-11-08T00:00:43","modified_gmt":"2025-11-08T00:00:43","slug":"b01n9xeuh6-2","status":"publish","type":"product","link":"https:\/\/rockkofertas.com.es\/index.php\/producto\/b01n9xeuh6-2\/","title":{"rendered":"B01N9XEUH6"},"content":{"rendered":"<p>&#8211; Tostadas doradas y crujientes: tostadora de pan Daily Collection Philips para tostadas perfectas &#8211; 2 ranuras para cada tama\u00f1o y resultados perfectos con pan de cualquier tama\u00f1o y forma<br \/>\n&#8211; Ajustes para todos los gustos: 8 opciones al tostar para adaptarse a todas las preferencias<br \/>\n&#8211; Calienta tostadas en segundos: la funci\u00f3n de recalentamiento calienta las tostadas en segundos &#8211; La funci\u00f3n de descongelaci\u00f3n tuesta pan congelado en un abrir y cerrar de ojos<br \/>\n&#8211; Uso seguro: el bot\u00f3n de cancelar detiene la tostadura en cualquier momento &#8211; Con protecci\u00f3n de desconexi\u00f3n autom\u00e1tica adicional para evitar cortocircuitos<br \/>\n&#8211; Limpieza f\u00e1cil: la bandeja recogemigas desmontable se vac\u00eda y coloca con facilidad &#8211; La cubierta para polvo mantiene las ranuras sin polvo entre usos<\/p>\n","protected":false},"excerpt":{"rendered":"<p>Philips Tostadora &#8211; 2 Ranuras, 8 Ajustes, Rejilla Calientabollos, Descongelaci\u00f3n, Elevaci\u00f3n Alta, Apagado Auto, Blanco (HD2581\/00)<br \/>\n#Publicidad <span class=\"read-more\"><a class=\"more-link btn btn-transparent\" href=\"https:\/\/rockkofertas.com.es\/index.php\/producto\/b01n9xeuh6-2\/\">Leer m\u00e1s&#8230;<\/a><\/span><\/p>\n","protected":false},"featured_media":6796,"comment_status":"open","ping_status":"closed","template":"","meta":[],"product_cat":[15],"product_tag":[],"class_list":{"0":"post-6797","1":"product","2":"type-product","3":"status-publish","4":"has-post-thumbnail","6":"product_cat-sin-categorizar","8":"first","9":"instock","10":"shipping-taxable","11":"product-type-external"},"_links":{"self":[{"href":"https:\/\/rockkofertas.com.es\/index.php\/wp-json\/wp\/v2\/product\/6797","targetHints":{"allow":["GET"]}}],"collection":[{"href":"https:\/\/rockkofertas.com.es\/index.php\/wp-json\/wp\/v2\/product"}],"about":[{"href":"https:\/\/rockkofertas.com.es\/index.php\/wp-json\/wp\/v2\/types\/product"}],"replies":[{"embeddable":true,"href":"https:\/\/rockkofertas.com.es\/index.php\/wp-json\/wp\/v2\/comments?post=6797"}],"wp:featuredmedia":[{"embeddable":true,"href":"https:\/\/rockkofertas.com.es\/index.php\/wp-json\/wp\/v2\/media\/6796"}],"wp:attachment":[{"href":"https:\/\/rockkofertas.com.es\/index.php\/wp-json\/wp\/v2\/media?parent=6797"}],"wp:term":[{"taxonomy":"product_cat","embeddable":true,"href":"https:\/\/rockkofertas.com.es\/index.php\/wp-json\/wp\/v2\/product_cat?post=6797"},{"taxonomy":"product_tag","embeddable":true,"href":"https:\/\/rockkofertas.com.es\/index.php\/wp-json\/wp\/v2\/product_tag?post=6797"}],"curies":[{"name":"wp","href":"https:\/\/api.w.org\/{rel}","templated":true}]}}