{"id":6795,"date":"2025-11-07T22:34:51","date_gmt":"2025-11-07T22:34:51","guid":{"rendered":"https:\/\/rockkofertas.com.es\/index.php\/producto\/b0fjkdnpkv\/"},"modified":"2025-11-07T22:34:51","modified_gmt":"2025-11-07T22:34:51","slug":"b0fjkdnpkv","status":"publish","type":"product","link":"https:\/\/rockkofertas.com.es\/index.php\/producto\/b0fjkdnpkv\/","title":{"rendered":"B0FJKDNPKV"},"content":{"rendered":"<p>&#8211; Contiene una barra de prueba doble, una de repuesto es m\u00e1s segura y evita la incertidumbre causada por el error de juicio inicial.<br \/>\n&#8211; Se recomienda probar por la ma\u00f1ana, una sola l\u00ednea indica que no hay cambios, y las indicaciones de dos l\u00edneas pueden haberse ajustado.<br \/>\n&#8211; La l\u00ednea de visualizaci\u00f3n inicial es m\u00e1s ligera y se recomienda volver a probar con varios d\u00edas de diferencia para confirmar que la tendencia de cambio es m\u00e1s precisa.<br \/>\n&#8211; F\u00e1cil de operar, despu\u00e9s de abrir la tapa para tocar el l\u00edquido, los resultados se pueden ver en unos minutos.<br \/>\n&#8211; Embalaje sellado independiente, peque\u00f1o y port\u00e1til, adecuado para usar en cualquier momento en casa o viaje, para proteger la privacidad.<\/p>\n","protected":false},"excerpt":{"rendered":"<p>2 pruebas de embarazo con detecci\u00f3n precoz, diagn\u00f3stico fiable del embarazo antes de la regla esperada, manejo f\u00e1cil y resultados r\u00e1pidos<br \/>#Publicidad <span class=\"read-more\"><a class=\"more-link btn btn-transparent\" href=\"https:\/\/rockkofertas.com.es\/index.php\/producto\/b0fjkdnpkv\/\">Leer m\u00e1s&#8230;<\/a><\/span><\/p>\n","protected":false},"featured_media":6794,"comment_status":"open","ping_status":"closed","template":"","meta":[],"product_cat":[15],"product_tag":[],"class_list":{"0":"post-6795","1":"product","2":"type-product","3":"status-publish","4":"has-post-thumbnail","6":"product_cat-sin-categorizar","8":"first","9":"instock","10":"shipping-taxable","11":"product-type-external"},"_links":{"self":[{"href":"https:\/\/rockkofertas.com.es\/index.php\/wp-json\/wp\/v2\/product\/6795","targetHints":{"allow":["GET"]}}],"collection":[{"href":"https:\/\/rockkofertas.com.es\/index.php\/wp-json\/wp\/v2\/product"}],"about":[{"href":"https:\/\/rockkofertas.com.es\/index.php\/wp-json\/wp\/v2\/types\/product"}],"replies":[{"embeddable":true,"href":"https:\/\/rockkofertas.com.es\/index.php\/wp-json\/wp\/v2\/comments?post=6795"}],"wp:featuredmedia":[{"embeddable":true,"href":"https:\/\/rockkofertas.com.es\/index.php\/wp-json\/wp\/v2\/media\/6794"}],"wp:attachment":[{"href":"https:\/\/rockkofertas.com.es\/index.php\/wp-json\/wp\/v2\/media?parent=6795"}],"wp:term":[{"taxonomy":"product_cat","embeddable":true,"href":"https:\/\/rockkofertas.com.es\/index.php\/wp-json\/wp\/v2\/product_cat?post=6795"},{"taxonomy":"product_tag","embeddable":true,"href":"https:\/\/rockkofertas.com.es\/index.php\/wp-json\/wp\/v2\/product_tag?post=6795"}],"curies":[{"name":"wp","href":"https:\/\/api.w.org\/{rel}","templated":true}]}}