{"id":6793,"date":"2025-11-07T20:00:49","date_gmt":"2025-11-07T20:00:49","guid":{"rendered":"https:\/\/rockkofertas.com.es\/index.php\/producto\/b07pp7ggm9-3\/"},"modified":"2025-11-07T20:00:49","modified_gmt":"2025-11-07T20:00:49","slug":"b07pp7ggm9-3","status":"publish","type":"product","link":"https:\/\/rockkofertas.com.es\/index.php\/producto\/b07pp7ggm9-3\/","title":{"rendered":"B07PP7GGM9"},"content":{"rendered":"<p>&#8211; \u25b6Cuchillo Santoku de Acero Alem\u00e1n, Duradero &amp; Afilado &#8211; La hoja de este cuchillo de cocina Santoku es de 18cm, 7 pulgadas est\u00e1 hecha de acero alem\u00e1n de alto carbono (5Cr15MoV). El 5% de carbono puede hacer que el cuchillo de cocina sea m\u00e1s duro y m\u00e1s afilado, el 15% de cromo hace que su cuchillo sea resistente a la corrosi\u00f3n y la corrosi\u00f3n. El Cuchillo Santoko SHAN ZU de la Serie Cl\u00e1sica es f\u00e1cil de afilar, limpiar y mantener.<br \/>\n&#8211; \u25b6Cuchilla Delgada y Doble Borde, Adecuado para Zurdos &amp; Diestros &#8211; La nitidez es lo m\u00e1s importante para que el cuchillos de cocina logre los mejores cortes. La espesor de la hoja s\u00f3lo de 0.2 mm, puede cortar los alimentos r\u00e1pidamente. La hoja doble borde es m\u00e1s conveniente para manos derecha e izquierda! Y el dise\u00f1o de borde hueco de forma ovalada que minimizan el \u00e1rea de contacto entre la cuchilla y la comida, rebana m\u00e1s r\u00e1pido y mantena la limpia de la cuchilla.<br \/>\n&#8211; \u25b6Mango de Madera Pakka, Ergon\u00f3mico &amp; C\u00f3modo &#8211; El material de este cuchillo de chef profesional es Madera Pakka, que es una madera compuesta de alta calidad, tiene las ventajas de aislamiento, a prueba de humedad, resistente al aceite, antideslizante, mango dise\u00f1ado ergon\u00f3micamente que lo ayuda a sostener c\u00f3modamente.<br \/>\n&#8211; \u25b6Dise\u00f1o de Espiga Completa, Mejor Equilibrio &amp; Seguridad &#8211; Este cuchillos de cocina profesionales cuenta con el dise\u00f1o de espiga completa m\u00e1s avanzado, la cuchilla es pasada por el mango para una mayor durabilidad, pues no tiene que preocuparse por la separaci\u00f3n durante el corte. El dise\u00f1o de refuerzo con un protector grueso para brindar protecci\u00f3n para los dedos y un excelente equilibrio entre la hoja y el mango.<br \/>\n&#8211; \u25b6Cuchillo Santoku Profesional &amp; Mejor Regalo &#8211; Este cuchillo Santoku Japones es un cuchillo de cocina multifuncional, perfecto para cortar, rebanar y picar verduras, frutas, carne en restaurantes, picnics al aire libre y cocinar en casa. Es un regalo muy ideal para amigos, mam\u00e1, pap\u00e1, esposa en las fiestas como D\u00eda de Pascua, D\u00eda de la Madre, D\u00eda del Padre, D\u00eda de Acci\u00f3n de Gracias, Halloween, Navidad.<\/p>\n","protected":false},"excerpt":{"rendered":"<p>SHAN ZU Cuchillo Santoku Japones, Cuchillos de Cocina Profesionales 18cm, 7 \u00bbCuchillo Chef de Acero Inoxidable Alem\u00e1n de Alto Carbono, Cuchillos Cocinero para Frutas, Verduras, Carne<br \/>\n#Publicidad <span class=\"read-more\"><a class=\"more-link btn btn-transparent\" href=\"https:\/\/rockkofertas.com.es\/index.php\/producto\/b07pp7ggm9-3\/\">Leer m\u00e1s&#8230;<\/a><\/span><\/p>\n","protected":false},"featured_media":6792,"comment_status":"open","ping_status":"closed","template":"","meta":[],"product_cat":[15],"product_tag":[],"class_list":{"0":"post-6793","1":"product","2":"type-product","3":"status-publish","4":"has-post-thumbnail","6":"product_cat-sin-categorizar","8":"first","9":"instock","10":"shipping-taxable","11":"product-type-external"},"_links":{"self":[{"href":"https:\/\/rockkofertas.com.es\/index.php\/wp-json\/wp\/v2\/product\/6793","targetHints":{"allow":["GET"]}}],"collection":[{"href":"https:\/\/rockkofertas.com.es\/index.php\/wp-json\/wp\/v2\/product"}],"about":[{"href":"https:\/\/rockkofertas.com.es\/index.php\/wp-json\/wp\/v2\/types\/product"}],"replies":[{"embeddable":true,"href":"https:\/\/rockkofertas.com.es\/index.php\/wp-json\/wp\/v2\/comments?post=6793"}],"wp:featuredmedia":[{"embeddable":true,"href":"https:\/\/rockkofertas.com.es\/index.php\/wp-json\/wp\/v2\/media\/6792"}],"wp:attachment":[{"href":"https:\/\/rockkofertas.com.es\/index.php\/wp-json\/wp\/v2\/media?parent=6793"}],"wp:term":[{"taxonomy":"product_cat","embeddable":true,"href":"https:\/\/rockkofertas.com.es\/index.php\/wp-json\/wp\/v2\/product_cat?post=6793"},{"taxonomy":"product_tag","embeddable":true,"href":"https:\/\/rockkofertas.com.es\/index.php\/wp-json\/wp\/v2\/product_tag?post=6793"}],"curies":[{"name":"wp","href":"https:\/\/api.w.org\/{rel}","templated":true}]}}