{"id":6791,"date":"2025-11-07T18:10:00","date_gmt":"2025-11-07T18:10:00","guid":{"rendered":"https:\/\/rockkofertas.com.es\/index.php\/producto\/b0f1d6c876-2\/"},"modified":"2025-11-07T18:10:00","modified_gmt":"2025-11-07T18:10:00","slug":"b0f1d6c876-2","status":"publish","type":"product","link":"https:\/\/rockkofertas.com.es\/index.php\/producto\/b0f1d6c876-2\/","title":{"rendered":"B0F1D6C876"},"content":{"rendered":"<p>&#8211; \ud835\udc08\ud835\udc27\ud835\udc1f\ud835\udc28\ud835\udc2b\ud835\udc26\ud835\udc1a\ud835\udc1c\ud835\udc22\u00f3\ud835\udc27 \ud835\udc02\ud835\udc25\ud835\udc1a\ud835\udc2f\ud835\udc1e \ud835\udc00\ud835\udc27\ud835\udc2d\ud835\udc1e\ud835\udc2c \ud835\udc1d\ud835\udc1e \ud835\udc02\ud835\udc28\ud835\udc26\ud835\udc29\ud835\udc2b\ud835\udc1a\ud835\udc2b:CarPlay inal\u00e1mbrico es compatible solo con veh\u00edculos de 2016 en adelante que tengan soporte OEM para CarPlay\/Android Auto por cable. Aseg\u00farate de que Wi-Fi y Bluetooth est\u00e9n activados y no ocupados por otros dispositivos<br \/>\n&#8211; \u3010\ud835\udc00\ud835\udc1d\ud835\udc1a\ud835\udc29\ud835\udc2d\ud835\udc1a\ud835\udc1d\ud835\udc28\ud835\udc2b \ud835\udc22\ud835\udc27\ud835\udc1a\ud835\udc25\u00e1\ud835\udc26\ud835\udc1b\ud835\udc2b\ud835\udc22\ud835\udc1c\ud835\udc28 \ud835\udc02\ud835\udc1a\ud835\udc2b\ud835\udc0f\ud835\udc25\ud835\udc1a\ud835\udc32 \ud835\udc32 \ud835\udc00\ud835\udc27\ud835\udc1d\ud835\udc2b\ud835\udc28\ud835\udc22\ud835\udc1d \ud835\udc00\ud835\udc2e\ud835\udc2d\ud835\udc28\u3011Adaptador CarPlay se conecta a veh\u00edculos con CarPlay\/Android Auto por cable y permite una conexi\u00f3n inal\u00e1mbrica. Disfruta de navegaci\u00f3n, m\u00fasica, asistente Siri y llamadas telef\u00f3nicas sin cables, facilitando tu conducci\u00f3n<br \/>\n&#8211; \u3010\ud835\udc03\ud835\udc22\ud835\udc2c\ud835\udc1e\u00f1\ud835\udc28 \ud835\udc12\ud835\udc22\ud835\udc26\ud835\udc29\ud835\udc25\ud835\udc1e\u3011El nuevo adaptador CarPlay inal\u00e1mbrico ha reducido su tama\u00f1o en un 50%, midiendo solo 38 \u00d7 22 \u00d7 10 mm y pesando 10 gramos, lo que lo hace f\u00e1cil de llevar y sin ocupar espacio. Soporta conectores Type-C\/USB, asegurando una conexi\u00f3n firme al puerto del veh\u00edculo para evitar que se suelte<br \/>\n&#8211; \u3010\ud835\udc02\ud835\udc28\ud835\udc27\ud835\udc1e\ud835\udc1c\ud835\udc2d\ud835\udc1a\ud835\udc2b \ud835\udc32 \ud835\udc14\ud835\udc2c\ud835\udc1a\ud835\udc2b\u30111.Inserta el CarPlay Android Auto en el puerto de datos del autom\u00f3vil 2.Activa CarPlay en la pantalla del veh\u00edculo 3.Enciende Bluetooth y Wi-Fi, y conecta el Bluetooth del adaptador. Despu\u00e9s de la primera conexi\u00f3n, se conectar\u00e1 autom\u00e1ticamente cada vez que entres al coche, sin necesidad de volver a configurarlo<br \/>\n&#8211; \u3010\ud835\udc01\ud835\udc25\ud835\udc2e\ud835\udc1e\ud835\udc2d\ud835\udc28\ud835\udc28\ud835\udc2d\ud835\udc21 \ud835\udfd3.\ud835\udfce &amp; \ud835\udc16\ud835\udc22\ud835\udc05\ud835\udc22 \ud835\udc03\ud835\udc2e\ud835\udc1a\ud835\udc25\u3011El adaptador inal\u00e1mbrico Android Auto utiliza tecnolog\u00eda Bluetooth 5.0, proporcionando una se\u00f1al potente, estable y de bajo consumo. Soporta Wi-Fi de doble canal 2.4G y 5.8GHz, asegurando una conexi\u00f3n fluida y de alta calidad sin ca\u00eddas ni retrasos<br \/>\n&#8211; \u3010\ud835\udfd6\ud835\udfce\ud835\udfce+ \ud835\udc0c\ud835\udc28\ud835\udc1d\ud835\udc1e\ud835\udc25\ud835\udc28\ud835\udc2c \ud835\udc1d\ud835\udc22\ud835\udc2c\ud835\udc29\ud835\udc28\ud835\udc27\ud835\udc22\ud835\udc1b\ud835\udc25\ud835\udc1e\ud835\udc2c\u3011Para un rendimiento \u00f3ptimo, usa Android 11.0+ o iOS 10+. Si tu autom\u00f3vil es compatible con CarPlay\/Android Auto, este adaptador es la soluci\u00f3n ideal para actualizar, sin necesidad de modificaciones complejas<br \/>\n&#8211; \u3010\ud835\udc0c\ud835\udc1a\ud835\udc27\ud835\udc2d\ud835\udc22\ud835\udc1e\ud835\udc27\ud835\udc1e \ud835\udc25\ud835\udc1a \ud835\udc05\ud835\udc2e\ud835\udc27\ud835\udc1c\ud835\udc22\u00f3\ud835\udc27 \ud835\udc0e\ud835\udc2b\ud835\udc22\ud835\udc20\ud835\udc22\ud835\udc27\ud835\udc1a\ud835\udc25 \ud835\udc1d\ud835\udc1e\ud835\udc25 \ud835\udc02\ud835\udc28\ud835\udc1c\ud835\udc21\ud835\udc1e &amp; \ud835\udc12\ud835\udc28\ud835\udc29\ud835\udc28\ud835\udc2b\ud835\udc2d\ud835\udc1e \ud835\udc1d\ud835\udc1e \ud835\udc12\ud835\udc1e\ud835\udc2b\ud835\udc2f\ud835\udc22\ud835\udc1c\ud835\udc22\ud835\udc28\u3011El adaptador Android Auto te permite usar CarPlay\/Android Auto inal\u00e1mbrico sin afectar las funciones de tu coche. Si tienes problemas o dudas de compatibilidad, cont\u00e1ctanos. Te ofrecemos soporte r\u00e1pido, incluyendo actualizaciones y soluciones a errores<br \/>\n&#8211; \ud835\udc0c\ud835\udc28\ud835\udc1d\ud835\udc1e\ud835\udc25\ud835\udc28\ud835\udc2c \ud835\udc22\ud835\udc27\ud835\udc1c\ud835\udc28\ud835\udc26\ud835\udc29\ud835\udc1a\ud835\udc2d\ud835\udc22\ud835\udc1b\ud835\udc25\ud835\udc1e\ud835\udc2c\uff1a\u0160koda 0ctavia (2016), K0diaq (2019)\/Su-baru XV (2018)\/F-iat 500X (2021)\/Peuge0t 5008, Ex-pert 3\/T0yota Cor0lla, RA-V4\/Kia Sp0rtage\/Au-di Q5, Q2 (2018), A3 Cabri0let\/V0lkswagen G0lf MK7 (2016), Pa-ssat B8\/Hyun-dai i20, 2019\/Da-cia Duster\/Seat<\/p>\n","protected":false},"excerpt":{"rendered":"<p>LAMTTO Adaptador CarPlay Inal\u00e1mbrico 2 en 1 para Apple CarPlay y Android Auto, CarPlay Dongle Convierte Cable a Inal\u00e1mbrico con USB C\/A Plug and Play Compatible con iOS 10+ y Coches con CarPlay<br \/>#Publicidad <span class=\"read-more\"><a class=\"more-link btn btn-transparent\" href=\"https:\/\/rockkofertas.com.es\/index.php\/producto\/b0f1d6c876-2\/\">Leer m\u00e1s&#8230;<\/a><\/span><\/p>\n","protected":false},"featured_media":6790,"comment_status":"open","ping_status":"closed","template":"","meta":[],"product_cat":[15],"product_tag":[],"class_list":{"0":"post-6791","1":"product","2":"type-product","3":"status-publish","4":"has-post-thumbnail","6":"product_cat-sin-categorizar","8":"first","9":"instock","10":"shipping-taxable","11":"product-type-external"},"_links":{"self":[{"href":"https:\/\/rockkofertas.com.es\/index.php\/wp-json\/wp\/v2\/product\/6791","targetHints":{"allow":["GET"]}}],"collection":[{"href":"https:\/\/rockkofertas.com.es\/index.php\/wp-json\/wp\/v2\/product"}],"about":[{"href":"https:\/\/rockkofertas.com.es\/index.php\/wp-json\/wp\/v2\/types\/product"}],"replies":[{"embeddable":true,"href":"https:\/\/rockkofertas.com.es\/index.php\/wp-json\/wp\/v2\/comments?post=6791"}],"wp:featuredmedia":[{"embeddable":true,"href":"https:\/\/rockkofertas.com.es\/index.php\/wp-json\/wp\/v2\/media\/6790"}],"wp:attachment":[{"href":"https:\/\/rockkofertas.com.es\/index.php\/wp-json\/wp\/v2\/media?parent=6791"}],"wp:term":[{"taxonomy":"product_cat","embeddable":true,"href":"https:\/\/rockkofertas.com.es\/index.php\/wp-json\/wp\/v2\/product_cat?post=6791"},{"taxonomy":"product_tag","embeddable":true,"href":"https:\/\/rockkofertas.com.es\/index.php\/wp-json\/wp\/v2\/product_tag?post=6791"}],"curies":[{"name":"wp","href":"https:\/\/api.w.org\/{rel}","templated":true}]}}