{"id":6789,"date":"2025-11-07T17:26:09","date_gmt":"2025-11-07T17:26:09","guid":{"rendered":"https:\/\/rockkofertas.com.es\/index.php\/producto\/b0fwkh3rcm-2\/"},"modified":"2025-11-07T17:26:09","modified_gmt":"2025-11-07T17:26:09","slug":"b0fwkh3rcm-2","status":"publish","type":"product","link":"https:\/\/rockkofertas.com.es\/index.php\/producto\/b0fwkh3rcm-2\/","title":{"rendered":"B0FWKH3RCM"},"content":{"rendered":"<p>&#8211; \u26c5 \u3010Deshumidificaci\u00f3n de Alta Eficiencia\u3011\u26c5 Este peque\u00f1o deshumidificador utiliza tecnolog\u00eda semiconductor y puede recoger hasta 300-500 ml de agua al d\u00eda en una habitaci\u00f3n peque\u00f1a y cerrada con 30\u00b0C y un 80% de humedad relativa. Te ayuda a eliminar cualquier problema de humedad, permiti\u00e9ndote disfrutar de un ambiente confortable.<br \/>\n&#8211; \u26c5 \u3010Ultra Silencioso\u3011\u26c5 Este deshumidificador el\u00e9ctrico emplea un motor de corriente continua que funciona en silencio, con un nivel de ruido de solo 35 dB, sin molestar en el trabajo ni en la vida diaria. En el modo reposo apenas se percibe sonido; el producto apaga todas las luces y funciona con bajo consumo, creando un entorno tranquilo para dormir.<br \/>\n&#8211; \u26c5 \u3010Protecci\u00f3n de Apagado Autom\u00e1tico\u3011\u26c5 El deshumidificador cuenta con un amplio dep\u00f3sito de agua de 1.3L que le permite funcionar durante mucho tiempo, evitando tener que vaciarlo con frecuencia. Se apaga autom\u00e1ticamente cuando est\u00e1 lleno y una luz roja parpadea para avisarte de vaciar el dep\u00f3sito, evitando derrames.<br \/>\n&#8211; \u26c5 \u3010Descongelaci\u00f3n Autom\u00e1tica\u3011\u26c5 A diferencia de otros dispositivos, nuestro deshumidificador incorpora funci\u00f3n de descongelaci\u00f3n autom\u00e1tica para garantizar un funcionamiento sin problemas. Cuando el sensor de temperatura detecta escarcha en las aletas del condensador, la funci\u00f3n de descongelaci\u00f3n se activa autom\u00e1ticamente. Al subir la temperatura, la funci\u00f3n se desactiva.<br \/>\n&#8211; \u26c5 \u3010Luces LED de 7 Colores Regulables\u3011\u26c5 Este deshumidificador incluye luces LED integradas que cambian de color, creando una atm\u00f3sfera elegante por la noche. Puedes elegir un color fijo o configurarlas para que cambien autom\u00e1ticamente. Tambi\u00e9n puedes seleccionar el modo noche, que apagar\u00e1 todas las luces al acostarte.<\/p>\n","protected":false},"excerpt":{"rendered":"<p>Deshumidificador Hogar, 1.3L Deshumidificadores Silenciosos con Descongelaci\u00f3n Autom\u00e1tica 2 Modos, Apagado Autom\u00e1tico y Temporizador de 24 Horas, Luces de 7 Colores<br \/>#Publicidad <span class=\"read-more\"><a class=\"more-link btn btn-transparent\" href=\"https:\/\/rockkofertas.com.es\/index.php\/producto\/b0fwkh3rcm-2\/\">Leer m\u00e1s&#8230;<\/a><\/span><\/p>\n","protected":false},"featured_media":6788,"comment_status":"open","ping_status":"closed","template":"","meta":[],"product_cat":[15],"product_tag":[],"class_list":{"0":"post-6789","1":"product","2":"type-product","3":"status-publish","4":"has-post-thumbnail","6":"product_cat-sin-categorizar","8":"first","9":"instock","10":"shipping-taxable","11":"product-type-external"},"_links":{"self":[{"href":"https:\/\/rockkofertas.com.es\/index.php\/wp-json\/wp\/v2\/product\/6789","targetHints":{"allow":["GET"]}}],"collection":[{"href":"https:\/\/rockkofertas.com.es\/index.php\/wp-json\/wp\/v2\/product"}],"about":[{"href":"https:\/\/rockkofertas.com.es\/index.php\/wp-json\/wp\/v2\/types\/product"}],"replies":[{"embeddable":true,"href":"https:\/\/rockkofertas.com.es\/index.php\/wp-json\/wp\/v2\/comments?post=6789"}],"wp:featuredmedia":[{"embeddable":true,"href":"https:\/\/rockkofertas.com.es\/index.php\/wp-json\/wp\/v2\/media\/6788"}],"wp:attachment":[{"href":"https:\/\/rockkofertas.com.es\/index.php\/wp-json\/wp\/v2\/media?parent=6789"}],"wp:term":[{"taxonomy":"product_cat","embeddable":true,"href":"https:\/\/rockkofertas.com.es\/index.php\/wp-json\/wp\/v2\/product_cat?post=6789"},{"taxonomy":"product_tag","embeddable":true,"href":"https:\/\/rockkofertas.com.es\/index.php\/wp-json\/wp\/v2\/product_tag?post=6789"}],"curies":[{"name":"wp","href":"https:\/\/api.w.org\/{rel}","templated":true}]}}