{"id":6785,"date":"2025-11-07T16:09:59","date_gmt":"2025-11-07T16:09:59","guid":{"rendered":"https:\/\/rockkofertas.com.es\/index.php\/producto\/b0fdkmqm9b\/"},"modified":"2025-11-07T16:09:59","modified_gmt":"2025-11-07T16:09:59","slug":"b0fdkmqm9b","status":"publish","type":"product","link":"https:\/\/rockkofertas.com.es\/index.php\/producto\/b0fdkmqm9b\/","title":{"rendered":"B0FDKMQM9B"},"content":{"rendered":"<p>&#8211; [TPU transparente para mayor claridad] Esta carcasa para nintendo switch 2 est\u00e1 fabricada con TPU transparente, lo que ofrece una visi\u00f3n clara de la consola y una protecci\u00f3n superior. El material es flexible y duradero, lo que garantiza que tu dispositivo est\u00e9 protegido de ara\u00f1azos e impactos.<br \/>\n&#8211; [Cubiertas de agarre desmontables para personalizar] La cubierta de agarre para nintendo switch 2 cuenta con agarres de TPU desmontables, lo que te permite personalizar la configuraci\u00f3n seg\u00fan tus preferencias de juego. Retira o coloca f\u00e1cilmente los agarres seg\u00fan tus necesidades para una m\u00e1xima flexibilidad.<br \/>\n&#8211; [Dise\u00f1o ergon\u00f3mico para mayor comodidad] Dise\u00f1ada con un dise\u00f1o ergon\u00f3mico, esta funda protectora para nintendo switch 2 garantiza un agarre c\u00f3modo durante largas sesiones de juego. El TPU suave reduce la fatiga de la mano y proporciona un agarre antideslizante.<br \/>\n&#8211; [Recortes precisos para una funcionalidad completa] Con recortes ubicados con precisi\u00f3n, esta funda protectora para nintendo switch 2 permite un acceso completo a todos los puertos y botones. Puedes conectar accesorios f\u00e1cilmente o usar la base de expansi\u00f3n sin problemas.<br \/>\n&#8211; [Pel\u00edcula templada de alta calidad para protecci\u00f3n de pantalla] El paquete incluye un protector de pantalla de pel\u00edcula templada de alta calidad para la nintendo switch 2. Ofrece una claridad superior y resistencia a los ara\u00f1azos, manteniendo la pantalla segura y despejada durante el juego.<\/p>\n","protected":false},"excerpt":{"rendered":"<p>HEYSTOP Carcasa para Nintendo Switch 2 Modelos, Funda TPU Suave Dockable Transparente con Protector de Pantalla Switch 2 y Tapas de Silicona para el Pulgar para el Mando de Nintendo Switch 2<br \/>#Publicidad <span class=\"read-more\"><a class=\"more-link btn btn-transparent\" href=\"https:\/\/rockkofertas.com.es\/index.php\/producto\/b0fdkmqm9b\/\">Leer m\u00e1s&#8230;<\/a><\/span><\/p>\n","protected":false},"featured_media":6784,"comment_status":"open","ping_status":"closed","template":"","meta":[],"product_cat":[15],"product_tag":[],"class_list":{"0":"post-6785","1":"product","2":"type-product","3":"status-publish","4":"has-post-thumbnail","6":"product_cat-sin-categorizar","8":"first","9":"instock","10":"shipping-taxable","11":"product-type-external"},"_links":{"self":[{"href":"https:\/\/rockkofertas.com.es\/index.php\/wp-json\/wp\/v2\/product\/6785","targetHints":{"allow":["GET"]}}],"collection":[{"href":"https:\/\/rockkofertas.com.es\/index.php\/wp-json\/wp\/v2\/product"}],"about":[{"href":"https:\/\/rockkofertas.com.es\/index.php\/wp-json\/wp\/v2\/types\/product"}],"replies":[{"embeddable":true,"href":"https:\/\/rockkofertas.com.es\/index.php\/wp-json\/wp\/v2\/comments?post=6785"}],"wp:featuredmedia":[{"embeddable":true,"href":"https:\/\/rockkofertas.com.es\/index.php\/wp-json\/wp\/v2\/media\/6784"}],"wp:attachment":[{"href":"https:\/\/rockkofertas.com.es\/index.php\/wp-json\/wp\/v2\/media?parent=6785"}],"wp:term":[{"taxonomy":"product_cat","embeddable":true,"href":"https:\/\/rockkofertas.com.es\/index.php\/wp-json\/wp\/v2\/product_cat?post=6785"},{"taxonomy":"product_tag","embeddable":true,"href":"https:\/\/rockkofertas.com.es\/index.php\/wp-json\/wp\/v2\/product_tag?post=6785"}],"curies":[{"name":"wp","href":"https:\/\/api.w.org\/{rel}","templated":true}]}}