{"id":6783,"date":"2025-11-07T16:09:54","date_gmt":"2025-11-07T16:09:54","guid":{"rendered":"https:\/\/rockkofertas.com.es\/index.php\/producto\/b0f2fnzybr\/"},"modified":"2025-11-07T16:09:54","modified_gmt":"2025-11-07T16:09:54","slug":"b0f2fnzybr","status":"publish","type":"product","link":"https:\/\/rockkofertas.com.es\/index.php\/producto\/b0f2fnzybr\/","title":{"rendered":"B0F2FNZYBR"},"content":{"rendered":"<p>&#8211; [Ideal para Diversi\u00f3n con Dos Jugadores] El set de agarre 3 en 1 admite dos jugadores, permiti\u00e9ndote disfrutar de juegos de carreras competitivos como Mario Kart con un amigo o familiar. La configuraci\u00f3n dual mejora la experiencia multijugador, haci\u00e9ndolo perfecto para partidas compartidas.<br \/>\n&#8211; [F\u00e1cil Instalaci\u00f3n y Desmontaje] Dise\u00f1ados para mayor comodidad, estos agarres de carreras y agarres peque\u00f1os son f\u00e1ciles de instalar y desmontar de tu Joy-Con de switch 2. Esta sencilla funci\u00f3n garantiza una instalaci\u00f3n r\u00e1pida y un almacenamiento sin complicaciones al terminar de jugar.<br \/>\n&#8211; [Materiales de Alta Calidad para una Mayor Durabilidad] Fabricados con materiales de primera calidad, estos accesorios est\u00e1n hechos para durar. Ofrecen una excelente durabilidad y resistencia al desgaste, asegurando un rendimiento y una diversi\u00f3n duraderos tanto para ni\u00f1os como para adultos.<br \/>\n&#8211; [Dise\u00f1o compacto para portabilidad] Las empu\u00f1aduras de carreras y las peque\u00f1as empu\u00f1aduras tienen un dise\u00f1o compacto, lo que facilita su transporte y almacenamiento. Ya sea que viajes o juegues en cualquier lugar, estos accesorios son el complemento perfecto para tu switch 2.<br \/>\n&#8211; [Regalo perfecto para los entusiastas de los videojuegos] Este set de empu\u00f1aduras 3 en 1 es el regalo ideal para los amantes de los juegos de carreras que tienen una switch 2. A\u00f1ade un nuevo nivel de emoci\u00f3n e inmersi\u00f3n a su experiencia de juego, lo que lo convierte en un regalo ideal para cumplea\u00f1os, festividades o cualquier ocasi\u00f3n especial.<\/p>\n","protected":false},"excerpt":{"rendered":"<p>HEYSTOP Joy-Con Grip Compatible con Nintendo Switch 2, Set de Fundas 3 en 1 para Joy-Con, Accesorios para Mandos de Juego,Juegos de Carreras Compatible con el Control Compatible con Nintendo Switch 2<br \/>#Publicidad <span class=\"read-more\"><a class=\"more-link btn btn-transparent\" href=\"https:\/\/rockkofertas.com.es\/index.php\/producto\/b0f2fnzybr\/\">Leer m\u00e1s&#8230;<\/a><\/span><\/p>\n","protected":false},"featured_media":6782,"comment_status":"open","ping_status":"closed","template":"","meta":[],"product_cat":[15],"product_tag":[],"class_list":{"0":"post-6783","1":"product","2":"type-product","3":"status-publish","4":"has-post-thumbnail","6":"product_cat-sin-categorizar","8":"first","9":"instock","10":"shipping-taxable","11":"product-type-external"},"_links":{"self":[{"href":"https:\/\/rockkofertas.com.es\/index.php\/wp-json\/wp\/v2\/product\/6783","targetHints":{"allow":["GET"]}}],"collection":[{"href":"https:\/\/rockkofertas.com.es\/index.php\/wp-json\/wp\/v2\/product"}],"about":[{"href":"https:\/\/rockkofertas.com.es\/index.php\/wp-json\/wp\/v2\/types\/product"}],"replies":[{"embeddable":true,"href":"https:\/\/rockkofertas.com.es\/index.php\/wp-json\/wp\/v2\/comments?post=6783"}],"wp:featuredmedia":[{"embeddable":true,"href":"https:\/\/rockkofertas.com.es\/index.php\/wp-json\/wp\/v2\/media\/6782"}],"wp:attachment":[{"href":"https:\/\/rockkofertas.com.es\/index.php\/wp-json\/wp\/v2\/media?parent=6783"}],"wp:term":[{"taxonomy":"product_cat","embeddable":true,"href":"https:\/\/rockkofertas.com.es\/index.php\/wp-json\/wp\/v2\/product_cat?post=6783"},{"taxonomy":"product_tag","embeddable":true,"href":"https:\/\/rockkofertas.com.es\/index.php\/wp-json\/wp\/v2\/product_tag?post=6783"}],"curies":[{"name":"wp","href":"https:\/\/api.w.org\/{rel}","templated":true}]}}