{"id":6781,"date":"2025-11-07T16:09:47","date_gmt":"2025-11-07T16:09:47","guid":{"rendered":"https:\/\/rockkofertas.com.es\/index.php\/producto\/b0f2fgvb7k-3\/"},"modified":"2025-11-07T16:09:47","modified_gmt":"2025-11-07T16:09:47","slug":"b0f2fgvb7k-3","status":"publish","type":"product","link":"https:\/\/rockkofertas.com.es\/index.php\/producto\/b0f2fgvb7k-3\/","title":{"rendered":"B0F2FGVB7K"},"content":{"rendered":"<p>&#8211; [Funda de transporte grande para nintendo switch 2] Nuestra funda de transporte est\u00e1 dise\u00f1ada para guardar de forma segura tu nintendo switch 2 y sus accesorios. Dispone de un peque\u00f1o bolsillo de malla para objetos como las empu\u00f1aduras y tiene capacidad para hasta 18 tarjetas de juego, lo que la hace perfecta para viajar. Su resistente construcci\u00f3n garantiza que tu nintendo switch 2 y sus accesorios est\u00e9n bien protegidos durante el transporte, perfecto para los jugadores que se desplazan.<br \/>\n&#8211; [Funda de TPU para Switch 2] La funda protectora est\u00e1 fabricada con material de TPU de alta calidad para ofrecer una excelente resistencia a ca\u00eddas y ara\u00f1azos. El dise\u00f1o delgado protege su nintendo switch 2 manteniendo su aspecto elegante. Compatible con el dock de nintendo switch 2 para una f\u00e1cil conectividad a la TV. Esta funda protectora es una opci\u00f3n fiable para mantener su consola de juegos en las mejores condiciones.<br \/>\n&#8211; [Pel\u00edcula templada Switch 2] Nuestra pel\u00edcula templada HD protege la pantalla de ara\u00f1azos y manchas, manteniendo la claridad. Su f\u00e1cil instalaci\u00f3n garantiza una instalaci\u00f3n sin burbujas. La alta claridad mantiene la pantalla de tu nintendo switch 2 vibrante y colorida. Este protector de pantalla garantiza que tu pantalla mantenga su mejor aspecto.<br \/>\n&#8211; [Joystick Volantes y Pu\u00f1os] Disfruta de juegos de carreras inmersivos con nuestros volantes y pu\u00f1os. Proporcionan una sensaci\u00f3n de conducci\u00f3n realista y hacen que cada giro parezca real. Son ligeros y f\u00e1ciles de instalar para un agarre c\u00f3modo y seguro. Estos accesorios son perfectos para juegos multijugador, lo que te permite compartir la diversi\u00f3n con tus amigos.<br \/>\n&#8211; [Tapas de pulgar para nintendo switch 2] Protege tu joystick de nintendo switch 2 con nuestras suaves tapas de silicona para los pulgares. Se ajustan perfectamente al joystick para evitar el desgaste y proporcionar un agarre c\u00f3modo y preciso. Disponibles en seis estilos, puedes personalizar tu accesorio. Estas fundas de pulgar son imprescindibles para mantener tu consola en perfecto estado.<\/p>\n","protected":false},"excerpt":{"rendered":"<p>HEYSTOP Funda para Nintendo Switch 2 Paquete de Accesorios con Carcasa Protectora para Switch 2 Pel\u00edcula Templada para Switch 2,Volante de Carreras y Funda de Joycon para El Mando de Nintendo Switch 2<br \/>#Publicidad <span class=\"read-more\"><a class=\"more-link btn btn-transparent\" href=\"https:\/\/rockkofertas.com.es\/index.php\/producto\/b0f2fgvb7k-3\/\">Leer m\u00e1s&#8230;<\/a><\/span><\/p>\n","protected":false},"featured_media":6780,"comment_status":"open","ping_status":"closed","template":"","meta":[],"product_cat":[15],"product_tag":[],"class_list":{"0":"post-6781","1":"product","2":"type-product","3":"status-publish","4":"has-post-thumbnail","6":"product_cat-sin-categorizar","8":"first","9":"instock","10":"shipping-taxable","11":"product-type-external"},"_links":{"self":[{"href":"https:\/\/rockkofertas.com.es\/index.php\/wp-json\/wp\/v2\/product\/6781","targetHints":{"allow":["GET"]}}],"collection":[{"href":"https:\/\/rockkofertas.com.es\/index.php\/wp-json\/wp\/v2\/product"}],"about":[{"href":"https:\/\/rockkofertas.com.es\/index.php\/wp-json\/wp\/v2\/types\/product"}],"replies":[{"embeddable":true,"href":"https:\/\/rockkofertas.com.es\/index.php\/wp-json\/wp\/v2\/comments?post=6781"}],"wp:featuredmedia":[{"embeddable":true,"href":"https:\/\/rockkofertas.com.es\/index.php\/wp-json\/wp\/v2\/media\/6780"}],"wp:attachment":[{"href":"https:\/\/rockkofertas.com.es\/index.php\/wp-json\/wp\/v2\/media?parent=6781"}],"wp:term":[{"taxonomy":"product_cat","embeddable":true,"href":"https:\/\/rockkofertas.com.es\/index.php\/wp-json\/wp\/v2\/product_cat?post=6781"},{"taxonomy":"product_tag","embeddable":true,"href":"https:\/\/rockkofertas.com.es\/index.php\/wp-json\/wp\/v2\/product_tag?post=6781"}],"curies":[{"name":"wp","href":"https:\/\/api.w.org\/{rel}","templated":true}]}}