{"id":6779,"date":"2025-11-07T16:00:54","date_gmt":"2025-11-07T16:00:54","guid":{"rendered":"https:\/\/rockkofertas.com.es\/index.php\/producto\/b0fktmy8rc\/"},"modified":"2025-11-07T16:00:54","modified_gmt":"2025-11-07T16:00:54","slug":"b0fktmy8rc","status":"publish","type":"product","link":"https:\/\/rockkofertas.com.es\/index.php\/producto\/b0fktmy8rc\/","title":{"rendered":"B0FKTMY8RC"},"content":{"rendered":"<p>&#8211; Incluye tecnolog\u00eda PTC y NTC para una mayor seguridad y control del calor, adem\u00e1s de eficiencia energ\u00e9tica. Gran \u00e1rea de cobertura: gracias a su tama\u00f1o de 200 x 180 cm para amplias superficies, conseguir\u00e1s un agradable confort incluso en camas individuales. Adem\u00e1s, est\u00e1 fabricado con un cable extralargo para facilitar el movimiento y que puedas tumbarte de forma c\u00f3moda.<br \/>\n&#8211; Se adapta a tus necesidades: sus 10 niveles de temperatura te permitir\u00e1 adaptar el calor necesario a cada circunstancia y necesidad que tengas, para una relajaci\u00f3n total. Rendimiento \u00f3ptimo: potencia de 130 W que permite un funcionamiento perfecto.<br \/>\n&#8211; M\u00e1xima seguridad: cuenta con un temporizador con apagado autom\u00e1tico, lo que te permitir\u00e1 ahorrar energ\u00eda y seguridad gracias a su protecci\u00f3n contra sobrecalentamientos.<br \/>\n&#8211; M\u00e1xima comodidad y calidez: material de forro polar y sherpa de alta calidad que ofrece la m\u00e1xima comodidad y calidez en cada uso. Dominio total: con su controlador LCD de alta calidad tendr\u00e1s un manejo total de la manta, para un uso a medida.<br \/>\n&#8211; Lavado f\u00e1cil: con su controlador LCD de alta calidad podr\u00e1s tener un manejo total de la manta. Adem\u00e1s, gracias a que es extra\u00edble, podr\u00e1s lavarlo a m\u00e1quina con total seguridad.<\/p>\n","protected":false},"excerpt":{"rendered":"<p>Cecotec Manta El\u00e9ctrica 200x180cm HeatConfort Luma (200 x 180). 130W, 10 Niveles de Temperatura Ajustables, Controlador LCD Extra\u00edble, Temporizador con Apagado Autom\u00e1tico, PTC+ Tecnolog\u00eda NTC<br \/>\n#Publicidad <span class=\"read-more\"><a class=\"more-link btn btn-transparent\" href=\"https:\/\/rockkofertas.com.es\/index.php\/producto\/b0fktmy8rc\/\">Leer m\u00e1s&#8230;<\/a><\/span><\/p>\n","protected":false},"featured_media":6778,"comment_status":"open","ping_status":"closed","template":"","meta":[],"product_cat":[15],"product_tag":[],"class_list":{"0":"post-6779","1":"product","2":"type-product","3":"status-publish","4":"has-post-thumbnail","6":"product_cat-sin-categorizar","8":"first","9":"instock","10":"shipping-taxable","11":"product-type-external"},"_links":{"self":[{"href":"https:\/\/rockkofertas.com.es\/index.php\/wp-json\/wp\/v2\/product\/6779","targetHints":{"allow":["GET"]}}],"collection":[{"href":"https:\/\/rockkofertas.com.es\/index.php\/wp-json\/wp\/v2\/product"}],"about":[{"href":"https:\/\/rockkofertas.com.es\/index.php\/wp-json\/wp\/v2\/types\/product"}],"replies":[{"embeddable":true,"href":"https:\/\/rockkofertas.com.es\/index.php\/wp-json\/wp\/v2\/comments?post=6779"}],"wp:featuredmedia":[{"embeddable":true,"href":"https:\/\/rockkofertas.com.es\/index.php\/wp-json\/wp\/v2\/media\/6778"}],"wp:attachment":[{"href":"https:\/\/rockkofertas.com.es\/index.php\/wp-json\/wp\/v2\/media?parent=6779"}],"wp:term":[{"taxonomy":"product_cat","embeddable":true,"href":"https:\/\/rockkofertas.com.es\/index.php\/wp-json\/wp\/v2\/product_cat?post=6779"},{"taxonomy":"product_tag","embeddable":true,"href":"https:\/\/rockkofertas.com.es\/index.php\/wp-json\/wp\/v2\/product_tag?post=6779"}],"curies":[{"name":"wp","href":"https:\/\/api.w.org\/{rel}","templated":true}]}}