{"id":6773,"date":"2025-11-07T11:23:18","date_gmt":"2025-11-07T11:23:18","guid":{"rendered":"https:\/\/rockkofertas.com.es\/index.php\/producto\/b0ffn1p39t-3\/"},"modified":"2025-11-07T11:23:18","modified_gmt":"2025-11-07T11:23:18","slug":"b0ffn1p39t-3","status":"publish","type":"product","link":"https:\/\/rockkofertas.com.es\/index.php\/producto\/b0ffn1p39t-3\/","title":{"rendered":"B0FFN1P39T"},"content":{"rendered":"<p>&#8211; \u3010Potencia potente\u3011 Este soplador de polvo el\u00e9ctrico alcanza una velocidad de hasta 130.000 RPM, eliminando eficazmente el polvo y los residuos. Equipado con una bater\u00eda recargable de gran capacidad de 3000 mAh, su larga duraci\u00f3n lo convierte en una alternativa econ\u00f3mica y ecol\u00f3gica a los aspiradores desechables, lo que optimiza la limpieza.<br \/>\n&#8211; \u3010Motor sin Escobillas\u3011Este soplador aire comprimido incorpora un motor sin escobillas de alto rendimiento para una succi\u00f3n poderosa. Disfrute de una operaci\u00f3n silenciosa, una eficiencia energ\u00e9tica superior y una vida \u00fatil extremadamente larga. La herramienta definitiva para una limpieza intensiva y eficaz.<br \/>\n&#8211; \u3010Funcionamiento sencillo\u3011 Pulsa el bot\u00f3n de control para activar la primera velocidad de viento y vuelve a pulsarlo para cambiar a la segunda y tercera. Mantenga pulsado el bot\u00f3n de control durante 0,5 segundos para activar el modo Super Wind y su\u00e9ltelo para desactivarlo. Puede ajustar f\u00e1cilmente la velocidad del viento sin necesidad de configuraciones complejas.\u00a1Ven a probar nuestro soplador de aire!<br \/>\n&#8211; \u3010Carga r\u00e1pida y cuatro velocidades de viento superr\u00e1pido\u3011 Nuestro aire comprimido utiliza una interfaz tipo C y se carga completamente en aproximadamente 2,5 horas (CC 5 V\/2 A). Cuatro modos de viento: suave, fuerte, superfuerte y fuerte, facilitando su uso. Nota: No utilice el dispositivo mientras se carga.<br \/>\n&#8211; \u3010Elegante dise\u00f1o de estrella, ultraligero y port\u00e1til\u3011 Este soplador de aire potente tiene un elegante dise\u00f1o de estrella, peque\u00f1o y ligero, con un peso de tan solo 220 g, c\u00f3modo de sostener y transportar. Ideal para eliminar el polvo y las pelusas del hogar, limpiar ordenadores y equipos electr\u00f3nicos, asientos de coche, sof\u00e1s, faxes, impresoras, aires acondicionados, teclados, limpiar hojas ca\u00eddas y nieve en el jard\u00edn, y para actividades al aire libre como camping y barbacoas.<\/p>\n","protected":false},"excerpt":{"rendered":"<p>XJUGEZ Soplador de Polvo El\u00e9ctrico,4 Velocidades Aire Comprimido Limpieza PC,130000 RPM Soplador Aire Comprimido,Turbojet Soplador de Aire Potente para PC,Ordenadores,Coches,Sof\u00e1s-Estrella<br \/>#Publicidad <span class=\"read-more\"><a class=\"more-link btn btn-transparent\" href=\"https:\/\/rockkofertas.com.es\/index.php\/producto\/b0ffn1p39t-3\/\">Leer m\u00e1s&#8230;<\/a><\/span><\/p>\n","protected":false},"featured_media":6772,"comment_status":"open","ping_status":"closed","template":"","meta":[],"product_cat":[15],"product_tag":[],"class_list":{"0":"post-6773","1":"product","2":"type-product","3":"status-publish","4":"has-post-thumbnail","6":"product_cat-sin-categorizar","8":"first","9":"instock","10":"shipping-taxable","11":"product-type-external"},"_links":{"self":[{"href":"https:\/\/rockkofertas.com.es\/index.php\/wp-json\/wp\/v2\/product\/6773","targetHints":{"allow":["GET"]}}],"collection":[{"href":"https:\/\/rockkofertas.com.es\/index.php\/wp-json\/wp\/v2\/product"}],"about":[{"href":"https:\/\/rockkofertas.com.es\/index.php\/wp-json\/wp\/v2\/types\/product"}],"replies":[{"embeddable":true,"href":"https:\/\/rockkofertas.com.es\/index.php\/wp-json\/wp\/v2\/comments?post=6773"}],"wp:featuredmedia":[{"embeddable":true,"href":"https:\/\/rockkofertas.com.es\/index.php\/wp-json\/wp\/v2\/media\/6772"}],"wp:attachment":[{"href":"https:\/\/rockkofertas.com.es\/index.php\/wp-json\/wp\/v2\/media?parent=6773"}],"wp:term":[{"taxonomy":"product_cat","embeddable":true,"href":"https:\/\/rockkofertas.com.es\/index.php\/wp-json\/wp\/v2\/product_cat?post=6773"},{"taxonomy":"product_tag","embeddable":true,"href":"https:\/\/rockkofertas.com.es\/index.php\/wp-json\/wp\/v2\/product_tag?post=6773"}],"curies":[{"name":"wp","href":"https:\/\/api.w.org\/{rel}","templated":true}]}}