{"id":6771,"date":"2025-11-07T11:22:46","date_gmt":"2025-11-07T11:22:46","guid":{"rendered":"https:\/\/rockkofertas.com.es\/index.php\/producto\/b0fqc6x26x\/"},"modified":"2025-11-07T11:22:46","modified_gmt":"2025-11-07T11:22:46","slug":"b0fqc6x26x","status":"publish","type":"product","link":"https:\/\/rockkofertas.com.es\/index.php\/producto\/b0fqc6x26x\/","title":{"rendered":"B0FQC6X26X"},"content":{"rendered":"<p>&#8211; \u3010Paquete de regalo Nintendo Switch OLED\u3011Especialmente dise\u00f1ado para la \u00faltima consola de juegos Nintendo Switch OLED para mejorar su experiencia de juego port\u00e1til y en casa. Un conjunto completo de accesorios Switch OLED puede ahorrarle dinero y tiempo buscando varios accesorios.<br \/>\n&#8211; \u3010Experiencia multijugador mejorada\u30112 Manijas del volante de carreras y 2 Grip Mango; los botones SL y SR est\u00e1n ubicados en la parte superior del mango, lo que te permite controlar el juego f\u00e1cilmente. Tambi\u00e9n se proporciona una base de carga Joycon, que puede cargar 4 Joycons al mismo tiempo para extender su tiempo de juego.<br \/>\n&#8211; \u3010Dise\u00f1o ergon\u00f3mico\u3011Simplemente conecta JoyCon a estos dispositivos para disfrutar de tus juegos, perfecto para juegos deportivos y de detecci\u00f3n de movimiento de Nintendo Switch OLED. El soporte para juegos de la consola Switch OLED se puede ajustar en m\u00faltiples \u00e1ngulos para una visualizaci\u00f3n m\u00e1s c\u00f3moda. La tapa para el pulgar protege los dedos y mejora la experiencia de juego.<br \/>\n&#8211; \u3010El paquete de regalo incluye\u30111x Funda para Nintendo Switch OLED, 1x Carcasa para Switch OLED, 2x Fundas protectoras para PC Joy-Con,1x Soporte para Juegos, 2x Fundas protectoras para TPU Joy-Con, 1x Base de Carga JoyCon, 2x L\u00e1piz Stylus, 1x cable USB tipo C, 2x Protector de pantalla de vidrio templado para Switch OLED, 2x Paquete de limpieza, 1x Auricular, 1x Funda de Juegos, 2x Volante JoyCon, 2x Mango de agarre JoyCon, 6x Tapas de Agarre para el Pulgar.<br \/>\n&#8211; \u3010Gran regalo\u3011Todos los accesorios est\u00e1n dise\u00f1ados en el mismo color, simples y modernos. Tiene una gran capacidad y puede colocar razonablemente su consola de juegos Switch OLED y varios accesorios.Es adecuado para salidas, viajes, fiestas, etc. El estuche de transporte port\u00e1til Switch OLED es muy adecuado para transportar o guardar en una maleta, para que pueda disfruta de los juegos de Switch OLED en cualquier momento y en cualquier lugar. Es la mejor opci\u00f3n para regalos de Navidad.<\/p>\n","protected":false},"excerpt":{"rendered":"<p>HEYSTOP Accesorios Funda para Nintendo Switch OLED, 27 EN 1 Carcasa Kits Incluye Estuche Protector para Switch OLED, Vidrio Templado,Volante JoyCon,Grip Joycon,Tapas Pulgar,Base de Carga &#8211; Blanco<br \/>#Publicidad <span class=\"read-more\"><a class=\"more-link btn btn-transparent\" href=\"https:\/\/rockkofertas.com.es\/index.php\/producto\/b0fqc6x26x\/\">Leer m\u00e1s&#8230;<\/a><\/span><\/p>\n","protected":false},"featured_media":6770,"comment_status":"open","ping_status":"closed","template":"","meta":[],"product_cat":[15],"product_tag":[],"class_list":{"0":"post-6771","1":"product","2":"type-product","3":"status-publish","4":"has-post-thumbnail","6":"product_cat-sin-categorizar","8":"first","9":"instock","10":"shipping-taxable","11":"product-type-external"},"_links":{"self":[{"href":"https:\/\/rockkofertas.com.es\/index.php\/wp-json\/wp\/v2\/product\/6771","targetHints":{"allow":["GET"]}}],"collection":[{"href":"https:\/\/rockkofertas.com.es\/index.php\/wp-json\/wp\/v2\/product"}],"about":[{"href":"https:\/\/rockkofertas.com.es\/index.php\/wp-json\/wp\/v2\/types\/product"}],"replies":[{"embeddable":true,"href":"https:\/\/rockkofertas.com.es\/index.php\/wp-json\/wp\/v2\/comments?post=6771"}],"wp:featuredmedia":[{"embeddable":true,"href":"https:\/\/rockkofertas.com.es\/index.php\/wp-json\/wp\/v2\/media\/6770"}],"wp:attachment":[{"href":"https:\/\/rockkofertas.com.es\/index.php\/wp-json\/wp\/v2\/media?parent=6771"}],"wp:term":[{"taxonomy":"product_cat","embeddable":true,"href":"https:\/\/rockkofertas.com.es\/index.php\/wp-json\/wp\/v2\/product_cat?post=6771"},{"taxonomy":"product_tag","embeddable":true,"href":"https:\/\/rockkofertas.com.es\/index.php\/wp-json\/wp\/v2\/product_tag?post=6771"}],"curies":[{"name":"wp","href":"https:\/\/api.w.org\/{rel}","templated":true}]}}