{"id":6769,"date":"2025-11-07T11:22:09","date_gmt":"2025-11-07T11:22:09","guid":{"rendered":"https:\/\/rockkofertas.com.es\/index.php\/producto\/b0fkn5jq7q\/"},"modified":"2025-11-07T11:22:09","modified_gmt":"2025-11-07T11:22:09","slug":"b0fkn5jq7q","status":"publish","type":"product","link":"https:\/\/rockkofertas.com.es\/index.php\/producto\/b0fkn5jq7q\/","title":{"rendered":"B0FKN5JQ7Q"},"content":{"rendered":"<p>&#8211; Bater\u00eda Dual de 7500mAh\uff1aDisfruta de la mayor autonom\u00eda con nuestros calcetines calefactables recargables, equipados con una bater\u00eda dual de 7500mAh. Estos calcetines calefactables hombre y mujer mantienen el calor durante horas, ideales como calcetines con calefacci\u00f3n de alto rendimiento para actividades prolongadas. \u00a1Olv\u00eddate de las recargas frecuentes<br \/>\n&#8211; 4 Modos de Calor Intenso\uff1aControla tu confort con 4 modos de temperatura, desde extremo hasta econ\u00f3mico. Estos calcetines el\u00e9ctricos calefactables ofrecen un calor uniforme, superando a otros calcetines calefactados convencionales. Perfectos para usar como calcetines t\u00e9rmicos mujer con bater\u00eda o calcetines calefactables hombre en cualquier clima<br \/>\n&#8211; 4 Capas Tecnol\u00f3gicas\uff1aLa estructura avanzada de estos calcetines calefactores incluye lana, capa met\u00e1lica, bloqueo de calor y forro de felpa. Estos calcetines calefactables aseguran una retenci\u00f3n t\u00e9rmica superior frente a los calcetines el\u00e9cticos b\u00e1sicos, proporcionando confort y eficiencia en cada uso<br \/>\n&#8211; Calefacci\u00f3n 360\u00b0 Calor Uniforme \uff1aExperimenta una distribuci\u00f3n perfecta del calor con nuestro sistema de doble n\u00facleo. Estos calcetines con calefacci\u00f3n evitan puntos fr\u00edos y cubren todo el pie, a diferencia de otros calcetines calefactados simples. Ideales como calcetines calefactables recargables para actividades al aire libre o interior<br \/>\n&#8211; Lavable a M\u00e1quina y Lavable con Agua\uff1aGracias a su dise\u00f1o con bater\u00eda extra\u00edble, estos calcetines calefactables hombre y mujer son lavables a m\u00e1quina sin complicaciones. Su material transpirable y el\u00e1stico los convierte en calcetines calefactables duraderos y vers\u00e1tiles, listos para cualquier aventura invernal.<\/p>\n","protected":false},"excerpt":{"rendered":"<p>iKuchelife Calcetines Calefactables Recargables 2 Bater\u00edas Integradas de 7500mAh Calcetin Calefactable 4 Temperaturas Calcetines Calefactables Mujer y Hombre para Esqu\u00ed Acampar Caza y Senderismo<br \/>#Publicidad <span class=\"read-more\"><a class=\"more-link btn btn-transparent\" href=\"https:\/\/rockkofertas.com.es\/index.php\/producto\/b0fkn5jq7q\/\">Leer m\u00e1s&#8230;<\/a><\/span><\/p>\n","protected":false},"featured_media":6768,"comment_status":"open","ping_status":"closed","template":"","meta":[],"product_cat":[15],"product_tag":[],"class_list":{"0":"post-6769","1":"product","2":"type-product","3":"status-publish","4":"has-post-thumbnail","6":"product_cat-sin-categorizar","8":"first","9":"instock","10":"shipping-taxable","11":"product-type-external"},"_links":{"self":[{"href":"https:\/\/rockkofertas.com.es\/index.php\/wp-json\/wp\/v2\/product\/6769","targetHints":{"allow":["GET"]}}],"collection":[{"href":"https:\/\/rockkofertas.com.es\/index.php\/wp-json\/wp\/v2\/product"}],"about":[{"href":"https:\/\/rockkofertas.com.es\/index.php\/wp-json\/wp\/v2\/types\/product"}],"replies":[{"embeddable":true,"href":"https:\/\/rockkofertas.com.es\/index.php\/wp-json\/wp\/v2\/comments?post=6769"}],"wp:featuredmedia":[{"embeddable":true,"href":"https:\/\/rockkofertas.com.es\/index.php\/wp-json\/wp\/v2\/media\/6768"}],"wp:attachment":[{"href":"https:\/\/rockkofertas.com.es\/index.php\/wp-json\/wp\/v2\/media?parent=6769"}],"wp:term":[{"taxonomy":"product_cat","embeddable":true,"href":"https:\/\/rockkofertas.com.es\/index.php\/wp-json\/wp\/v2\/product_cat?post=6769"},{"taxonomy":"product_tag","embeddable":true,"href":"https:\/\/rockkofertas.com.es\/index.php\/wp-json\/wp\/v2\/product_tag?post=6769"}],"curies":[{"name":"wp","href":"https:\/\/api.w.org\/{rel}","templated":true}]}}