{"id":6765,"date":"2025-11-07T11:20:58","date_gmt":"2025-11-07T11:20:58","guid":{"rendered":"https:\/\/rockkofertas.com.es\/index.php\/producto\/b0fpm3l5w4\/"},"modified":"2025-11-07T11:20:58","modified_gmt":"2025-11-07T11:20:58","slug":"b0fpm3l5w4","status":"publish","type":"product","link":"https:\/\/rockkofertas.com.es\/index.php\/producto\/b0fpm3l5w4\/","title":{"rendered":"B0FPM3L5W4"},"content":{"rendered":"<p>&#8211; DISE\u00d1O EDUCATIVO: Microscopio adecuado para ni\u00f1os con controles f\u00e1ciles de usar y par\u00e1metros de aumento ajustables, perfecto para j\u00f3venes cient\u00edficos.<\/p>\n","protected":false},"excerpt":{"rendered":"<p>Deepoter Microscopio para Ni\u00f1os, Microscopio de Bolsillo con Pantalla IPS de 2,0&#8243;, Juguete Educativo para Micromundo, Fans de la Ciencia, Cumplea\u00f1os, Navidad, Azul<br \/>#Publicidad <span class=\"read-more\"><a class=\"more-link btn btn-transparent\" href=\"https:\/\/rockkofertas.com.es\/index.php\/producto\/b0fpm3l5w4\/\">Leer m\u00e1s&#8230;<\/a><\/span><\/p>\n","protected":false},"featured_media":6764,"comment_status":"open","ping_status":"closed","template":"","meta":[],"product_cat":[15],"product_tag":[],"class_list":{"0":"post-6765","1":"product","2":"type-product","3":"status-publish","4":"has-post-thumbnail","6":"product_cat-sin-categorizar","8":"first","9":"instock","10":"shipping-taxable","11":"product-type-external"},"_links":{"self":[{"href":"https:\/\/rockkofertas.com.es\/index.php\/wp-json\/wp\/v2\/product\/6765","targetHints":{"allow":["GET"]}}],"collection":[{"href":"https:\/\/rockkofertas.com.es\/index.php\/wp-json\/wp\/v2\/product"}],"about":[{"href":"https:\/\/rockkofertas.com.es\/index.php\/wp-json\/wp\/v2\/types\/product"}],"replies":[{"embeddable":true,"href":"https:\/\/rockkofertas.com.es\/index.php\/wp-json\/wp\/v2\/comments?post=6765"}],"wp:featuredmedia":[{"embeddable":true,"href":"https:\/\/rockkofertas.com.es\/index.php\/wp-json\/wp\/v2\/media\/6764"}],"wp:attachment":[{"href":"https:\/\/rockkofertas.com.es\/index.php\/wp-json\/wp\/v2\/media?parent=6765"}],"wp:term":[{"taxonomy":"product_cat","embeddable":true,"href":"https:\/\/rockkofertas.com.es\/index.php\/wp-json\/wp\/v2\/product_cat?post=6765"},{"taxonomy":"product_tag","embeddable":true,"href":"https:\/\/rockkofertas.com.es\/index.php\/wp-json\/wp\/v2\/product_tag?post=6765"}],"curies":[{"name":"wp","href":"https:\/\/api.w.org\/{rel}","templated":true}]}}