{"id":314,"date":"2025-01-11T20:00:43","date_gmt":"2025-01-11T20:00:43","guid":{"rendered":"https:\/\/rockkofertas.com.es\/index.php\/producto\/b0d97b5m21\/"},"modified":"2025-01-11T20:00:43","modified_gmt":"2025-01-11T20:00:43","slug":"b0d97b5m21","status":"publish","type":"product","link":"https:\/\/rockkofertas.com.es\/index.php\/producto\/b0d97b5m21\/","title":{"rendered":"B0D97B5M21"},"content":{"rendered":"<p>&#8211; \ud83d\udc4d\u3010Tejidos de alta calidad\u3011Nuestros pijamas largos de forro polar para mujer est\u00e1n confeccionados con materiales de alta calidad para garantizar su durabilidad y comodidad. Estar\u00e1s acogedora y calentita de dentro a fuera con estos fant\u00e1sticos pijamas para mujer durante los meses de oto\u00f1o e invierno.<br \/>\n&#8211; \ud83d\udc4d\u3010Elegant Design\u3011Pijama de forro polar de invierno c\u00e1lido para mujer con cuello en V y bolsillos delanteros, no aburrido y \u00fanico, dos bolsillos de pantal\u00f3n para objetos peque\u00f1os. Cintura con cord\u00f3n y pierna con cord\u00f3n. C\u00f3modo ajustable para mayor comodidad.<br \/>\n&#8211; \ud83d\udc4d \u3010Autumn\/Winter Gifts for Women\u3011Estos pijamas de rizo definitivamente pueden ser un regalo para su madre, esposa, novia o hija, porque es lo que necesitan en oto\u00f1o e invierno, y creo que estar\u00e1n muy felices por ello. Tanto si buscas ropa de estar acogedora como un pijama de felpa c\u00e1lido para el invierno, \u00e9sta ser\u00e1 una gran elecci\u00f3n.<br \/>\n&#8211; \ud83d\udc4d \u3010Colores y tallas\u3011Disponibles en tallas S &#8211; XXL y en una amplia gama de colores, nuestros pijamas est\u00e1n confeccionados con tejidos de alta calidad, finas costuras y dobladillos y dise\u00f1os \u00fanicos para crear prendas de descanso duraderas para mujer! Lee la informaci\u00f3n sobre tallas con antelaci\u00f3n.<br \/>\n&#8211; \ud83d\udc4d \u3010M\u00c9TODO DE LAVADO\u3011Adecuado para lavar a mano o a m\u00e1quina en agua clara a temperatura ambiente. No apto para secadora o plancha. Los pijamas de lana mantienen la superficie limpia, esponjosa y suave despu\u00e9s de ba\u00f1os de sol frecuentes y palmaditas suaves.<\/p>\n","protected":false},"excerpt":{"rendered":"<p>Lovasy Pijamas Mujer Invierno Polar Pijama de Franela Mujer Manga Larga Conjunto 2 Piezas,Blanco gris\u00e1ceo,XL<br \/>\n#Publicidad <span class=\"read-more\"><a class=\"more-link btn btn-transparent\" href=\"https:\/\/rockkofertas.com.es\/index.php\/producto\/b0d97b5m21\/\">Leer m\u00e1s&#8230;<\/a><\/span><\/p>\n","protected":false},"featured_media":313,"comment_status":"open","ping_status":"closed","template":"","meta":[],"product_cat":[15],"product_tag":[],"class_list":{"0":"post-314","1":"product","2":"type-product","3":"status-publish","4":"has-post-thumbnail","6":"product_cat-sin-categorizar","8":"first","9":"instock","10":"shipping-taxable","11":"product-type-external"},"_links":{"self":[{"href":"https:\/\/rockkofertas.com.es\/index.php\/wp-json\/wp\/v2\/product\/314","targetHints":{"allow":["GET"]}}],"collection":[{"href":"https:\/\/rockkofertas.com.es\/index.php\/wp-json\/wp\/v2\/product"}],"about":[{"href":"https:\/\/rockkofertas.com.es\/index.php\/wp-json\/wp\/v2\/types\/product"}],"replies":[{"embeddable":true,"href":"https:\/\/rockkofertas.com.es\/index.php\/wp-json\/wp\/v2\/comments?post=314"}],"wp:featuredmedia":[{"embeddable":true,"href":"https:\/\/rockkofertas.com.es\/index.php\/wp-json\/wp\/v2\/media\/313"}],"wp:attachment":[{"href":"https:\/\/rockkofertas.com.es\/index.php\/wp-json\/wp\/v2\/media?parent=314"}],"wp:term":[{"taxonomy":"product_cat","embeddable":true,"href":"https:\/\/rockkofertas.com.es\/index.php\/wp-json\/wp\/v2\/product_cat?post=314"},{"taxonomy":"product_tag","embeddable":true,"href":"https:\/\/rockkofertas.com.es\/index.php\/wp-json\/wp\/v2\/product_tag?post=314"}],"curies":[{"name":"wp","href":"https:\/\/api.w.org\/{rel}","templated":true}]}}