{"id":222,"date":"2025-01-03T04:00:39","date_gmt":"2025-01-03T04:00:39","guid":{"rendered":"https:\/\/rockkofertas.com.es\/index.php\/producto\/b085dmq7vz\/"},"modified":"2025-01-03T04:00:39","modified_gmt":"2025-01-03T04:00:39","slug":"b085dmq7vz","status":"publish","type":"product","link":"https:\/\/rockkofertas.com.es\/index.php\/producto\/b085dmq7vz\/","title":{"rendered":"B085DMQ7VZ"},"content":{"rendered":"<p>&#8211; Aspirador 2 en 1 potente y ligero: escoba y de mano. Limpia de manera eficiente de una sola pasada. La principal ventaja de este potente aspirador es la comodidad que te aportar\u00e1 a la hora de aspirar superficies tanto de baja como elevada altura.o de baja como elevada altura.<br \/>\n&#8211; El cabezal incorpora la tecnolog\u00eda 180\u00ba Twisted, que proporciona una excelente movilidad para inclinarse hasta 180\u00ba y facilitar la acci\u00f3n con el brazo que llega a todos los rincones. La tecnolog\u00eda cicl\u00f3nica sin bolsas mantiene la potencia de succi\u00f3n como el primer d\u00eda.<br \/>\n&#8211; Incorpora un filtro de alta eficiencia capaz de retener un gran porcentaje de al\u00e9rgenos, expulsando un aire m\u00e1s limpio y saludable que el que entra por la boca del aspirador.<br \/>\n&#8211; Largo cable de 4,5 m para que puedas aspirar c\u00f3modamente sin necesidad de cambiar de enchufe constantemente. Pesa tan solo 1,9 kg para que puedas utilizarlo de la forma m\u00e1s ergon\u00f3mica. Tubo telesc\u00f3pico con 14 posiciones y una abertura m\u00e1xima de 0,76 m para adaptarse a las necesidades de cada usuario.<br \/>\n&#8211; Con el sistema UltraPower Technology ofrece una excelente potencia con un consumo de tan solo 600 W. El cabezal tiene 2 posiciones, una para limpiar suelos duros y otra para suelos blandos como alfombras. Incluye 2 accesorios para que puedas limpiar las esquinas y muebles de tu hogar.<\/p>\n","protected":false},"excerpt":{"rendered":"<p>Cecotec Aspirador Vertical Conga Thunderbrush 560. 2 en 1, 600 W, Tecnolog\u00eda cicl\u00f3nica, Filtro de Alta eficiencia, Radio de acci\u00f3n 6 Metros, Incluye 2 Accesorios<br \/>\n#Publicidad <span class=\"read-more\"><a class=\"more-link btn btn-transparent\" href=\"https:\/\/rockkofertas.com.es\/index.php\/producto\/b085dmq7vz\/\">Leer m\u00e1s&#8230;<\/a><\/span><\/p>\n","protected":false},"featured_media":221,"comment_status":"open","ping_status":"closed","template":"","meta":[],"product_cat":[15],"product_tag":[],"class_list":{"0":"post-222","1":"product","2":"type-product","3":"status-publish","4":"has-post-thumbnail","6":"product_cat-sin-categorizar","8":"first","9":"instock","10":"shipping-taxable","11":"product-type-external"},"_links":{"self":[{"href":"https:\/\/rockkofertas.com.es\/index.php\/wp-json\/wp\/v2\/product\/222","targetHints":{"allow":["GET"]}}],"collection":[{"href":"https:\/\/rockkofertas.com.es\/index.php\/wp-json\/wp\/v2\/product"}],"about":[{"href":"https:\/\/rockkofertas.com.es\/index.php\/wp-json\/wp\/v2\/types\/product"}],"replies":[{"embeddable":true,"href":"https:\/\/rockkofertas.com.es\/index.php\/wp-json\/wp\/v2\/comments?post=222"}],"wp:featuredmedia":[{"embeddable":true,"href":"https:\/\/rockkofertas.com.es\/index.php\/wp-json\/wp\/v2\/media\/221"}],"wp:attachment":[{"href":"https:\/\/rockkofertas.com.es\/index.php\/wp-json\/wp\/v2\/media?parent=222"}],"wp:term":[{"taxonomy":"product_cat","embeddable":true,"href":"https:\/\/rockkofertas.com.es\/index.php\/wp-json\/wp\/v2\/product_cat?post=222"},{"taxonomy":"product_tag","embeddable":true,"href":"https:\/\/rockkofertas.com.es\/index.php\/wp-json\/wp\/v2\/product_tag?post=222"}],"curies":[{"name":"wp","href":"https:\/\/api.w.org\/{rel}","templated":true}]}}