{"id":192,"date":"2024-12-31T16:00:41","date_gmt":"2024-12-31T16:00:41","guid":{"rendered":"https:\/\/rockkofertas.com.es\/index.php\/producto\/b0bslt55z3\/"},"modified":"2024-12-31T16:00:41","modified_gmt":"2024-12-31T16:00:41","slug":"b0bslt55z3","status":"publish","type":"product","link":"https:\/\/rockkofertas.com.es\/index.php\/producto\/b0bslt55z3\/","title":{"rendered":"B0BSLT55Z3"},"content":{"rendered":"<p>&#8211; CUNA DE VIAJE PARA BEB\u00c9: esta cuna de viaje con colch\u00f3n, ligera y f\u00e1cil de usar, es el compa\u00f1ero de viaje perfecto &#8211; con 125.5x63x70 cm (La.xAn.xAl.) es apta desde 0 a aprox. 3 a\u00f1os (m\u00e1x. 15 kg)<br \/>\n&#8211; LIGERA (BOLSA DE TRANSPORTE INCL.): con solo 8,55 kg, puedes plegar\/desplegar Soft Dreams f\u00e1cilmente y guardarla en su bolsa de transporte, cerrarla con la cremallera y llevarla con una sola mano<br \/>\n&#8211; COLCH\u00d3N DE ESPUMA Y FIBRA DE MADERA: la cuna port\u00e1til de viaje trae un c\u00f3modo colch\u00f3n de espuma y fibra de madera de 60&#215;120 cm (An.xLa.) y 2 cm de espesor que ofrece gran estabilidad al beb\u00e9<br \/>\n&#8211; PLEGADO COMPACTO TIPO PARAGUAS: esta cuna es de plegado\/desplegado muy r\u00e1pido en tipo paraguas y se puede llevar f\u00e1cilmente a cualquier parte gracias a su compacto tama\u00f1o plegado de 70&#215;74.5 cm (An.xAl.)<br \/>\n&#8211; BEBECONFORT &#8211; SMALL MOMENTS, BIG SMILES: Bebeconfort ofrece una amplia gama de productos para el beb\u00e9: sillas de coche, cochecitos, equipamiento para casa, cuidado y alimentaci\u00f3n<\/p>\n","protected":false},"excerpt":{"rendered":"<p>Bebeconfort Soft Dreams, Cuna de Viaje, 0-3 A\u00f1os (0-15 kg), Cuna de Viaje Ligera, Colch\u00f3n Espuma y Fibra de Madera (60&#215;120 cm), Bolsa de Transporte, Plegado Compacto Tipo Paraguas, Gray Mist<br \/>\n#Publicidad <span class=\"read-more\"><a class=\"more-link btn btn-transparent\" href=\"https:\/\/rockkofertas.com.es\/index.php\/producto\/b0bslt55z3\/\">Leer m\u00e1s&#8230;<\/a><\/span><\/p>\n","protected":false},"featured_media":191,"comment_status":"open","ping_status":"closed","template":"","meta":[],"product_cat":[15],"product_tag":[],"class_list":{"0":"post-192","1":"product","2":"type-product","3":"status-publish","4":"has-post-thumbnail","6":"product_cat-sin-categorizar","8":"first","9":"instock","10":"shipping-taxable","11":"product-type-external"},"_links":{"self":[{"href":"https:\/\/rockkofertas.com.es\/index.php\/wp-json\/wp\/v2\/product\/192","targetHints":{"allow":["GET"]}}],"collection":[{"href":"https:\/\/rockkofertas.com.es\/index.php\/wp-json\/wp\/v2\/product"}],"about":[{"href":"https:\/\/rockkofertas.com.es\/index.php\/wp-json\/wp\/v2\/types\/product"}],"replies":[{"embeddable":true,"href":"https:\/\/rockkofertas.com.es\/index.php\/wp-json\/wp\/v2\/comments?post=192"}],"wp:featuredmedia":[{"embeddable":true,"href":"https:\/\/rockkofertas.com.es\/index.php\/wp-json\/wp\/v2\/media\/191"}],"wp:attachment":[{"href":"https:\/\/rockkofertas.com.es\/index.php\/wp-json\/wp\/v2\/media?parent=192"}],"wp:term":[{"taxonomy":"product_cat","embeddable":true,"href":"https:\/\/rockkofertas.com.es\/index.php\/wp-json\/wp\/v2\/product_cat?post=192"},{"taxonomy":"product_tag","embeddable":true,"href":"https:\/\/rockkofertas.com.es\/index.php\/wp-json\/wp\/v2\/product_tag?post=192"}],"curies":[{"name":"wp","href":"https:\/\/api.w.org\/{rel}","templated":true}]}}