{"id":144,"date":"2024-12-27T20:00:40","date_gmt":"2024-12-27T20:00:40","guid":{"rendered":"https:\/\/rockkofertas.com.es\/index.php\/producto\/b0bv7kmgs8\/"},"modified":"2024-12-27T20:00:40","modified_gmt":"2024-12-27T20:00:40","slug":"b0bv7kmgs8","status":"publish","type":"product","link":"https:\/\/rockkofertas.com.es\/index.php\/producto\/b0bv7kmgs8\/","title":{"rendered":"B0BV7KMGS8"},"content":{"rendered":"<p>&#8211; Una evoluci\u00f3n retrofuturista de nuestra ic\u00f3nica silueta ONE. Este modelo, de la colecci\u00f3n Made in Spain, combina montura negra brillante con lente de escudo negra.<br \/>\n&#8211; Lentes categor\u00eda 3 y protecci\u00f3n uv400 que ofrecen una protecci\u00f3n antideslumbrante superior. Lentes de TR18 con el sello de Eastman , uno de los l\u00edderes mundiales en tecnolog\u00eda de copoli\u00e9ster. Respetuoso con el medio ambiente y proporciona un equilibrio \u00fanico entre claridad y resistencia.<br \/>\n&#8211; Gafas de sol fabricadas en TR90 con el sello de EMS, considerado el mejor Nylon para monturas del mundo que proporciona m\u00e1s flexibilidad y resistencia. Dise\u00f1o m\u00e1s ancho del terminal de la patilla para mejorar la ergonom\u00eda y confort. Bisagra rotativa de alta calidad que permite libre movimientos entre patilla y frontal.<br \/>\n&#8211; Producto original Hawkers; la caja incluye funda de microfibra, caja y set de pegatinas decorativas<br \/>\n&#8211; Modelo Unisex. Medidas: Frontal 141 mm; Patillas 140 mm; Puente 18 mm; Alto 52 mm<\/p>\n","protected":false},"excerpt":{"rendered":"<p>HAWKERS ONE HYBRID, Gafas de sol, Unisex adulto, RAW Black\/Black, Talla \u00fanica<br \/>\n#Publicidad <span class=\"read-more\"><a class=\"more-link btn btn-transparent\" href=\"https:\/\/rockkofertas.com.es\/index.php\/producto\/b0bv7kmgs8\/\">Leer m\u00e1s&#8230;<\/a><\/span><\/p>\n","protected":false},"featured_media":143,"comment_status":"open","ping_status":"closed","template":"","meta":[],"product_cat":[15],"product_tag":[],"class_list":{"0":"post-144","1":"product","2":"type-product","3":"status-publish","4":"has-post-thumbnail","6":"product_cat-sin-categorizar","8":"first","9":"instock","10":"shipping-taxable","11":"product-type-external"},"_links":{"self":[{"href":"https:\/\/rockkofertas.com.es\/index.php\/wp-json\/wp\/v2\/product\/144","targetHints":{"allow":["GET"]}}],"collection":[{"href":"https:\/\/rockkofertas.com.es\/index.php\/wp-json\/wp\/v2\/product"}],"about":[{"href":"https:\/\/rockkofertas.com.es\/index.php\/wp-json\/wp\/v2\/types\/product"}],"replies":[{"embeddable":true,"href":"https:\/\/rockkofertas.com.es\/index.php\/wp-json\/wp\/v2\/comments?post=144"}],"wp:featuredmedia":[{"embeddable":true,"href":"https:\/\/rockkofertas.com.es\/index.php\/wp-json\/wp\/v2\/media\/143"}],"wp:attachment":[{"href":"https:\/\/rockkofertas.com.es\/index.php\/wp-json\/wp\/v2\/media?parent=144"}],"wp:term":[{"taxonomy":"product_cat","embeddable":true,"href":"https:\/\/rockkofertas.com.es\/index.php\/wp-json\/wp\/v2\/product_cat?post=144"},{"taxonomy":"product_tag","embeddable":true,"href":"https:\/\/rockkofertas.com.es\/index.php\/wp-json\/wp\/v2\/product_tag?post=144"}],"curies":[{"name":"wp","href":"https:\/\/api.w.org\/{rel}","templated":true}]}}