{"id":142,"date":"2024-12-27T16:00:52","date_gmt":"2024-12-27T16:00:52","guid":{"rendered":"https:\/\/rockkofertas.com.es\/index.php\/producto\/b0b9h8nww1\/"},"modified":"2024-12-27T16:00:52","modified_gmt":"2024-12-27T16:00:52","slug":"b0b9h8nww1","status":"publish","type":"product","link":"https:\/\/rockkofertas.com.es\/index.php\/producto\/b0b9h8nww1\/","title":{"rendered":"B0B9H8NWW1"},"content":{"rendered":"<p>&#8211; Tazas Parejas a Conjunto &#8211; Taza de caf\u00e9 para parejas, aumenta la diversi\u00f3n entre parejas y hace que la vida cotidiana sea m\u00e1s rom\u00e1ntica. Haz que tu marido\/mujer te quiera a\u00fan m\u00e1s preparando a mano una taza de delicioso caf\u00e9 para tu amante.<br \/>\n&#8211; Par de Tazas de Alta Calidad &#8211; El juego de tazas est\u00e1 hecho de cer\u00e1mica de alta calidad, tambi\u00e9n hay un dise\u00f1o de patr\u00f3n de m\u00e1rmol \u00fanico y una boca de taza con borde dorado. Las tazas de caf\u00e9 son muy resistentes, por lo que pueden convertirse en un compa\u00f1ero duradero en su hogar.<br \/>\n&#8211; C\u00f3moda de Sostener &#8211; El mango ergon\u00f3mico hace que la taza de t\u00e9 sea especialmente c\u00f3moda de sostener, y el dise\u00f1o c\u00f3ncavo de la base de la taza permite que \u00e9sta se mantenga estable sobre la mesa y no se vierta f\u00e1cilmente.<br \/>\n&#8211; Adecuado para Cualquier Ocasi\u00f3n &#8211; El juego de tazas de caf\u00e9 es el regalo perfecto para parejas, novias, bodas de mam\u00e1 y pap\u00e1, San Valent\u00edn, Navidad, aniversarios, fiestas de compromiso y mucho m\u00e1s. Nuestros sets de regalo de tazas de m\u00e1rmol pueden hacer que una ocasi\u00f3n especial sea a\u00fan m\u00e1s especial.<br \/>\n&#8211; Embalaje de Regalo &#8211; El juego de tazas de caf\u00e9 viene en una bonita caja de regalo con espuma para protegerlas de los golpes, y en este embalaje las tazas no solo tienen buen aspecto sino que tambi\u00e9n son seguras de transportar.<\/p>\n","protected":false},"excerpt":{"rendered":"<p>CEWROM Juegos de Tazas Grandes, Tazas de caf\u00e9 Mr and Mrs, Regalos de Boda para los Novios, Juego de Tazas de Caf\u00e9 para Parejas, Tazas de Caf\u00e9 de Cer\u00e1mica de 400ml,para San Valent\u00edn,Aniversario<br \/>\n#Publicidad <span class=\"read-more\"><a class=\"more-link btn btn-transparent\" href=\"https:\/\/rockkofertas.com.es\/index.php\/producto\/b0b9h8nww1\/\">Leer m\u00e1s&#8230;<\/a><\/span><\/p>\n","protected":false},"featured_media":141,"comment_status":"open","ping_status":"closed","template":"","meta":[],"product_cat":[15],"product_tag":[],"class_list":{"0":"post-142","1":"product","2":"type-product","3":"status-publish","4":"has-post-thumbnail","6":"product_cat-sin-categorizar","8":"first","9":"instock","10":"shipping-taxable","11":"product-type-external"},"_links":{"self":[{"href":"https:\/\/rockkofertas.com.es\/index.php\/wp-json\/wp\/v2\/product\/142","targetHints":{"allow":["GET"]}}],"collection":[{"href":"https:\/\/rockkofertas.com.es\/index.php\/wp-json\/wp\/v2\/product"}],"about":[{"href":"https:\/\/rockkofertas.com.es\/index.php\/wp-json\/wp\/v2\/types\/product"}],"replies":[{"embeddable":true,"href":"https:\/\/rockkofertas.com.es\/index.php\/wp-json\/wp\/v2\/comments?post=142"}],"wp:featuredmedia":[{"embeddable":true,"href":"https:\/\/rockkofertas.com.es\/index.php\/wp-json\/wp\/v2\/media\/141"}],"wp:attachment":[{"href":"https:\/\/rockkofertas.com.es\/index.php\/wp-json\/wp\/v2\/media?parent=142"}],"wp:term":[{"taxonomy":"product_cat","embeddable":true,"href":"https:\/\/rockkofertas.com.es\/index.php\/wp-json\/wp\/v2\/product_cat?post=142"},{"taxonomy":"product_tag","embeddable":true,"href":"https:\/\/rockkofertas.com.es\/index.php\/wp-json\/wp\/v2\/product_tag?post=142"}],"curies":[{"name":"wp","href":"https:\/\/api.w.org\/{rel}","templated":true}]}}