{"id":134,"date":"2024-12-27T00:47:28","date_gmt":"2024-12-27T00:47:28","guid":{"rendered":"https:\/\/rockkofertas.com.es\/index.php\/producto\/b0892bfpd4-2\/"},"modified":"2024-12-27T00:47:28","modified_gmt":"2024-12-27T00:47:28","slug":"b0892bfpd4-2","status":"publish","type":"product","link":"https:\/\/rockkofertas.com.es\/index.php\/producto\/b0892bfpd4-2\/","title":{"rendered":"B0892BFPD4"},"content":{"rendered":"<p>&#8211; \u3010Juguetes Ni\u00f1os 1 2 A\u00f1o &#8211; 4 En 1\u3011Juguetes ni\u00f1os 1 a\u00f1o combina cuatro juguetes bebes: 1. juegos de gopher 2. xilofono bebe 3. Puzzle m\u00f3vil de madera 4. juego de identificaci\u00f3n de animales. Los divertidos juguetes ni\u00f1os 1 2 a\u00f1o 4 en 1 se pueden disfrutar durante horas sin aburrirse.<br \/>\n&#8211; \u3010Xilofono Bebe y Juegos de Gopher\u3011Madera xilofono bebe de 8 tonos permite a los ni\u00f1os disfrutar explorando ritmos y melod\u00edas, estimulando su audici\u00f3n y practicando el juego.juguetes educativos 1 2 3 a\u00f1os ofrece 2 martillos para que padres e hijos jueguen y construyan un maravilloso tiempo padre-hijo<br \/>\n&#8211; \u3010Juguetes Educativos 2 3 4 A\u00f1os &#8211; Competencia Emocionante\u3011 Juguetes ni\u00f1os 2 a\u00f1os viene con 12 rompecabezas de animales, 1 reloj de arena y 5 tarjetas de rompecabezas para que los ni\u00f1os compitan entre s\u00ed, el reloj de arena crea una atm\u00f3sfera estimulante de tensi\u00f3n y velocidad de carrera, asegurando que su peque\u00f1o y sus amigos est\u00e9n ocupados haciendo algo divertido y seguro.<br \/>\n&#8211; \u3010Regalo Bebe 1 2 3 a\u00f1o- Safe\u3011Juguetes ni\u00f1os 1 2 a\u00f1o est\u00e1 cuidadosamente pulido, liso y sin rebabas, certificado. Es pascua\/cumplea\u00f1os\/fiesta infantil regalo bebe 1 2 3 a\u00f1o ni\u00f1os y ni\u00f1as. El envoltorio de regalo de calidad y los hermosos gr\u00e1ficos lo convierten en un gran regalo para las mam\u00e1s.<br \/>\n&#8211; \u3010Juguetes Montessori 1 2 3 4 A\u00f1os\u3011Multifuncionales juegos montessori 1 2 3 a\u00f1os desarrolla la coordinaci\u00f3n mano-ojo y las habilidades motoras finas de los ni\u00f1os, mejora el reconocimiento del color y la percepci\u00f3n musical. Es la elecci\u00f3n de m\u00e1s madres para el aprendizaje temprano de ni\u00f1os y ni\u00f1as de 1 y 2 a\u00f1os.<\/p>\n","protected":false},"excerpt":{"rendered":"<p>jerryvon Juguetes Ni\u00f1os Bebes 1 2 A\u00f1o &#8211; Regalo Bebe Juguetes Montessori 1 A\u00f1os con Xilofono Infantil Madera Martillo para Juguetes Regalo Ni\u00f1os Ni\u00f1a 1 2 3 A\u00f1o<br \/>#Publicidad <span class=\"read-more\"><a class=\"more-link btn btn-transparent\" href=\"https:\/\/rockkofertas.com.es\/index.php\/producto\/b0892bfpd4-2\/\">Leer m\u00e1s&#8230;<\/a><\/span><\/p>\n","protected":false},"featured_media":133,"comment_status":"open","ping_status":"closed","template":"","meta":[],"product_cat":[15],"product_tag":[],"class_list":{"0":"post-134","1":"product","2":"type-product","3":"status-publish","4":"has-post-thumbnail","6":"product_cat-sin-categorizar","8":"first","9":"instock","10":"shipping-taxable","11":"product-type-external"},"_links":{"self":[{"href":"https:\/\/rockkofertas.com.es\/index.php\/wp-json\/wp\/v2\/product\/134","targetHints":{"allow":["GET"]}}],"collection":[{"href":"https:\/\/rockkofertas.com.es\/index.php\/wp-json\/wp\/v2\/product"}],"about":[{"href":"https:\/\/rockkofertas.com.es\/index.php\/wp-json\/wp\/v2\/types\/product"}],"replies":[{"embeddable":true,"href":"https:\/\/rockkofertas.com.es\/index.php\/wp-json\/wp\/v2\/comments?post=134"}],"wp:featuredmedia":[{"embeddable":true,"href":"https:\/\/rockkofertas.com.es\/index.php\/wp-json\/wp\/v2\/media\/133"}],"wp:attachment":[{"href":"https:\/\/rockkofertas.com.es\/index.php\/wp-json\/wp\/v2\/media?parent=134"}],"wp:term":[{"taxonomy":"product_cat","embeddable":true,"href":"https:\/\/rockkofertas.com.es\/index.php\/wp-json\/wp\/v2\/product_cat?post=134"},{"taxonomy":"product_tag","embeddable":true,"href":"https:\/\/rockkofertas.com.es\/index.php\/wp-json\/wp\/v2\/product_tag?post=134"}],"curies":[{"name":"wp","href":"https:\/\/api.w.org\/{rel}","templated":true}]}}