{"id":132,"date":"2024-12-27T00:47:25","date_gmt":"2024-12-27T00:47:25","guid":{"rendered":"https:\/\/rockkofertas.com.es\/index.php\/producto\/b0dfdgkzzq\/"},"modified":"2024-12-27T00:47:25","modified_gmt":"2024-12-27T00:47:25","slug":"b0dfdgkzzq","status":"publish","type":"product","link":"https:\/\/rockkofertas.com.es\/index.php\/producto\/b0dfdgkzzq\/","title":{"rendered":"B0DFDGKZZQ"},"content":{"rendered":"<p>&#8211; \ud83e\udde31.AISLAMIENTO EFICIENTE: Nuestra cinta adhesiva de caucho de 10 metros es el compa\u00f1ero perfecto para aislar de manera ac\u00fastica y t\u00e9rmica cualquier proyecto de HVAC. \u00a1Mant\u00e9n la temperatura y el ruido bajo control!<br \/>\n&#8211; \u27142.F\u00c1CIL DE APLICAR: Con su adhesi\u00f3n duradera, esta cinta se aplica r\u00e1pida y sencillamente en tuber\u00edas y conductos. Ideal para sistemas de calefacci\u00f3n, ventilaci\u00f3n y aire acondicionado.<br \/>\n&#8211; \ud83d\udc4d3.VERSATILIDAD SIN L\u00cdMITES: Desde aislamiento ac\u00fastico en hogares hasta mejoras en la camperizaci\u00f3n de furgonetas, esta cinta se adapta a m\u00faltiples aplicaciones.<br \/>\n&#8211; \ud83d\udd254.RESISTENTE Y DURADERA: Fabricada con caucho de alta calidad, esta cinta adhesiva ofrece resistencia al desgaste y una vida \u00fatil prolongada. \u00a1Adquiere la calidad que necesitas!<br \/>\n&#8211; \ud83e\udd175.TU SOLUCI\u00d3N COMPLETA: No busques m\u00e1s. Esta cinta lo tiene todo: aislante ac\u00fastico y t\u00e9rmico para sistemas HVAC, tuber\u00edas y proyectos de camperizaci\u00f3n de furgonetas.<\/p>\n","protected":false},"excerpt":{"rendered":"<p>GTKWEX CINTA AUTOADHESIVA DE CAUCHO 10MTS x 5CM x 3MM | AISLANTE ACUSTICO Y TERMICO IDEAL PARA CAMPERIZACIONES DE FURGONETAS CAMPER | SISTEMAS DE CALEFACCION Y AIRE (10 METROS)<br \/>#Publicidad <span class=\"read-more\"><a class=\"more-link btn btn-transparent\" href=\"https:\/\/rockkofertas.com.es\/index.php\/producto\/b0dfdgkzzq\/\">Leer m\u00e1s&#8230;<\/a><\/span><\/p>\n","protected":false},"featured_media":131,"comment_status":"open","ping_status":"closed","template":"","meta":[],"product_cat":[15],"product_tag":[],"class_list":{"0":"post-132","1":"product","2":"type-product","3":"status-publish","4":"has-post-thumbnail","6":"product_cat-sin-categorizar","8":"first","9":"instock","10":"shipping-taxable","11":"product-type-external"},"_links":{"self":[{"href":"https:\/\/rockkofertas.com.es\/index.php\/wp-json\/wp\/v2\/product\/132","targetHints":{"allow":["GET"]}}],"collection":[{"href":"https:\/\/rockkofertas.com.es\/index.php\/wp-json\/wp\/v2\/product"}],"about":[{"href":"https:\/\/rockkofertas.com.es\/index.php\/wp-json\/wp\/v2\/types\/product"}],"replies":[{"embeddable":true,"href":"https:\/\/rockkofertas.com.es\/index.php\/wp-json\/wp\/v2\/comments?post=132"}],"wp:featuredmedia":[{"embeddable":true,"href":"https:\/\/rockkofertas.com.es\/index.php\/wp-json\/wp\/v2\/media\/131"}],"wp:attachment":[{"href":"https:\/\/rockkofertas.com.es\/index.php\/wp-json\/wp\/v2\/media?parent=132"}],"wp:term":[{"taxonomy":"product_cat","embeddable":true,"href":"https:\/\/rockkofertas.com.es\/index.php\/wp-json\/wp\/v2\/product_cat?post=132"},{"taxonomy":"product_tag","embeddable":true,"href":"https:\/\/rockkofertas.com.es\/index.php\/wp-json\/wp\/v2\/product_tag?post=132"}],"curies":[{"name":"wp","href":"https:\/\/api.w.org\/{rel}","templated":true}]}}