{"id":126,"date":"2024-12-26T21:50:15","date_gmt":"2024-12-26T21:50:15","guid":{"rendered":"https:\/\/rockkofertas.com.es\/index.php\/producto\/b0dbv5vhck\/"},"modified":"2024-12-26T21:50:15","modified_gmt":"2024-12-26T21:50:15","slug":"b0dbv5vhck","status":"publish","type":"product","link":"https:\/\/rockkofertas.com.es\/index.php\/producto\/b0dbv5vhck\/","title":{"rendered":"B0DBV5VHCK"},"content":{"rendered":"<p>&#8211; \u3010Amplia compatibilidad\u3011: Este cargador es adecuado para la mayor\u00eda de las bater\u00edas de litio de 42 V 2 A (compatible con paquetes de bater\u00edas de iones de litio de 36 V, la mayor\u00eda de los dispositivos de 42 V) y viene con 4 tipos de enchufes, a saber, DC5.5&#215;2.5mm\/DC5.5&#215;2.1mm, enchufe de aviaci\u00f3n de 9 mm, XLR de 3 pines, RCA. Adecuado para diferentes tipos de scooters, xiaomi M365, scooter de equilibrio el\u00e9ctrico, scooter de equilibrio de 2 ruedas, tabla de deriva, monociclo, bicicleta el\u00e9ctrica, etc. Verifique cuidadosamente el tama\u00f1o y el conector del cargador original antes de realizar el pedido.<br \/>\n&#8211; \u3010Seguro y confiable\u3011: El cargador de bicicleta el\u00e9ctrica tiene un dise\u00f1o de protecci\u00f3n de seguridad m\u00faltiple: protecci\u00f3n contra sobrecarga, protecci\u00f3n contra sobrecorriente, protecci\u00f3n contra cortocircuitos, conexi\u00f3n inversa, etc., para que pueda usarlo de manera m\u00e1s segura. Nota: Para lograr el mejor efecto de disipaci\u00f3n de calor, el ventilador emitir\u00e1 un cierto sonido cuando est\u00e9 funcionando, lo cual es un fen\u00f3meno normal.<br \/>\n&#8211; \u3010Materiales de alta calidad\u3011: El cargador de hoverboard est\u00e1 hecho de material ABS y PC resistente a altas temperaturas, por lo que este cargador de hoverboard tiene una fuerte resistencia al calor, es resistente a altas temperaturas, desgaste, corrosi\u00f3n y ca\u00eddas, lo que es duradero y tiene una larga vida \u00fatil.<br \/>\n&#8211; \u3010Indicador de carga\u3011: El rojo indica carga, el verde indica carga completa o desconexi\u00f3n. Entrada: CA 100-240 V 50\/60 Hz, Salida: CC 42 V 2 A. Atenci\u00f3n: Para reducir el riesgo de incendio y quemaduras, no desmonte, apriete, perfore, cortocircuite los contactos externos ni los arroje al fuego. (Si la luz indicadora permanece verde, la primera raz\u00f3n puede ser que su Scooter no se usa durante mucho tiempo o se descarga excesiva; la segunda raz\u00f3n puede ser que tenga un problema, comun\u00edquese con nosotros en este caso).<br \/>\n&#8211; \u3010Port\u00e1til y f\u00e1cil de almacenar\u3011: El cargador de patinete el\u00e9ctrico viene con una bolsa de almacenamiento incorporada, que mantiene el cargador limpio y lo protege del polvo y da\u00f1os accidentales cuando no est\u00e1 en uso. Adem\u00e1s, permite almacenarlo de forma compacta y segura, lo que facilita su transporte sin riesgo de da\u00f1os o p\u00e9rdidas, lo que resulta especialmente conveniente cuando se viaja o se transporta un patinete el\u00e9ctrico con frecuencia.<\/p>\n","protected":false},"excerpt":{"rendered":"<p>Cargador Patinete El\u00e9ctrico,42V\/36 V 2A Universal Cargador Hoverboard,Cargador de Bater\u00eda Fuente de Alimentaci\u00f3n con 4 Conectores 1 Bolsa de Almacenamiento para Xiaomi M365 Ninebot E-Scooter<br \/>#Publicidad <span class=\"read-more\"><a class=\"more-link btn btn-transparent\" href=\"https:\/\/rockkofertas.com.es\/index.php\/producto\/b0dbv5vhck\/\">Leer m\u00e1s&#8230;<\/a><\/span><\/p>\n","protected":false},"featured_media":125,"comment_status":"open","ping_status":"closed","template":"","meta":[],"product_cat":[15],"product_tag":[],"class_list":{"0":"post-126","1":"product","2":"type-product","3":"status-publish","4":"has-post-thumbnail","6":"product_cat-sin-categorizar","8":"first","9":"instock","10":"shipping-taxable","11":"product-type-external"},"_links":{"self":[{"href":"https:\/\/rockkofertas.com.es\/index.php\/wp-json\/wp\/v2\/product\/126","targetHints":{"allow":["GET"]}}],"collection":[{"href":"https:\/\/rockkofertas.com.es\/index.php\/wp-json\/wp\/v2\/product"}],"about":[{"href":"https:\/\/rockkofertas.com.es\/index.php\/wp-json\/wp\/v2\/types\/product"}],"replies":[{"embeddable":true,"href":"https:\/\/rockkofertas.com.es\/index.php\/wp-json\/wp\/v2\/comments?post=126"}],"wp:featuredmedia":[{"embeddable":true,"href":"https:\/\/rockkofertas.com.es\/index.php\/wp-json\/wp\/v2\/media\/125"}],"wp:attachment":[{"href":"https:\/\/rockkofertas.com.es\/index.php\/wp-json\/wp\/v2\/media?parent=126"}],"wp:term":[{"taxonomy":"product_cat","embeddable":true,"href":"https:\/\/rockkofertas.com.es\/index.php\/wp-json\/wp\/v2\/product_cat?post=126"},{"taxonomy":"product_tag","embeddable":true,"href":"https:\/\/rockkofertas.com.es\/index.php\/wp-json\/wp\/v2\/product_tag?post=126"}],"curies":[{"name":"wp","href":"https:\/\/api.w.org\/{rel}","templated":true}]}}