{"id":124,"date":"2024-12-26T20:00:37","date_gmt":"2024-12-26T20:00:37","guid":{"rendered":"https:\/\/rockkofertas.com.es\/index.php\/producto\/b07w5jkfqc\/"},"modified":"2024-12-26T20:00:37","modified_gmt":"2024-12-26T20:00:37","slug":"b07w5jkfqc","status":"publish","type":"product","link":"https:\/\/rockkofertas.com.es\/index.php\/producto\/b07w5jkfqc\/","title":{"rendered":"B07W5JKFQC"},"content":{"rendered":"<p>&#8211; SENSOR PARA GAMERS: Seguimiento ultrapreciso gracias al sensor de 8000 DPI. Alterna entre los 5 perfiles de configuraci\u00f3n, as\u00ed como el mapeo de pantalla con el G HUB, para un rendimiento m\u00e1s estable<br \/>\n&#8211; LIGHTSYNC RGB: Gracias a sus 16,8 millones de colores, tendr\u00e1s el arco iris al alcance de la mano. Combina patrones y juega con efectos \u00f3pticos que se adaptan a todos tus estados de \u00e1nimo<br \/>\n&#8211; DISE\u00d1O PARA GAMERS: Su sencillo dise\u00f1o de 6 botones ofrece una experiencia de juego \u00fanica. C\u00f3modo y resistente, facilita un control total. Adem\u00e1s, permite programar tareas con botones configurables<br \/>\n&#8211; RESISTENCIA MEC\u00c1NICA DEL RESORTE DEL BOT\u00d3N: Los botones mec\u00e1nicos se apoyan en resortes met\u00e1licos de lo m\u00e1s resistentes. Los clics son muy precisos y te ofrecen retroalimentaci\u00f3n para adaptarse a ti<br \/>\n&#8211; CONFIGURACI\u00d3N PERSONALIZABLE: Compatible con el software de juego Logitech G HUB con el que podr\u00e1s personalizar tu configuraci\u00f3n. Elige entre 200 y 8000 DPI para una precisi\u00f3n y agilidad jam\u00e1s vistas<br \/>\n&#8211; La marca de accesorios para gaming m\u00e1s vendida del mundo: Basado en datos de ventas agregados independientes (febr. 2019 &#8211; febr. 2020) de teclados, ratones y auriculares para PC gaming en unidades<\/p>\n","protected":false},"excerpt":{"rendered":"<p>Logitech G203 LIGHTSYNC Rat\u00f3n USB Gaming con Iluminaci\u00f3n RGB Personalizable, 6 Botones Programables, Captor 8K para Gaming, Seguimiento de hasta 8,000 DPI, Ultra-ligero &#8211; Negro<br \/>\n#Publicidad <span class=\"read-more\"><a class=\"more-link btn btn-transparent\" href=\"https:\/\/rockkofertas.com.es\/index.php\/producto\/b07w5jkfqc\/\">Leer m\u00e1s&#8230;<\/a><\/span><\/p>\n","protected":false},"featured_media":123,"comment_status":"open","ping_status":"closed","template":"","meta":[],"product_cat":[15],"product_tag":[],"class_list":{"0":"post-124","1":"product","2":"type-product","3":"status-publish","4":"has-post-thumbnail","6":"product_cat-sin-categorizar","8":"first","9":"instock","10":"shipping-taxable","11":"product-type-external"},"_links":{"self":[{"href":"https:\/\/rockkofertas.com.es\/index.php\/wp-json\/wp\/v2\/product\/124","targetHints":{"allow":["GET"]}}],"collection":[{"href":"https:\/\/rockkofertas.com.es\/index.php\/wp-json\/wp\/v2\/product"}],"about":[{"href":"https:\/\/rockkofertas.com.es\/index.php\/wp-json\/wp\/v2\/types\/product"}],"replies":[{"embeddable":true,"href":"https:\/\/rockkofertas.com.es\/index.php\/wp-json\/wp\/v2\/comments?post=124"}],"wp:featuredmedia":[{"embeddable":true,"href":"https:\/\/rockkofertas.com.es\/index.php\/wp-json\/wp\/v2\/media\/123"}],"wp:attachment":[{"href":"https:\/\/rockkofertas.com.es\/index.php\/wp-json\/wp\/v2\/media?parent=124"}],"wp:term":[{"taxonomy":"product_cat","embeddable":true,"href":"https:\/\/rockkofertas.com.es\/index.php\/wp-json\/wp\/v2\/product_cat?post=124"},{"taxonomy":"product_tag","embeddable":true,"href":"https:\/\/rockkofertas.com.es\/index.php\/wp-json\/wp\/v2\/product_tag?post=124"}],"curies":[{"name":"wp","href":"https:\/\/api.w.org\/{rel}","templated":true}]}}