{"id":122,"date":"2024-12-26T18:31:05","date_gmt":"2024-12-26T18:31:05","guid":{"rendered":"https:\/\/rockkofertas.com.es\/index.php\/producto\/b0d2qkk53x\/"},"modified":"2024-12-26T18:31:05","modified_gmt":"2024-12-26T18:31:05","slug":"b0d2qkk53x","status":"publish","type":"product","link":"https:\/\/rockkofertas.com.es\/index.php\/producto\/b0d2qkk53x\/","title":{"rendered":"B0D2QKK53X"},"content":{"rendered":"<p>&#8211; \ud83d\udcbb [Tablet 12 Pulgadas 2,4K | \ud835\udc16\ud835\udc22\ud835\udc1d\ud835\udc1e\ud835\udc2f\ud835\udc22\ud835\udc27\ud835\udc1e \ud835\udc0b\ud835\udfcf] OUKITEL OT5S Tablet 12 pulgadas con pantalla HD 2,4K, bisel extremadamente estrecho con elegante cuerpo ultra delgado trae sensaci\u00f3n c\u00f3moda mano y f\u00e1cil de llevar.Resoluci\u00f3n de 2000*1200, ofrece im\u00e1genes realistas y colores vivos, y con Widevine L1, puedes disfrutar de v\u00eddeos Ultra HD 1080p en cualquier momento.La tableta viene con 3 modos de lectura que filtran eficazmente la luz azul, por lo que es ideal para trabajar, estudiar y jugar.<br \/>\n&#8211; \ud83c\udf0c [ Tablet Android 14 ]OUKITEL OT5S Tablet de 12 Pulgadas viene con el \u00faltimo sistema Android 14, que ha sido ampliamente mejorado y actualizado en comparaci\u00f3n con Android 13 en t\u00e9rminos de interfaz de usuario, protecci\u00f3n de la privacidad, rendimiento del sistema, compatibilidad de aplicaciones, inteligencia artificial y actualizaciones del sistema. Android 14 se convierte en un sistema operativo m\u00e1s fluido e inteligente, proporcionando a los usuarios una mejor experiencia.<br \/>\n&#8211; \ud83d\ude80 [ Tablet 256GB ] OUKITEL OT5S Tablet Android 14 Memoria: 6GB (Ampliable hasta 18GB) RAM + 256GB ROM, Ampliable hasta 2TB mediante tarjeta TF, El procesador Octa-core Unisoc T606 es extremadamente r\u00e1pido y eficiente energ\u00e9ticamente, ya sea para el uso diario o para grandes juegos, el Gaming Tablet 12 pulgadas te ofrece una experiencia incre\u00edblemente fluida. y te permite almacenar todos tus archivos multimedia favoritos.<br \/>\n&#8211; \ud83c\udfbc [ 4-Altavoces | 16MP+8MP C\u00e1mara ]OUKITEL OT5S Tablet 12 Pulgadas El Tablet Gaming tambi\u00e9n est\u00e1 equipado con cuatro altavoces inteligentes que ofrecen audio de alta calidad y sonido envolvente para disfrutar de un espect\u00e1culo visual de cine.La c\u00e1mara principal de 16 MP te permite hacer fotos y v\u00eddeos de alta calidad para capturar tus momentos m\u00e1s preciados.La c\u00e1mara frontal de 8 MP te presenta el selfie perfecto para videollamadas n\u00edtidas.<br \/>\n&#8211; \ud83d\udd0b [8250mAh Bater\u00eda | 18W Carga R\u00e1pida | GPS]OUKITEL OT5S Tablet tiene 8250mAh bater\u00eda con hasta 1090 horas de tiempo de espera, 35 horas de conversaci\u00f3n y 37 horas de reproducci\u00f3n de m\u00fasica, y se puede cargar m\u00e1s r\u00e1pido con carga r\u00e1pida Tipo-C 18W, 30 minutos de carga y 2 horas de reproducci\u00f3n de v\u00eddeo, que le proporciona un mont\u00f3n de energ\u00eda para sus actividades de todo el d\u00eda, adem\u00e1s, esta tableta soporta OTG.<br \/>\n&#8211; \ud83e\ude90[Tablet con Lapiz | Tablet con Funda] OUKITEL OT5S Tableta Android 14 se puede insertar con 2 tarjetas SIM y soporta WiFi 5G y transmisi\u00f3n inal\u00e1mbrica Bluetooth 5.0; reconocimiento facial; y 4 sistemas de navegaci\u00f3n para mantenerte en movimiento: GPS + Galileo + GLONASS + Beidou + GLONASS. La tableta tambi\u00e9n incluye un l\u00e1piz \u00f3ptico y una funda que protege la pantalla y la cubierta trasera de ara\u00f1azos y puede utilizarse como soporte, ideal para tomar notas, dibujar y escribir documentos sobre la marcha.<br \/>\n&#8211; \ud83d\udc96[ Garant\u00eda Oficial ] OUKITEL ofrece una garant\u00eda de 1 a\u00f1o y un servicio de atenci\u00f3n al cliente en l\u00ednea las 24 horas. Si tiene alg\u00fan problema con su tableta inteligente, puede ponerse en contacto con nuestro servicio de atenci\u00f3n al cliente y se lo resolveremos r\u00e1pidamente. OUKITEL le proporcionar\u00e1 una excelente experiencia de compra; \u00a1OUKITEL OT5S Tablet PC es un regalo ideal para sus amigos y familiares, gran regalo de cumplea\u00f1os, regalo de graduaci\u00f3n, regalo de Navidad!<\/p>\n","protected":false},"excerpt":{"rendered":"<p>OUKITEL OT5S Tablet 12 Pulgadas 2.4K IPS Tablet Android 14 Tablet con Lapiz 24GB+256GB(TF 2TB) Gaming Tablet con Funda 8250mAh 16MP 4-Altavoces Widevine L1 Dual SIM 4G | Face ID | GPS | OTG | 5G WiFi<br \/>#Publicidad <span class=\"read-more\"><a class=\"more-link btn btn-transparent\" href=\"https:\/\/rockkofertas.com.es\/index.php\/producto\/b0d2qkk53x\/\">Leer m\u00e1s&#8230;<\/a><\/span><\/p>\n","protected":false},"featured_media":121,"comment_status":"open","ping_status":"closed","template":"","meta":[],"product_cat":[15],"product_tag":[],"class_list":{"0":"post-122","1":"product","2":"type-product","3":"status-publish","4":"has-post-thumbnail","6":"product_cat-sin-categorizar","8":"first","9":"instock","10":"shipping-taxable","11":"product-type-external"},"_links":{"self":[{"href":"https:\/\/rockkofertas.com.es\/index.php\/wp-json\/wp\/v2\/product\/122","targetHints":{"allow":["GET"]}}],"collection":[{"href":"https:\/\/rockkofertas.com.es\/index.php\/wp-json\/wp\/v2\/product"}],"about":[{"href":"https:\/\/rockkofertas.com.es\/index.php\/wp-json\/wp\/v2\/types\/product"}],"replies":[{"embeddable":true,"href":"https:\/\/rockkofertas.com.es\/index.php\/wp-json\/wp\/v2\/comments?post=122"}],"wp:featuredmedia":[{"embeddable":true,"href":"https:\/\/rockkofertas.com.es\/index.php\/wp-json\/wp\/v2\/media\/121"}],"wp:attachment":[{"href":"https:\/\/rockkofertas.com.es\/index.php\/wp-json\/wp\/v2\/media?parent=122"}],"wp:term":[{"taxonomy":"product_cat","embeddable":true,"href":"https:\/\/rockkofertas.com.es\/index.php\/wp-json\/wp\/v2\/product_cat?post=122"},{"taxonomy":"product_tag","embeddable":true,"href":"https:\/\/rockkofertas.com.es\/index.php\/wp-json\/wp\/v2\/product_tag?post=122"}],"curies":[{"name":"wp","href":"https:\/\/api.w.org\/{rel}","templated":true}]}}