{"id":118,"date":"2024-12-26T12:00:33","date_gmt":"2024-12-26T12:00:33","guid":{"rendered":"https:\/\/rockkofertas.com.es\/index.php\/producto\/b07zcy9xz9\/"},"modified":"2024-12-26T12:00:33","modified_gmt":"2024-12-26T12:00:33","slug":"b07zcy9xz9","status":"publish","type":"product","link":"https:\/\/rockkofertas.com.es\/index.php\/producto\/b07zcy9xz9\/","title":{"rendered":"B07ZCY9XZ9"},"content":{"rendered":"<p>&#8211; L\u00e1mparas de mesa respetuosa con la visi\u00f3n: la lampara tiene 52 puntos leds generando una luz suave y sin sombras, lo que evita la fatiga ocular causada por la luz parpadeante y el deslumbramiento intenso. Ideal para leer o estudiar durante largos periodos de tiempo<br \/>\n&#8211; 50 opciones de luz ajustables: Nuestra lampara de escritorio LED tiene 10 niveles de brillo y 5 modos de iluminaci\u00f3n seleccionables, proporcionando niveles de luz ideales para trabajar, estudiar, leer y relajarse<br \/>\n&#8211; Control t\u00e1ctil f\u00e1cil: El interruptor de la l\u00e1mpara es totalmente t\u00e1ctil. La funci\u00f3n de memoria permite que s\u00f3lo tenga que ajustar el modo de brillo\/color la primera vez que utilice la l\u00e1mpara, y la luz de escritorio volver\u00e1 autom\u00e1ticamente a la configuraci\u00f3n cuando se encienda la l\u00e1mpara. la pr\u00f3xima vez<br \/>\n&#8211; Brazo flexible de la l\u00e1mpara: Con su brazo flexible de 180 \u00b0 y el eje de la base de 90 \u00b0, la l\u00e1mpara se puede ajustar a su \u00e1ngulo preferido. Puede elegir el mejor \u00e1ngulo de iluminaci\u00f3n para adaptarse a diferentes necesidades. Y gracias al estabilizador de base incorporado, la base de la l\u00e1mpara de lectura se mantendr\u00e1 firme y segura cuando ajuste su \u00e1ngulo<br \/>\n&#8211; Larga vida \u00fatil: Nuestra l\u00e1mpara est\u00e1 fabricada sin plomo ni mercurio, y no genera radiaci\u00f3n UV ni IR. El disipador de calor es de aleaci\u00f3n de aluminio, lo que permite hasta 50000 horas de vida \u00fatil, 40 veces m\u00e1s que una l\u00e1mpara incandescente cl\u00e1sica<\/p>\n","protected":false},"excerpt":{"rendered":"<p>SLATOR L\u00e1mpara Escritorio LED, Flexo de Escritorio (Cuidado Ocular, Puerto USB, 5 Modos,10 Niveles de Brillo,Temporizador de 30\/60min, Funci\u00f3n de Memoria)<br \/>\n#Publicidad <span class=\"read-more\"><a class=\"more-link btn btn-transparent\" href=\"https:\/\/rockkofertas.com.es\/index.php\/producto\/b07zcy9xz9\/\">Leer m\u00e1s&#8230;<\/a><\/span><\/p>\n","protected":false},"featured_media":117,"comment_status":"open","ping_status":"closed","template":"","meta":[],"product_cat":[15],"product_tag":[],"class_list":{"0":"post-118","1":"product","2":"type-product","3":"status-publish","4":"has-post-thumbnail","6":"product_cat-sin-categorizar","8":"first","9":"instock","10":"shipping-taxable","11":"product-type-external"},"_links":{"self":[{"href":"https:\/\/rockkofertas.com.es\/index.php\/wp-json\/wp\/v2\/product\/118","targetHints":{"allow":["GET"]}}],"collection":[{"href":"https:\/\/rockkofertas.com.es\/index.php\/wp-json\/wp\/v2\/product"}],"about":[{"href":"https:\/\/rockkofertas.com.es\/index.php\/wp-json\/wp\/v2\/types\/product"}],"replies":[{"embeddable":true,"href":"https:\/\/rockkofertas.com.es\/index.php\/wp-json\/wp\/v2\/comments?post=118"}],"wp:featuredmedia":[{"embeddable":true,"href":"https:\/\/rockkofertas.com.es\/index.php\/wp-json\/wp\/v2\/media\/117"}],"wp:attachment":[{"href":"https:\/\/rockkofertas.com.es\/index.php\/wp-json\/wp\/v2\/media?parent=118"}],"wp:term":[{"taxonomy":"product_cat","embeddable":true,"href":"https:\/\/rockkofertas.com.es\/index.php\/wp-json\/wp\/v2\/product_cat?post=118"},{"taxonomy":"product_tag","embeddable":true,"href":"https:\/\/rockkofertas.com.es\/index.php\/wp-json\/wp\/v2\/product_tag?post=118"}],"curies":[{"name":"wp","href":"https:\/\/api.w.org\/{rel}","templated":true}]}}