{"id":108,"date":"2024-12-25T16:00:41","date_gmt":"2024-12-25T16:00:41","guid":{"rendered":"https:\/\/rockkofertas.com.es\/index.php\/producto\/b0b321ghp7\/"},"modified":"2024-12-25T16:00:41","modified_gmt":"2024-12-25T16:00:41","slug":"b0b321ghp7","status":"publish","type":"product","link":"https:\/\/rockkofertas.com.es\/index.php\/producto\/b0b321ghp7\/","title":{"rendered":"B0B321GHP7"},"content":{"rendered":"<p>&#8211; Aspecto cl\u00e1sico: camisetas con cuello redondo y manga corta que crean un aspecto cl\u00e1sico y atemporal. Material: Hecho de 100% algod\u00f3n Material que es suave, transpirable y c\u00f3modo.<br \/>\n&#8211; Ajuste regular: La camiseta es de ajuste regular y tiene mangas cortas, proporcionando un ajuste relajado y c\u00f3modo.<br \/>\n&#8211; Lavable: f\u00e1cil de lavar, es a m\u00e1quina. Lavable, por lo que es pr\u00e1ctico y opci\u00f3n de bajo mantenimiento<br \/>\n&#8211; Cierre: dise\u00f1o de tirar, por lo que es f\u00e1cil de poner y quitar<\/p>\n","protected":false},"excerpt":{"rendered":"<p>JACK &amp; JONES Jjethan tee SS Crew Neck 3pk MP Noos-Camiseta de Manga Corta (3 Unidades), Negro\/Paquete: Negro, Blanco y Azul Marino, L para Hombre<br \/>\n#Publicidad <span class=\"read-more\"><a class=\"more-link btn btn-transparent\" href=\"https:\/\/rockkofertas.com.es\/index.php\/producto\/b0b321ghp7\/\">Leer m\u00e1s&#8230;<\/a><\/span><\/p>\n","protected":false},"featured_media":107,"comment_status":"open","ping_status":"closed","template":"","meta":[],"product_cat":[15],"product_tag":[],"class_list":{"0":"post-108","1":"product","2":"type-product","3":"status-publish","4":"has-post-thumbnail","6":"product_cat-sin-categorizar","8":"first","9":"instock","10":"shipping-taxable","11":"product-type-external"},"_links":{"self":[{"href":"https:\/\/rockkofertas.com.es\/index.php\/wp-json\/wp\/v2\/product\/108","targetHints":{"allow":["GET"]}}],"collection":[{"href":"https:\/\/rockkofertas.com.es\/index.php\/wp-json\/wp\/v2\/product"}],"about":[{"href":"https:\/\/rockkofertas.com.es\/index.php\/wp-json\/wp\/v2\/types\/product"}],"replies":[{"embeddable":true,"href":"https:\/\/rockkofertas.com.es\/index.php\/wp-json\/wp\/v2\/comments?post=108"}],"wp:featuredmedia":[{"embeddable":true,"href":"https:\/\/rockkofertas.com.es\/index.php\/wp-json\/wp\/v2\/media\/107"}],"wp:attachment":[{"href":"https:\/\/rockkofertas.com.es\/index.php\/wp-json\/wp\/v2\/media?parent=108"}],"wp:term":[{"taxonomy":"product_cat","embeddable":true,"href":"https:\/\/rockkofertas.com.es\/index.php\/wp-json\/wp\/v2\/product_cat?post=108"},{"taxonomy":"product_tag","embeddable":true,"href":"https:\/\/rockkofertas.com.es\/index.php\/wp-json\/wp\/v2\/product_tag?post=108"}],"curies":[{"name":"wp","href":"https:\/\/api.w.org\/{rel}","templated":true}]}}