{"id":106,"date":"2024-12-25T12:00:42","date_gmt":"2024-12-25T12:00:42","guid":{"rendered":"https:\/\/rockkofertas.com.es\/index.php\/producto\/b07vv7fd2z\/"},"modified":"2024-12-25T12:00:42","modified_gmt":"2024-12-25T12:00:42","slug":"b07vv7fd2z","status":"publish","type":"product","link":"https:\/\/rockkofertas.com.es\/index.php\/producto\/b07vv7fd2z\/","title":{"rendered":"B07VV7FD2Z"},"content":{"rendered":"<p>&#8211; \u25b6\u3010Dise\u00f1o de Moda\u3011Bolsos totes para mujer hecho de cuero de PU impermeable de alta calidad y forro de poli\u00e9ster, parte inferior est\u00e1 dise\u00f1ada con protecci\u00f3n de remaches met\u00e1licos, equipado hardware dorado duradero y una exquisita bola de pelo de conejo gris de 8 cm. El dise\u00f1o simple en negro puro hace de este bolso un art\u00edculo de moda cl\u00e1sico y discreto.<br \/>\n&#8211; \u25b6\u3010Gran Capacidad\u3011Bolsos de Mujer Bolso Bandolera Dimensiones es 31 x 29 x 15 cm, ca\u00edda del asa: 9 pulgadas, peso: 1.1 libras. Bolsos de mujer tiene 6 compartimentos, puede contener muchos art\u00edculos y acceso r\u00e1pido f\u00e1cilmente. Incluir 2 bolsillos grandes abiertos y 1 bolsillo grande con cremallera perfecto para sus documentos A4 o port\u00e1tiles de 15-15,6 pulgadas o cosas personales, 3 bolsas de pared abiertas adapta a sus cosas peque\u00f1as.<br \/>\n&#8211; \u25b6\u3010Vers\u00e1til\u3011Bolso tote cuero equipado con tirantes extra\u00edbles y ajustables, es libre de ajustar longitud de la correa del hombro para la experiencia m\u00e1s c\u00f3moda. Adem\u00e1s bolsos de mujer se puede utilizar como bolsos universidad mujer\/ bolso port\u00e1til\/ bolso de hombro\/ bolso de trabajo\/bolso informal\/bolso de compras\/bolso de escuela, etc.<br \/>\n&#8211; \u25b6\u3010Varias Ocasiones\u3011Simple y elegante de bolsos totes para mujer est\u00e1 dise\u00f1ado con cuero de l\u00ednea de lichi, esta bolsa multifuncional est\u00e1 hecha adecuado para todo tipo de ropa a juego, es una opci\u00f3n ideal para trabajo, viajes de negocios, conferencias, escuelas, compras, vacaciones, fiestas o otras ocasiones. Puedes llevarlo a cualquier parte y mantenga tus pertenencias bien organizados.<br \/>\n&#8211; \u25b6\u3010Regalo Perfecto\u3011Estilo elegante y simple, dise\u00f1o de gran capacidad, puede acomodar computadoras port\u00e1tiles, archivos A4, productos de maquillaje, tel\u00e9fonos m\u00f3viles, cargadores, carteras, paraguas,lentes de sol,l\u00e1piz labial,etc. Muy duradero y contiene todo lo que necesita, es el regalo perfecto para cualquier mujer. Al mismo tiempo, es regalo ideal para el amante, el d\u00eda de San Valent\u00edn, el d\u00eda de la madre, el D\u00eda de Acci\u00f3n de Gracias, Navidad, cumplea\u00f1os, aniversario u otro festival.<\/p>\n","protected":false},"excerpt":{"rendered":"<p>URAQT Bolsos de Mujer, Universidad Mujer, Grande para Portatil 15.6 Pulgadas, Tote Shopper, de Hombro, Cuero Impermeable Negro<br \/>\n#Publicidad <span class=\"read-more\"><a class=\"more-link btn btn-transparent\" href=\"https:\/\/rockkofertas.com.es\/index.php\/producto\/b07vv7fd2z\/\">Leer m\u00e1s&#8230;<\/a><\/span><\/p>\n","protected":false},"featured_media":105,"comment_status":"open","ping_status":"closed","template":"","meta":[],"product_cat":[15],"product_tag":[],"class_list":{"0":"post-106","1":"product","2":"type-product","3":"status-publish","4":"has-post-thumbnail","6":"product_cat-sin-categorizar","8":"first","9":"instock","10":"shipping-taxable","11":"product-type-external"},"_links":{"self":[{"href":"https:\/\/rockkofertas.com.es\/index.php\/wp-json\/wp\/v2\/product\/106","targetHints":{"allow":["GET"]}}],"collection":[{"href":"https:\/\/rockkofertas.com.es\/index.php\/wp-json\/wp\/v2\/product"}],"about":[{"href":"https:\/\/rockkofertas.com.es\/index.php\/wp-json\/wp\/v2\/types\/product"}],"replies":[{"embeddable":true,"href":"https:\/\/rockkofertas.com.es\/index.php\/wp-json\/wp\/v2\/comments?post=106"}],"wp:featuredmedia":[{"embeddable":true,"href":"https:\/\/rockkofertas.com.es\/index.php\/wp-json\/wp\/v2\/media\/105"}],"wp:attachment":[{"href":"https:\/\/rockkofertas.com.es\/index.php\/wp-json\/wp\/v2\/media?parent=106"}],"wp:term":[{"taxonomy":"product_cat","embeddable":true,"href":"https:\/\/rockkofertas.com.es\/index.php\/wp-json\/wp\/v2\/product_cat?post=106"},{"taxonomy":"product_tag","embeddable":true,"href":"https:\/\/rockkofertas.com.es\/index.php\/wp-json\/wp\/v2\/product_tag?post=106"}],"curies":[{"name":"wp","href":"https:\/\/api.w.org\/{rel}","templated":true}]}}