{"id":10374,"date":"2026-04-15T12:01:03","date_gmt":"2026-04-15T12:01:03","guid":{"rendered":"https:\/\/rockkofertas.com.es\/index.php\/producto\/b008n0ohf8\/"},"modified":"2026-04-15T12:01:03","modified_gmt":"2026-04-15T12:01:03","slug":"b008n0ohf8","status":"publish","type":"product","link":"https:\/\/rockkofertas.com.es\/index.php\/producto\/b008n0ohf8\/","title":{"rendered":"B008N0OHF8"},"content":{"rendered":"<p>&#8211; TRANSFORMA LA CUNA EN UNA CAMA &#8211; Los primeros seis meses m\u00e1gicos han pasado, y ahora es hora de transformar tu Minicuna Stokke Sleepi en una Stokke Sleepi con el pr\u00e1ctico Kit de extensi\u00f3n de cama. Adecuado para ni\u00f1os hasta los 3 a\u00f1os aproximadamente.<br \/>\n&#8211; CRECE CON TU BEB\u00c9 &#8211; Hecha de madera de haya s\u00f3lida, la Extensi\u00f3n de cuna Stokke Sleepi extiende tu Minicuna de reci\u00e9n nacido Stokke Sleepi en una cuna\/cama de beb\u00e9 y ni\u00f1o peque\u00f1o, manteniendo un ambiente familiar y c\u00f3modo a medida que crece tu beb\u00e9.<br \/>\n&#8211; TODO INCLUIDO &#8211; Incluye todas las piezas necesarias de la extensi\u00f3n para transformar la Mini Stokke Sleepi en una cama. Extiende la cama a 141 cm. Colch\u00f3n de espuma resistente a la presi\u00f3n, PU hipoalerg\u00e9nico, con funda removible vendida por separado.<br \/>\n&#8211; DISE\u00d1O CON FINALIDAD &#8211; Tripp Trapp fue dise\u00f1ada por Peter Opsvik en 1972, un asiento c\u00f3modo y ergon\u00f3mico a cualquier edad. Se inspir\u00f3 en su hijo Tor, qui\u00e9n era demasiado mayor para usar la trona tradicional pero a\u00fan peque\u00f1o para una silla de adulto.<\/p>\n","protected":false},"excerpt":{"rendered":"<p>Stokke Extensi\u00f3n de Cama Sleepi, Natural &#8211; Convierte la Minicuna Sleepi en una Cama Sleepi &#8211; para ni\u00f1os de hasta 3 a\u00f1os &#8211; Colch\u00f3n Vendido por Separado &#8211; Extiende la Cama a 141 cm<br \/>\n#Publicidad <span class=\"read-more\"><a class=\"more-link btn btn-transparent\" href=\"https:\/\/rockkofertas.com.es\/index.php\/producto\/b008n0ohf8\/\">Leer m\u00e1s&#8230;<\/a><\/span><\/p>\n","protected":false},"featured_media":10373,"comment_status":"open","ping_status":"closed","template":"","meta":[],"product_cat":[15],"product_tag":[],"class_list":{"0":"post-10374","1":"product","2":"type-product","3":"status-publish","4":"has-post-thumbnail","6":"product_cat-sin-categorizar","8":"first","9":"instock","10":"shipping-taxable","11":"product-type-external"},"_links":{"self":[{"href":"https:\/\/rockkofertas.com.es\/index.php\/wp-json\/wp\/v2\/product\/10374","targetHints":{"allow":["GET"]}}],"collection":[{"href":"https:\/\/rockkofertas.com.es\/index.php\/wp-json\/wp\/v2\/product"}],"about":[{"href":"https:\/\/rockkofertas.com.es\/index.php\/wp-json\/wp\/v2\/types\/product"}],"replies":[{"embeddable":true,"href":"https:\/\/rockkofertas.com.es\/index.php\/wp-json\/wp\/v2\/comments?post=10374"}],"wp:featuredmedia":[{"embeddable":true,"href":"https:\/\/rockkofertas.com.es\/index.php\/wp-json\/wp\/v2\/media\/10373"}],"wp:attachment":[{"href":"https:\/\/rockkofertas.com.es\/index.php\/wp-json\/wp\/v2\/media?parent=10374"}],"wp:term":[{"taxonomy":"product_cat","embeddable":true,"href":"https:\/\/rockkofertas.com.es\/index.php\/wp-json\/wp\/v2\/product_cat?post=10374"},{"taxonomy":"product_tag","embeddable":true,"href":"https:\/\/rockkofertas.com.es\/index.php\/wp-json\/wp\/v2\/product_tag?post=10374"}],"curies":[{"name":"wp","href":"https:\/\/api.w.org\/{rel}","templated":true}]}}