{"id":10372,"date":"2026-04-15T04:00:33","date_gmt":"2026-04-15T04:00:33","guid":{"rendered":"https:\/\/rockkofertas.com.es\/index.php\/producto\/b0999hgwd6\/"},"modified":"2026-04-15T04:00:33","modified_gmt":"2026-04-15T04:00:33","slug":"b0999hgwd6","status":"publish","type":"product","link":"https:\/\/rockkofertas.com.es\/index.php\/producto\/b0999hgwd6\/","title":{"rendered":"B0999HGWD6"},"content":{"rendered":"<p>&#8211; DISE\u00d1O MODERNO Y FUNCIONAL &#8211; Zapatos Gioseppo; Dise\u00f1adas con materiales resistentes y acabados que aportan un toque de sofisticaci\u00f3n, pensadas para cualquier ocasi\u00f3n con estilo y funcionalidad<br \/>\n&#8211; CONFORT EN TODO MOMENTO &#8211; Glamurosas y c\u00f3modas; Su plantilla ergon\u00f3mica y acolchada garantiza confort en cada pisada, permitiendo un uso prolongado sin molestias, id\u00f3neo para quienes buscan comodidad todo el d\u00eda<br \/>\n&#8211; MATERIALES RECICLADOS &#8211; Para todo tipo de ocasiones; Fabricadas con materiales reciclados y transpirables que ofrecen frescura y bienestar, adem\u00e1s de contribuir al cuidado del medio ambiente con procesos sostenibles<br \/>\n&#8211; GENIALES PARA COMBINAR CON CUALQUIER LOOK &#8211; Zapatos confortables; Pensadas para mujeres din\u00e1micas que buscan una combinaci\u00f3n de estilo y funcionalidad, pensadas para cualquier ocasi\u00f3n desde el d\u00eda hasta la noche<br \/>\n&#8211; DISE\u00d1O ESPA\u00d1OL &#8211; Gioseppo presenta una propuesta de calzado creada en Espa\u00f1a, destacando por su dise\u00f1o cuidado y materiales resistentes, id\u00f3neoes para cualquier ocasi\u00f3n<\/p>\n","protected":false},"excerpt":{"rendered":"<p>Sneakers Beige Tipo Espadrille para Mujer LIZARDA<br \/>\n#Publicidad <span class=\"read-more\"><a class=\"more-link btn btn-transparent\" href=\"https:\/\/rockkofertas.com.es\/index.php\/producto\/b0999hgwd6\/\">Leer m\u00e1s&#8230;<\/a><\/span><\/p>\n","protected":false},"featured_media":10371,"comment_status":"open","ping_status":"closed","template":"","meta":[],"product_cat":[15],"product_tag":[],"class_list":{"0":"post-10372","1":"product","2":"type-product","3":"status-publish","4":"has-post-thumbnail","6":"product_cat-sin-categorizar","8":"first","9":"instock","10":"shipping-taxable","11":"product-type-external"},"_links":{"self":[{"href":"https:\/\/rockkofertas.com.es\/index.php\/wp-json\/wp\/v2\/product\/10372","targetHints":{"allow":["GET"]}}],"collection":[{"href":"https:\/\/rockkofertas.com.es\/index.php\/wp-json\/wp\/v2\/product"}],"about":[{"href":"https:\/\/rockkofertas.com.es\/index.php\/wp-json\/wp\/v2\/types\/product"}],"replies":[{"embeddable":true,"href":"https:\/\/rockkofertas.com.es\/index.php\/wp-json\/wp\/v2\/comments?post=10372"}],"wp:featuredmedia":[{"embeddable":true,"href":"https:\/\/rockkofertas.com.es\/index.php\/wp-json\/wp\/v2\/media\/10371"}],"wp:attachment":[{"href":"https:\/\/rockkofertas.com.es\/index.php\/wp-json\/wp\/v2\/media?parent=10372"}],"wp:term":[{"taxonomy":"product_cat","embeddable":true,"href":"https:\/\/rockkofertas.com.es\/index.php\/wp-json\/wp\/v2\/product_cat?post=10372"},{"taxonomy":"product_tag","embeddable":true,"href":"https:\/\/rockkofertas.com.es\/index.php\/wp-json\/wp\/v2\/product_tag?post=10372"}],"curies":[{"name":"wp","href":"https:\/\/api.w.org\/{rel}","templated":true}]}}