{"id":10370,"date":"2026-04-15T00:00:46","date_gmt":"2026-04-15T00:00:46","guid":{"rendered":"https:\/\/rockkofertas.com.es\/index.php\/producto\/b0dk8j7jzm\/"},"modified":"2026-04-15T00:00:46","modified_gmt":"2026-04-15T00:00:46","slug":"b0dk8j7jzm","status":"publish","type":"product","link":"https:\/\/rockkofertas.com.es\/index.php\/producto\/b0dk8j7jzm\/","title":{"rendered":"B0DK8J7JZM"},"content":{"rendered":"<p>&#8211; Verdadera Capacidad de 5500mAh:iWALK supera una vez m\u00e1s el desaf\u00edo de la limitaci\u00f3n de capacidad. Manteniendo el cl\u00e1sico dise\u00f1o mini, la capacidad del cargador port\u00e1til se ha incrementado a 5500mAh, creando la quinta generaci\u00f3n de cargadores port\u00e1tiles enchufables de iWALK.<br \/>\n&#8211; Sistema de Carga SenseForce:iWALK ha desarrollado su propia tecnolog\u00eda de carga SenseForce, que permite una mejor experiencia de control de temperatura y una mayor tasa de conversi\u00f3n de capacidad el\u00e9ctrica, haciendo que el uso del producto sea m\u00e1s seguro para nuestros clientes.<br \/>\n&#8211; Carga R\u00e1pida de 22.5W:Incluye una interfaz de carga bidireccional USB-C de 22.5W, compatible con PD 20W para cargar r\u00e1pidamente el iPhone 15. Solo toma 30 minutos cargar el iPhone 15 del 0% al 50%.<br \/>\n&#8211; Doble Forma de Cargar:Puedes enchufar directamente la interfaz USB-C a un tomacorriente o usar un cable de carga para conectar el tomacorriente al puerto de carga. La pantalla digital LED muestra el porcentaje de capacidad de la bater\u00eda del power bank, permiti\u00e9ndote ver la energ\u00eda restante en cualquier momento.<br \/>\n&#8211; Amplia Compatibilidad:El cargador port\u00e1til iWALK tiene un conector Type-C integrado, compatible con iPhone 16\/15, iPhone 16\/15 Plus, iPhone 16\/15 Pro, iPhone 16\/15 Pro Max, iPad, AirPods, y dise\u00f1ado para tel\u00e9fonos Android, como Samsung Galaxy S25, S24, S23, S22, Z Flip6, Z Fold6, Note, OPPO, Xiaomi, Huawei, Pixel, LG, etc.<\/p>\n","protected":false},"excerpt":{"rendered":"<p>iWALK Power Bank Port\u00e1til 5500mAh de Nueva Generaci\u00f3n &#8211; Cargador R\u00e1pido 22.5W USB-C,Bater\u00eda Externa Compacta para iPhone 17\/16\/15 Plus\/Pro MAX,iPad,Samsung Galaxy S25\/S24\/S23 y Dispositivos Android<br \/>\n#Publicidad <span class=\"read-more\"><a class=\"more-link btn btn-transparent\" href=\"https:\/\/rockkofertas.com.es\/index.php\/producto\/b0dk8j7jzm\/\">Leer m\u00e1s&#8230;<\/a><\/span><\/p>\n","protected":false},"featured_media":10369,"comment_status":"open","ping_status":"closed","template":"","meta":[],"product_cat":[15],"product_tag":[],"class_list":{"0":"post-10370","1":"product","2":"type-product","3":"status-publish","4":"has-post-thumbnail","6":"product_cat-sin-categorizar","8":"first","9":"instock","10":"shipping-taxable","11":"product-type-external"},"_links":{"self":[{"href":"https:\/\/rockkofertas.com.es\/index.php\/wp-json\/wp\/v2\/product\/10370","targetHints":{"allow":["GET"]}}],"collection":[{"href":"https:\/\/rockkofertas.com.es\/index.php\/wp-json\/wp\/v2\/product"}],"about":[{"href":"https:\/\/rockkofertas.com.es\/index.php\/wp-json\/wp\/v2\/types\/product"}],"replies":[{"embeddable":true,"href":"https:\/\/rockkofertas.com.es\/index.php\/wp-json\/wp\/v2\/comments?post=10370"}],"wp:featuredmedia":[{"embeddable":true,"href":"https:\/\/rockkofertas.com.es\/index.php\/wp-json\/wp\/v2\/media\/10369"}],"wp:attachment":[{"href":"https:\/\/rockkofertas.com.es\/index.php\/wp-json\/wp\/v2\/media?parent=10370"}],"wp:term":[{"taxonomy":"product_cat","embeddable":true,"href":"https:\/\/rockkofertas.com.es\/index.php\/wp-json\/wp\/v2\/product_cat?post=10370"},{"taxonomy":"product_tag","embeddable":true,"href":"https:\/\/rockkofertas.com.es\/index.php\/wp-json\/wp\/v2\/product_tag?post=10370"}],"curies":[{"name":"wp","href":"https:\/\/api.w.org\/{rel}","templated":true}]}}