{"id":10366,"date":"2026-04-14T16:00:41","date_gmt":"2026-04-14T16:00:41","guid":{"rendered":"https:\/\/rockkofertas.com.es\/index.php\/producto\/b0dl5vndt4\/"},"modified":"2026-04-14T16:00:41","modified_gmt":"2026-04-14T16:00:41","slug":"b0dl5vndt4","status":"publish","type":"product","link":"https:\/\/rockkofertas.com.es\/index.php\/producto\/b0dl5vndt4\/","title":{"rendered":"B0DL5VNDT4"},"content":{"rendered":"<p>&#8211; F\u00e1cil de montar: el organizador de armario extra\u00edble se ve bien y es f\u00e1cil de montar, todas las herramientas necesarias est\u00e1n incluidas. Los topes en la parte inferior evitan que los cajones se deslicen completamente.<br \/>\n&#8211; Altura ajustable: los organizadores de cocina cuentan con un dise\u00f1o pr\u00e1ctico, la altura es ajustable para que puedas elegir la altura que se adapte a tu espacio debajo del fregadero o armario. Dimensiones montadas: 29 x 37,5 x 41-49 cm. Toma las medidas antes de realizar el pedido.<br \/>\n&#8211; Ahorro de espacio:Este estante cabe en el armario muy bien sostiene muchas cosas simplemente sacarlo y no tener que pasar tiempo buscando para obtener cosas de la parte posterior del armario, todo est\u00e1 al alcance.<br \/>\n&#8211; Estable y resistente: estos cajones son muy resistentes y est\u00e1n hechos de metal. Este juego de metal es mucho mejor que los de pl\u00e1stico cuyos cajones son m\u00e1s dif\u00edciles de abrir y cerrar cuando el contenido es pesado.<br \/>\n&#8211; Organizador multiusos: se puede utilizar como almacenamiento de art\u00edculos de tocador de ba\u00f1o, estante de especias de cocina o almacenamiento de lavander\u00eda. La zona inferior puede contener art\u00edculos m\u00e1s altos o pesados, y puedes mantener los art\u00edculos utilizados todos los d\u00edas en la cesta superior.<\/p>\n","protected":false},"excerpt":{"rendered":"<p>YunNasi Organizador de Cocina Almacenamiento bajo Fregadero de Metal Organizador 2 Niveles Extra\u00edble Estante para Especias (Blanco, Modelo-A)<br \/>\n#Publicidad <span class=\"read-more\"><a class=\"more-link btn btn-transparent\" href=\"https:\/\/rockkofertas.com.es\/index.php\/producto\/b0dl5vndt4\/\">Leer m\u00e1s&#8230;<\/a><\/span><\/p>\n","protected":false},"featured_media":10365,"comment_status":"open","ping_status":"closed","template":"","meta":[],"product_cat":[15],"product_tag":[],"class_list":{"0":"post-10366","1":"product","2":"type-product","3":"status-publish","4":"has-post-thumbnail","6":"product_cat-sin-categorizar","8":"first","9":"instock","10":"shipping-taxable","11":"product-type-external"},"_links":{"self":[{"href":"https:\/\/rockkofertas.com.es\/index.php\/wp-json\/wp\/v2\/product\/10366","targetHints":{"allow":["GET"]}}],"collection":[{"href":"https:\/\/rockkofertas.com.es\/index.php\/wp-json\/wp\/v2\/product"}],"about":[{"href":"https:\/\/rockkofertas.com.es\/index.php\/wp-json\/wp\/v2\/types\/product"}],"replies":[{"embeddable":true,"href":"https:\/\/rockkofertas.com.es\/index.php\/wp-json\/wp\/v2\/comments?post=10366"}],"wp:featuredmedia":[{"embeddable":true,"href":"https:\/\/rockkofertas.com.es\/index.php\/wp-json\/wp\/v2\/media\/10365"}],"wp:attachment":[{"href":"https:\/\/rockkofertas.com.es\/index.php\/wp-json\/wp\/v2\/media?parent=10366"}],"wp:term":[{"taxonomy":"product_cat","embeddable":true,"href":"https:\/\/rockkofertas.com.es\/index.php\/wp-json\/wp\/v2\/product_cat?post=10366"},{"taxonomy":"product_tag","embeddable":true,"href":"https:\/\/rockkofertas.com.es\/index.php\/wp-json\/wp\/v2\/product_tag?post=10366"}],"curies":[{"name":"wp","href":"https:\/\/api.w.org\/{rel}","templated":true}]}}