{"id":10362,"date":"2026-04-14T10:39:20","date_gmt":"2026-04-14T10:39:20","guid":{"rendered":"https:\/\/rockkofertas.com.es\/index.php\/producto\/b0f9w9fz6m\/"},"modified":"2026-04-14T10:39:20","modified_gmt":"2026-04-14T10:39:20","slug":"b0f9w9fz6m","status":"publish","type":"product","link":"https:\/\/rockkofertas.com.es\/index.php\/producto\/b0f9w9fz6m\/","title":{"rendered":"B0F9W9FZ6M"},"content":{"rendered":"<p>&#8211; \u3010Airstyler Multifunci\u00f3n\u3011El set profesional de cepillo de aire caliente con alisador incluye cinco accesorios intercambiables para rizar, secar, alisar y modelar el cabello. El cepillo rizador ovalado de este airstyler cuenta con revestimiento cer\u00e1mico y cerdas pulidas sedosas, previene los enredos, le da volumen y brillo al cabello y garantiza una textura ligera y fresca. El revestimiento cer\u00e1mico calienta el cabello de forma m\u00e1s uniforme y r\u00e1pida para un efecto de peinado \u00f3ptimo.<br \/>\n&#8211; \u30103 Niveles de Temp. &amp; Secado R\u00e1pido\u3011Este set de airstyler est\u00e1 equipado con un motor de alta velocidad. El potente flujo de aire acelera el secado y reduce el tiempo de calentamiento, mejorando as\u00ed el brillo y la resistencia del cabello. Los 3 niveles de temperatura se adaptan a diferentes tipos de cabello: baja temp.: ideal para cabello fino y suave; temp. media: para cabello normal; alta temp.: para cabello grueso y r\u00fastico. La potente funci\u00f3n de secador se combina con la de alisado: puedes modelar el cabello liso mientras lo secas y ahorrar mucho tiempo.<br \/>\n&#8211; \u3010Iones Negativos &amp; Calentamiento 360\u00b0\u3011Este set de secador utiliza revestimiento cer\u00e1mico para un calentamiento constante y uniforme. Durante el secado se liberan miles de millones de iones negativos, que alisan el cabello y mejoran su brillo y solidez. Adem\u00e1s, la cabeza del cepillo secador tiene una salida de aire de 360\u00b0, el calor penetra r\u00e1pidamente y uniformemente en el cabello, acelerando el secado de adentro hacia afuera y ayudando a mantener el cabello sano y brillante.<br \/>\n&#8211; \u3010Flexible &amp; Ligero\u3011El dise\u00f1o del cable giratorio 360\u00b0 evita el enredamiento de los hilos y aumenta la flexibilidad de uso. Las dos velocidades de ventilaci\u00f3n y tres regulaciones de temperatura de este peine alisador son ajustables manualmente, permitiendo una configuraci\u00f3n precisa del nivel deseado para evitar errores de temperatura. El cuerpo compacto y los accesorios son ligeros incluso para ni\u00f1os. El mango ergon\u00f3mico se adapta a la mano de la mayor\u00eda de las personas y ofrece el m\u00e1ximo confort y facilidad de uso.<br \/>\n&#8211; \u3010F\u00e1cil de Instalar &amp; Limpiar\u3011Este set de airstyler para alisar el cabello es sencillo de usar y limpiar, incluso los accesorios incluidos se montan y desmontan con facilidad. La cabeza de repuesto del cepillo tiene un dise\u00f1o de ranura para su fijaci\u00f3n, lo que evita que la cabeza del accesorio se desprenda f\u00e1cilmente. El elegante empaque es perfecto para ocasiones como Navidad, cumplea\u00f1os y aniversarios, y es un gran regalo para amigos, familia y seres queridos.<\/p>\n","protected":false},"excerpt":{"rendered":"<p>Anluomafuy Cepillo de Aire Caliente, Air Styler 5 en 1, Cepillo Alisador Pelo, Cepillo Secador de Pelo, 5 Cabezales Intercambiables, 3 Temperaturas, Peinados R\u00e1pidos, para Seca Alisa (Oro blanco)<br \/>#Publicidad <span class=\"read-more\"><a class=\"more-link btn btn-transparent\" href=\"https:\/\/rockkofertas.com.es\/index.php\/producto\/b0f9w9fz6m\/\">Leer m\u00e1s&#8230;<\/a><\/span><\/p>\n","protected":false},"featured_media":10361,"comment_status":"open","ping_status":"closed","template":"","meta":[],"product_cat":[15],"product_tag":[],"class_list":{"0":"post-10362","1":"product","2":"type-product","3":"status-publish","4":"has-post-thumbnail","6":"product_cat-sin-categorizar","8":"first","9":"instock","10":"shipping-taxable","11":"product-type-external"},"_links":{"self":[{"href":"https:\/\/rockkofertas.com.es\/index.php\/wp-json\/wp\/v2\/product\/10362","targetHints":{"allow":["GET"]}}],"collection":[{"href":"https:\/\/rockkofertas.com.es\/index.php\/wp-json\/wp\/v2\/product"}],"about":[{"href":"https:\/\/rockkofertas.com.es\/index.php\/wp-json\/wp\/v2\/types\/product"}],"replies":[{"embeddable":true,"href":"https:\/\/rockkofertas.com.es\/index.php\/wp-json\/wp\/v2\/comments?post=10362"}],"wp:featuredmedia":[{"embeddable":true,"href":"https:\/\/rockkofertas.com.es\/index.php\/wp-json\/wp\/v2\/media\/10361"}],"wp:attachment":[{"href":"https:\/\/rockkofertas.com.es\/index.php\/wp-json\/wp\/v2\/media?parent=10362"}],"wp:term":[{"taxonomy":"product_cat","embeddable":true,"href":"https:\/\/rockkofertas.com.es\/index.php\/wp-json\/wp\/v2\/product_cat?post=10362"},{"taxonomy":"product_tag","embeddable":true,"href":"https:\/\/rockkofertas.com.es\/index.php\/wp-json\/wp\/v2\/product_tag?post=10362"}],"curies":[{"name":"wp","href":"https:\/\/api.w.org\/{rel}","templated":true}]}}